{"id":21137,"date":"2023-01-16T14:13:21","date_gmt":"2023-01-16T14:13:21","guid":{"rendered":"https:\/\/factory.sale\/product\/hr-2006-electric-bicycle\/"},"modified":"2024-06-25T14:02:42","modified_gmt":"2024-06-25T14:02:42","slug":"hr-2006-elektriline-jalgratas","status":"publish","type":"product","link":"https:\/\/factory.sale\/et\/toode\/hr-2006-elektriline-jalgratas\/","title":{"rendered":"HR-2006 Elektriline jalgratas"},"content":{"rendered":"<p>Toote nimi 20-tolline laiaulatuslik lumega \u00f5hkrehvid kokkupandav elektrijalgratas<br \/>\nMudelinumber HR-2006<br \/>\nToote kaal 30 kg<br \/>\nPakendatud kaal 35 kg<br \/>\nSuurus (lahtivolditud) LWH 173*53*12,4 CM<br \/>\nSuurus (volditud) LWH 100,5*44*71,5 CM<br \/>\nPakendi suurus LWH 101*48*71 CM<br \/>\nMootori t\u00fc\u00fcp Harjadeta alalisvoolumootor<br \/>\nMootori v\u00f5imsus 350 W<br \/>\nMootori tippv\u00f5imsus 500 W<br \/>\nAkuelemendi t\u00fc\u00fcp 18650<br \/>\nAku pinge 36 V, 10 Ah<br \/>\nAku mahutavus 360 Wh<br \/>\nLaadija parameetrid 42V 1,5A<br \/>\nLaadija pinge 110V~220V 50-60Hz<br \/>\nLaadimisaeg Umbes 5 tundi<br \/>\nVahemaa 50 km<br \/>\nRehv 20 tolli *4,0 Laiendatud lumega \u00f5hkrehvid<br \/>\nPidurid eesmised ja tagumised ketaspidurid<br \/>\nVedrustus Esi topeltvedrustus<br \/>\nRatturi kaalupiirang 150 KG<br \/>\nMax kiirus 25 km\/h<br \/>\nRonimisnurk 15\u00b0<br \/>\nEsilatern JAH<br \/>\nled tagalamp EI<br \/>\nMOBIILIRAKENDUS EI<br \/>\nT\u00f6\u00f6temp. -10 \u2103 &#8211; 40 \u2103<br \/>\nS\u00e4ilitustemp. -20 \u2103 &#8211; 45 \u2103<br \/>\nVeekindel klass IP54<br \/>\nMaterjal Alumiiniumisulam<br \/>\nTarvikud Laadija, Kasutusjuhend, T\u00f6\u00f6riistad<br \/>\nSertifitseerimine CE, ROHS, FCC, MSDS, UN38.3<\/p>\n<p>Tarneaeg on tavaliselt 15-40 t\u00f6\u00f6p\u00e4eva<\/p>\n<p>Garantii: 1-aastane t\u00e4ielik garantii mootorile ja emaplaadile, pool aastat akule<\/p>\n","protected":false},"excerpt":{"rendered":"<p>See on elektrijalgratas. Sellel on laetav aku, mis toidab selle mootorit, nii et saate v\u00e4hema pingutusega kaugemale ja kiiremini s\u00f5ita.<\/p>\n","protected":false},"featured_media":21118,"comment_status":"open","ping_status":"closed","template":"","meta":{"_acf_changed":false},"factory":[],"free-shipment":[],"product_brand":[],"product_cat":[738,739],"product_tag":[2088],"class_list":{"0":"post-21137","1":"product","2":"type-product","3":"status-publish","4":"has-post-thumbnail","6":"product_cat-elektrilised-liikurid","7":"product_cat-transport","8":"product_tag-ebike-et","10":"first","11":"instock","12":"sale","13":"taxable","14":"shipping-taxable","15":"purchasable","16":"product-type-simple"},"acf":[],"_links":{"self":[{"href":"https:\/\/factory.sale\/et\/wp-json\/wp\/v2\/product\/21137","targetHints":{"allow":["GET"]}}],"collection":[{"href":"https:\/\/factory.sale\/et\/wp-json\/wp\/v2\/product"}],"about":[{"href":"https:\/\/factory.sale\/et\/wp-json\/wp\/v2\/types\/product"}],"replies":[{"embeddable":true,"href":"https:\/\/factory.sale\/et\/wp-json\/wp\/v2\/comments?post=21137"}],"wp:featuredmedia":[{"embeddable":true,"href":"https:\/\/factory.sale\/et\/wp-json\/wp\/v2\/media\/21118"}],"wp:attachment":[{"href":"https:\/\/factory.sale\/et\/wp-json\/wp\/v2\/media?parent=21137"}],"wp:term":[{"taxonomy":"factory","embeddable":true,"href":"https:\/\/factory.sale\/et\/wp-json\/wp\/v2\/factory?post=21137"},{"taxonomy":"free-shipment","embeddable":true,"href":"https:\/\/factory.sale\/et\/wp-json\/wp\/v2\/free-shipment?post=21137"},{"taxonomy":"product_brand","embeddable":true,"href":"https:\/\/factory.sale\/et\/wp-json\/wp\/v2\/product_brand?post=21137"},{"taxonomy":"product_cat","embeddable":true,"href":"https:\/\/factory.sale\/et\/wp-json\/wp\/v2\/product_cat?post=21137"},{"taxonomy":"product_tag","embeddable":true,"href":"https:\/\/factory.sale\/et\/wp-json\/wp\/v2\/product_tag?post=21137"}],"curies":[{"name":"wp","href":"https:\/\/api.w.org\/{rel}","templated":true}]}}