{"id":2096,"date":"2020-05-25T11:32:36","date_gmt":"2020-05-25T11:32:36","guid":{"rendered":"https:\/\/factory.sale\/?post_type=product&#038;p=2096"},"modified":"2024-07-07T09:33:05","modified_gmt":"2024-07-07T09:33:05","slug":"eta-700-desinfitseeriv-puhastusaine-10-l","status":"publish","type":"product","link":"https:\/\/factory.sale\/et\/toode\/eta-700-desinfitseeriv-puhastusaine-10-l\/","title":{"rendered":"Eta 700 Desinfitseeriv puhastusaine 10 L"},"content":{"rendered":"<p>Etanoolip\u00f5hine puhastusaine pindade ja seadmete igap\u00e4evaseks desinfitseerimiseks.<\/p>\n<p><strong>Rakendused<\/strong><\/p>\n<p>Toiduainet\u00f6\u00f6stuses kasutatavate pindade ja seadmete igap\u00e4evaseks desinfitseerimiseks.<\/p>\n<p><strong>Toote omadused<\/strong><\/p>\n<p>Kasutusvalmis;<br \/>\nAurustub pindadelt. Ei j\u00e4ta j\u00e4\u00e4ke;<br \/>\nEi j\u00e4ta pindasid h\u00e4guseks;<br \/>\nH\u00e4vitab t\u00f5husalt bakterid, p\u00e4rmiseened, hallitusseened ja enamiku viirustest;<br \/>\nLahustab pindadel olevad rasvad.<\/p>\n<p><strong>Kasutusjuhend<\/strong><\/p>\n<p>Pihustage puhastele pindadele v\u00f5i kasutage pindade p\u00fchkimiseks lahjendamata ETA 700 lahust. Toode<br \/>\naurustub ega j\u00e4ta mingeid j\u00e4\u00e4ke ning seda ei pea maha loputama, kui pind on enne t\u00f6\u00f6tlemist kuiv.<br \/>\nSoovitatav doseerimine: Kasutada lahjendamata kujul.<\/p>\n<p><strong>M\u00e4rkus<\/strong><\/p>\n<p>Registreerimistunnistus nr 1005\/12.V\u00e4ga tuleohtlik. Pidage silmas biotsiidide ohutut kasutamist. Enne kasutamist lugege alati toote etiketti ja ohutuskaarti<\/p>\n<p><strong>Koostis<\/strong><\/p>\n<table>\n<tbody>\n<tr>\n<td width=\"301\">Toimeaine<\/td>\n<td width=\"301\">Time<\/td>\n<\/tr>\n<tr>\n<td width=\"301\">Denatureeritud etanool 70%<\/td>\n<td width=\"301\">Desinfitseeriv<\/td>\n<\/tr>\n<tr>\n<td width=\"301\">Lisaaine &lt; 1 %<\/td>\n<td width=\"301\">Puhverdav toime<\/td>\n<\/tr>\n<\/tbody>\n<\/table>\n<p><strong>Toote pH<\/strong><\/p>\n<p>8.0 Neutraalne<\/p>\n<p><strong>T\u00f6\u00f6lahuse pH<\/strong><\/p>\n<p>8.0 Neutraalne<\/p>\n<p><strong>S\u00e4ilitamine<\/strong><\/p>\n<p>Hoiustada jahedas ja kuivas (temperatuuril \u00fcle 3 \u00b0C).<\/p>\n<p><strong>V\u00e4limus ja l\u00f5hn<\/strong><\/p>\n<p>L\u00e4bipaistev v\u00e4rvitu vedelik. Etanooli l\u00f5hnaga.<\/p>\n<p><strong>Tootjariik<\/strong><\/p>\n<p>SOOME<\/p>\n<p><strong>Kasutamise ja keskkonna ohutus<\/strong><\/p>\n<p>Puhtaid t\u00fchje pakendeid on v\u00f5imalik keskkonna hoidmiseks uuesti ringlusse v\u00f5tta v\u00f5i kasutada<br \/>\nenergiatootmises<\/p>\n","protected":false},"excerpt":{"rendered":"<h4 class=\"market-name\">Desinfitseeriv puhastusaine<\/h4>\n<p>Etanoolip\u00f5hine puhastusaine pindade ja seadmete igap\u00e4evaseks desinfitseerimiseks.<\/p>\n<h4>Rakendused<\/h4>\n<p>Toiduainet\u00f6\u00f6stuses kasutatavate pindade ja seadmete igap\u00e4evaseks desinfitseerimiseks.<\/p>\n<p class=\"ph\">pH 8<\/p>\n<h4>Toote omadused<\/h4>\n<ul>\n<li>Kasutusvalmis.<\/li>\n<li>Aurustub pindadelt. Ei j\u00e4ta j\u00e4\u00e4ke.<\/li>\n<li>Ei j\u00e4ta pindasid h\u00e4guseks.<\/li>\n<li>H\u00e4vitab t\u00f5husalt bakterid, p\u00e4rmiseened, hallitusseened ja enamiku viirustest.<\/li>\n<li>Lahustab pindadel olevad rasvad.<\/li>\n<\/ul>\n","protected":false},"featured_media":1975,"comment_status":"open","ping_status":"closed","template":"","meta":{"_acf_changed":false},"factory":[],"free-shipment":[],"product_brand":[],"product_cat":[232],"product_tag":[],"class_list":{"0":"post-2096","1":"product","2":"type-product","3":"status-publish","4":"has-post-thumbnail","6":"product_cat-desinfitseerimisvahendid-ja-enesehugieen","8":"first","9":"instock","10":"sale","11":"taxable","12":"shipping-taxable","13":"purchasable","14":"product-type-simple"},"acf":[],"_links":{"self":[{"href":"https:\/\/factory.sale\/et\/wp-json\/wp\/v2\/product\/2096","targetHints":{"allow":["GET"]}}],"collection":[{"href":"https:\/\/factory.sale\/et\/wp-json\/wp\/v2\/product"}],"about":[{"href":"https:\/\/factory.sale\/et\/wp-json\/wp\/v2\/types\/product"}],"replies":[{"embeddable":true,"href":"https:\/\/factory.sale\/et\/wp-json\/wp\/v2\/comments?post=2096"}],"wp:featuredmedia":[{"embeddable":true,"href":"https:\/\/factory.sale\/et\/wp-json\/wp\/v2\/media\/1975"}],"wp:attachment":[{"href":"https:\/\/factory.sale\/et\/wp-json\/wp\/v2\/media?parent=2096"}],"wp:term":[{"taxonomy":"factory","embeddable":true,"href":"https:\/\/factory.sale\/et\/wp-json\/wp\/v2\/factory?post=2096"},{"taxonomy":"free-shipment","embeddable":true,"href":"https:\/\/factory.sale\/et\/wp-json\/wp\/v2\/free-shipment?post=2096"},{"taxonomy":"product_brand","embeddable":true,"href":"https:\/\/factory.sale\/et\/wp-json\/wp\/v2\/product_brand?post=2096"},{"taxonomy":"product_cat","embeddable":true,"href":"https:\/\/factory.sale\/et\/wp-json\/wp\/v2\/product_cat?post=2096"},{"taxonomy":"product_tag","embeddable":true,"href":"https:\/\/factory.sale\/et\/wp-json\/wp\/v2\/product_tag?post=2096"}],"curies":[{"name":"wp","href":"https:\/\/api.w.org\/{rel}","templated":true}]}}