{"id":20797,"date":"2023-01-14T12:01:44","date_gmt":"2023-01-14T16:32:53","guid":{"rendered":"https:\/\/factory.sale\/?post_type=product&#038;p=20797"},"modified":"2024-07-11T12:13:23","modified_gmt":"2024-07-11T09:13:23","slug":"resysta-composite-dkg125-22-terrassiprofiil-124-mm-x-21-mm","status":"publish","type":"product","link":"https:\/\/factory.sale\/et\/toode\/resysta-composite-dkg125-22-terrassiprofiil-124-mm-x-21-mm\/","title":{"rendered":"Resysta Composite DKG125.22, terrassiprofiil 124 mm x 21 mm"},"content":{"rendered":"<p><strong>Resysta kohta:<\/strong><\/p>\n<p>&#8211; ilmastikukindel, UV-kindel, ei halliks, ei m\u00e4dane<br \/>\n&#8211; v\u00e4rvi- ja pinnakindel, ei pragune, ei vaja aegan\u00f5udvat remonti, lihvimist ja v\u00e4rvimist, ei pind ketendust<br \/>\n&#8211; kergesti hooldatav ja vastupidav<br \/>\n&#8211; vastupidavusklass 1 seenhaiguste vastu<br \/>\n&#8211; lihtne paigaldamine<br \/>\n&#8211; j\u00e4tkusuutlik ja taaskasutatav<\/p>\n<p>Juba t\u00e4na vastab Resysta homsetele tehnilistele ja \u00f6koloogilistele n\u00f5udmistele. T\u00e4nu Resysta pakutavale suurele vastupidavusele ja j\u00e4tkusuutlikkusele on v\u00f5imalikud t\u00e4iesti uued rakendused. Kiududega tugevdatud h\u00fcbriidmaterjali toodetakse u. 60% riisikestad, u. 22% keedusoola ja u. 18% mineraal\u00f5li, mis muudab selle nii keskkonnas\u00f5bralikuks kui ka \u00e4\u00e4rmiselt ilmastikukindlaks p\u00e4ikese, vihma, lume v\u00f5i soolase vee suhtes. Samal ajal n\u00f5uab Resysta minimaalset hooldust ning pakub puidule omast v\u00e4limust ja tunnet. Puidu v\u00e4limusega veekindlad pinnad on Resysta tulevik.<\/p>\n<p>K\u00f5ik, kes puiduga t\u00f6\u00f6tavad, on Resystast vaimustuses. Sarnaselt naturaalsele mudelile saab seda saagida, puurida, v\u00e4rvida, lihvida v\u00f5i \u00f5litada. Siiski on \u00fcks otsustav eelis: Resysta ei pragune ega kildu ning selle l\u00f5ikej\u00e4\u00e4tmed on 100% taaskasutatavad. Resysta erinevaid profiile saab kasutada paljude rakenduste jaoks.<\/p>\n<p>&nbsp;<\/p>\n<p>&nbsp;<\/p>\n<h3>KATMATA PROFIILID (AINULT LIHVITUD, HARJATUD V\u00d5I RIFELDATUD)<\/h3>\n<p><strong>1. Tootekood: DKG125.22S<\/strong><\/p>\n<p>M\u00f5\u00f5dud: 124 mm x 21 mm<\/p>\n<p>Kaal: 2,50 kg\/rm<\/p>\n<p>Pinnat\u00f6\u00f6tlus: lihvitud<\/p>\n<p><strong>Hind jooksva meetri kohta\/m1 \u2013 14,51 EUR (ilma k\u00e4ibemaksuta)<\/strong><\/p>\n<p><strong>m2 hind &#8211; 116,12 EUR (ilma k\u00e4ibemaksuta)<\/strong><\/p>\n<p>&nbsp;<\/p>\n<p>&nbsp;<\/p>\n<p><strong>2. Tootekood: DKG125.22SR<\/strong><\/p>\n<p>M\u00f5\u00f5dud: 124 mm x 21 mm<\/p>\n<p>Kaal: 2,50 kg\/rm<\/p>\n<p>Pinnat\u00f6\u00f6tlus: lihvitud ja rifeldatud<\/p>\n<p><strong>Hind jooksva meetri kohta\/m1 &#8211; 14,60 EUR (ilma k\u00e4ibemaksuta)<\/strong><\/p>\n<p><strong>m2 hind &#8211; 116,81 EUR (ilma k\u00e4ibemaksuta)<\/strong><\/p>\n<p>&nbsp;<\/p>\n<p>&nbsp;<\/p>\n<p><strong>3. Tootekood: DKG125.22SZ<\/strong><\/p>\n<p>M\u00f5\u00f5dud: 124 mm x 21 mm<\/p>\n<p>Kaal: 2,50 kg\/rm<\/p>\n<p>Pinnat\u00f6\u00f6tlus: lihvitud ja harjatud<\/p>\n<p><strong>Hind jooksva meetri kohta\/m1 &#8211; 14,78 EUR (ilma k\u00e4ibemaksuta)<\/strong><\/p>\n<p><strong>m2 hind &#8211; 118,20 EUR (ilma k\u00e4ibemaksuta)<\/strong><\/p>\n<p>&nbsp;<\/p>\n<h3>PROFIILID T\u00d6\u00d6DELDUD JA KAETUD FVG&amp;RFS-iga<\/h3>\n<p><strong>4. Tootekood: DKG125.22S\/FVG\/RFS<\/strong><\/p>\n<p>M\u00f5\u00f5dud: 124 mm x 21 mm<\/p>\n<p>Kaal: 2,50 kg\/rm<\/p>\n<p>Pinnat\u00f6\u00f6tlus: lihvitud, kaetud FVG&amp;RFS-iga<\/p>\n<p><strong>Hind jooksva meetri kohta\/m1 -17.19 EUR (ilma k\u00e4ibemaksuta)<\/strong><\/p>\n<p><strong>m2 hind &#8211; 137.51 EUR (ilma k\u00e4ibemaksuta)<\/strong><\/p>\n<p>&nbsp;<\/p>\n<p>&nbsp;<\/p>\n<p><strong>5. Tootekood: DKG125.22SR\/FVG\/RFS<\/strong><\/p>\n<p>M\u00f5\u00f5dud: 124 mm x 21 mm<\/p>\n<p>Kaal: 2,50 kg\/rm<\/p>\n<p>Pinnat\u00f6\u00f6tlus: lihvitud ja riffliga kaetud FVG&amp;RFS-iga<\/p>\n<p><strong>Hind jooksva meetri kohta\/m1 -17.28 EUR (ilma k\u00e4ibemaksuta)<\/strong><\/p>\n<p><strong>m2 hind &#8211; 138.23 EUR (ilma k\u00e4ibemaksuta)<\/strong><\/p>\n<p>&nbsp;<\/p>\n<p>&nbsp;<\/p>\n<p>&nbsp;<\/p>\n<p><strong>6. Tootekood:\u00a0DKG125.22SZ\/FVG\/RFS<\/strong><\/p>\n<p>M\u00f5\u00f5dud: 124 mm x 21 mm<\/p>\n<p>Kaal: 2,50 kg\/rm<\/p>\n<p>Pinnat\u00f6\u00f6tlus: lihvitud ja harjatud, kaetud FVG&amp;RFS-iga<\/p>\n<p><strong>Hind jooksva meetri kohta\/m1 -17.46 EUR (ilma k\u00e4ibemaksuta)<\/strong><\/p>\n<p><strong>m2 hind &#8211; 139.67 EUR (ilma k\u00e4ibemaksuta)<\/strong><\/p>\n<p>&nbsp;<\/p>\n<h3>Saadaval tarvikud<\/h3>\n<p><strong>1. Tootekood: klipi t\u00fc\u00fcp \u201eT\u201d<\/strong><\/p>\n<p>DKG t\u00fc\u00fcpi profiil paigaldamiseks<\/p>\n<p>Vajalik kogus 1m2 kohta: ~33 tk.<\/p>\n<p>Pakend: 100 tk.<\/p>\n<p><strong>Hind 15,33 EUR (ilma k\u00e4ibemaksuta)<\/strong><\/p>\n<p>&nbsp;<\/p>\n<p><strong>2. Tootekood: DKG Starting Clip<\/strong><\/p>\n<p>DKG starting clip<\/p>\n<p>Pakend: String kott<\/p>\n<p><strong>Hind 0,47 EUR (ilma k\u00e4ibemaksuta)<\/strong><\/p>\n<p>&nbsp;<\/p>\n<p><strong>3. Tootekood: T-klambri kruvid<\/strong><\/p>\n<p>Kruvid &#8220;T&#8221; klambri jaoks, 3,5x30mm,<\/p>\n<p>Roostevaba teras<\/p>\n<p>Pakend: 100 tk.<\/p>\n<p><strong>Hind 5,33 EUR (ilma k\u00e4ibemaksuta)<\/strong><\/p>\n","protected":false},"excerpt":{"rendered":"<p>K\u00f5ik, kes puiduga t\u00f6\u00f6tavad, on Resystast vaimustuses. Sarnaselt naturaalsele mudelile saab seda saagida, puurida, v\u00e4rvida, lihvida v\u00f5i \u00f5litada. Siiski on \u00fcks otsustav eelis: Resysta ei pragune ega kildu ning selle l\u00f5ikej\u00e4\u00e4tmed on 100% taaskasutatavad. Resysta erinevaid profiile saab kasutada paljude rakenduste jaoks.<\/p>\n<p>&nbsp;<\/p>\n","protected":false},"featured_media":20751,"comment_status":"open","ping_status":"closed","template":"","meta":{"_acf_changed":false},"factory":[],"free-shipment":[],"product_brand":[],"product_cat":[2017,1604],"product_tag":[],"class_list":{"0":"post-20797","1":"product","2":"type-product","3":"status-publish","4":"has-post-thumbnail","6":"product_cat-komposiitpuit","7":"product_cat-puit","9":"first","10":"instock","11":"sale","12":"taxable","13":"shipping-taxable","14":"purchasable","15":"product-type-simple"},"acf":[],"_links":{"self":[{"href":"https:\/\/factory.sale\/et\/wp-json\/wp\/v2\/product\/20797","targetHints":{"allow":["GET"]}}],"collection":[{"href":"https:\/\/factory.sale\/et\/wp-json\/wp\/v2\/product"}],"about":[{"href":"https:\/\/factory.sale\/et\/wp-json\/wp\/v2\/types\/product"}],"replies":[{"embeddable":true,"href":"https:\/\/factory.sale\/et\/wp-json\/wp\/v2\/comments?post=20797"}],"wp:featuredmedia":[{"embeddable":true,"href":"https:\/\/factory.sale\/et\/wp-json\/wp\/v2\/media\/20751"}],"wp:attachment":[{"href":"https:\/\/factory.sale\/et\/wp-json\/wp\/v2\/media?parent=20797"}],"wp:term":[{"taxonomy":"factory","embeddable":true,"href":"https:\/\/factory.sale\/et\/wp-json\/wp\/v2\/factory?post=20797"},{"taxonomy":"free-shipment","embeddable":true,"href":"https:\/\/factory.sale\/et\/wp-json\/wp\/v2\/free-shipment?post=20797"},{"taxonomy":"product_brand","embeddable":true,"href":"https:\/\/factory.sale\/et\/wp-json\/wp\/v2\/product_brand?post=20797"},{"taxonomy":"product_cat","embeddable":true,"href":"https:\/\/factory.sale\/et\/wp-json\/wp\/v2\/product_cat?post=20797"},{"taxonomy":"product_tag","embeddable":true,"href":"https:\/\/factory.sale\/et\/wp-json\/wp\/v2\/product_tag?post=20797"}],"curies":[{"name":"wp","href":"https:\/\/api.w.org\/{rel}","templated":true}]}}