{"id":20784,"date":"2023-01-14T13:05:48","date_gmt":"2023-01-14T13:05:48","guid":{"rendered":"https:\/\/factory.sale\/product\/resysta-composite-cp140s-facade-profile-150-mm\/"},"modified":"2024-06-25T22:14:22","modified_gmt":"2024-06-25T22:14:22","slug":"resysta-komposiit-cp140s-fassaadiprofiil-150-mm","status":"publish","type":"product","link":"https:\/\/factory.sale\/et\/toode\/resysta-komposiit-cp140s-fassaadiprofiil-150-mm\/","title":{"rendered":"Resysta komposiit CP140S fassaadiprofiil 150 mm"},"content":{"rendered":"<p><strong>Tootekood: CP140S ja CP140SZ<\/strong><\/p>\n<p>Eesm\u00e4rk: fassaadid<br \/>\nPinnat\u00f6\u00f6tlus: lihvitud ja harjatud<br \/>\nKatte k\u00f5rgus (laius): 150 mm<br \/>\nKaal: 1,44 kg\/jm<br \/>\nV\u00e4rvid: mis tahes, vastavalt Resysta v\u00e4rvikaardile<\/p>\n<p>Kood: CP140S<\/p>\n<p><strong>Lihvitud jooksva meetri hind on 9.17 EUR (ei sisalda k\u00e4ibemaksu)<\/strong><\/p>\n<p><strong>Lihvitud m2 hind: 61.16 EUR (ei sisalda k\u00e4ibemaksu)<\/strong><\/p>\n<p>Kood: CP140SZ<\/p>\n<p><strong>Lihvitud ja harjatud jooksva meetri hind on 9.60 EUR (ei sisalda k\u00e4ibemaksu)<\/strong><\/p>\n<p><strong>Lihvitud ja harjatud m2 hind: 64.06 EUR (ei sisalda k\u00e4ibemaksu)<\/strong><\/p>\n<p>&nbsp;<\/p>\n<p><strong>Tootekood: CP140S\/FVG\/RFS ja CP140SZ\/FVG\/RFS<\/strong><\/p>\n<p>Eesm\u00e4rk: fassaadid<br \/>\nPinnat\u00f6\u00f6tlus: lihvitud ja harjatud, profiilid v\u00e4rvitakse FVG eriv\u00e4rvidega ja viimistletakse RFS lakiga.<br \/>\nKatte k\u00f5rgus (laius): 150 mm<br \/>\nKaal: 1,44 kg\/jm<br \/>\nV\u00e4rvid: mis tahes, vastavalt Resysta v\u00e4rvikaardile<\/p>\n<p>Kood: CP140S\/FVG\/RFS<\/p>\n<p><strong>Lihvitud jooksva meetri FVG&amp;RFS katte hind on 11.45 EUR (ei sisalda k\u00e4ibemaksu)<\/strong><\/p>\n<p><strong>Lihvitud FVG&amp;RFS m2 hind: 76.38 EUR (ei sisalda k\u00e4ibemaksu)<\/strong><\/p>\n<p>Kood: CP140SZ\/FVG\/RFS<\/p>\n<p><strong>Lihvitud ja harjatud jooksva meetri FVG&amp;RFS katte hind on 11.90 EUR (ei sisalda k\u00e4ibemaksu)<\/strong><\/p>\n<p><strong>Lihvitud ja harjatud FVG&amp;RFS m2 hind: 79.37 EUR (ei sisalda k\u00e4ibemaksu)<\/strong><\/p>\n<p>&nbsp;<\/p>\n<p>Aksessuaarid:<\/p>\n<p>CP kruvid &#8211; CP profiilide ja klambrite kruvid 3,5x30mm \/ Roostevaba teras (pakend 100 tk.) &#8211; 5.33 EUR<\/p>\n<p>CP stardiklamber &#8211; CP stardiklamber CP profiili paigaldamiseks (tk) &#8211; 0,47 EUR<\/p>\n<p>&nbsp;<\/p>\n<p><strong>Resysta kohta:<\/strong><\/p>\n<p>&#8211; ilmastikukindel, UV-kindel, ei halliks, ei m\u00e4dane<br \/>\n&#8211; v\u00e4rvi- ja pinnakindel, ei pragune, ei vaja aegan\u00f5udvat remonti, lihvimist ja v\u00e4rvimist, ei pind ketendust<br \/>\n&#8211; kergesti hooldatav ja vastupidav<br \/>\n&#8211; vastupidavusklass 1 seenhaiguste vastu<br \/>\n&#8211; lihtne paigaldamine<br \/>\n&#8211; j\u00e4tkusuutlik ja taaskasutatav<\/p>\n<p>Juba t\u00e4na vastab Resysta homsetele tehnilistele ja \u00f6koloogilistele n\u00f5udmistele. T\u00e4nu Resysta pakutavale suurele vastupidavusele ja j\u00e4tkusuutlikkusele on v\u00f5imalikud t\u00e4iesti uued rakendused. Kiududega tugevdatud h\u00fcbriidmaterjali toodetakse u. 60% riisikestad, u. 22% keedusoola ja u. 18% mineraal\u00f5li, mis muudab selle nii keskkonnas\u00f5bralikuks kui ka \u00e4\u00e4rmiselt ilmastikukindlaks p\u00e4ikese, vihma, lume v\u00f5i soolase vee suhtes. Samal ajal n\u00f5uab Resysta minimaalset hooldust ning pakub puidule omast v\u00e4limust ja tunnet. Puidu v\u00e4limusega veekindlad pinnad on Resysta tulevik.<\/p>\n<p>K\u00f5ik, kes puiduga t\u00f6\u00f6tavad, on Resystast vaimustuses. Sarnaselt naturaalsele mudelile saab seda saagida, puurida, v\u00e4rvida, lihvida v\u00f5i \u00f5litada. Siiski on \u00fcks otsustav eelis: Resysta ei pragune ega kildu ning selle l\u00f5ikej\u00e4\u00e4tmed on 100% taaskasutatavad. Resysta erinevaid profiile saab kasutada paljude rakenduste jaoks.<\/p>\n","protected":false},"excerpt":{"rendered":"<p>Anyone working with wood will be enthused about Resysta. Like its natural model, it can be sawn, drilled, painted, sanded, or oiled. However, there is one decisive advantage: Resysta does neither crack nor splinter, and its cutting wastes are 100% recyclable. The different profiles of Resysta can be used for many applications.<\/p>\n","protected":false},"featured_media":20781,"comment_status":"open","ping_status":"closed","template":"","meta":{"_acf_changed":false},"factory":[],"free-shipment":[],"product_brand":[],"product_cat":[2017,1604],"product_tag":[2028,2022,2053],"class_list":{"0":"post-20784","1":"product","2":"type-product","3":"status-publish","4":"has-post-thumbnail","6":"product_cat-komposiitpuit","7":"product_cat-puit","8":"product_tag-composite-et","9":"product_tag-resysta-et","10":"product_tag-resysta-composite-cp140s-et","12":"first","13":"instock","14":"sale","15":"taxable","16":"shipping-taxable","17":"purchasable","18":"product-type-simple"},"acf":[],"_links":{"self":[{"href":"https:\/\/factory.sale\/et\/wp-json\/wp\/v2\/product\/20784","targetHints":{"allow":["GET"]}}],"collection":[{"href":"https:\/\/factory.sale\/et\/wp-json\/wp\/v2\/product"}],"about":[{"href":"https:\/\/factory.sale\/et\/wp-json\/wp\/v2\/types\/product"}],"replies":[{"embeddable":true,"href":"https:\/\/factory.sale\/et\/wp-json\/wp\/v2\/comments?post=20784"}],"wp:featuredmedia":[{"embeddable":true,"href":"https:\/\/factory.sale\/et\/wp-json\/wp\/v2\/media\/20781"}],"wp:attachment":[{"href":"https:\/\/factory.sale\/et\/wp-json\/wp\/v2\/media?parent=20784"}],"wp:term":[{"taxonomy":"factory","embeddable":true,"href":"https:\/\/factory.sale\/et\/wp-json\/wp\/v2\/factory?post=20784"},{"taxonomy":"free-shipment","embeddable":true,"href":"https:\/\/factory.sale\/et\/wp-json\/wp\/v2\/free-shipment?post=20784"},{"taxonomy":"product_brand","embeddable":true,"href":"https:\/\/factory.sale\/et\/wp-json\/wp\/v2\/product_brand?post=20784"},{"taxonomy":"product_cat","embeddable":true,"href":"https:\/\/factory.sale\/et\/wp-json\/wp\/v2\/product_cat?post=20784"},{"taxonomy":"product_tag","embeddable":true,"href":"https:\/\/factory.sale\/et\/wp-json\/wp\/v2\/product_tag?post=20784"}],"curies":[{"name":"wp","href":"https:\/\/api.w.org\/{rel}","templated":true}]}}