{"id":20737,"date":"2023-01-14T10:53:25","date_gmt":"2023-01-14T10:53:25","guid":{"rendered":"https:\/\/factory.sale\/product\/resysta-composite-lkr38-25-chamber-profile-38mm-x-25mm-untreated\/"},"modified":"2024-06-28T02:57:53","modified_gmt":"2024-06-28T02:57:53","slug":"resysta-komposiit-lkr38-25-oonesprofiil-38mm-x-25mm-tootlemata","status":"publish","type":"product","link":"https:\/\/factory.sale\/et\/toode\/resysta-komposiit-lkr38-25-oonesprofiil-38mm-x-25mm-tootlemata\/","title":{"rendered":"Resysta komposiit LKR38.25 \u00f5\u00f5nesprofiil 38mm x 25mm t\u00f6\u00f6tlemata"},"content":{"rendered":"<p><strong>Tootekood: LKR38.25<\/strong><br \/>\nM\u00f5\u00f5dud: 38mm x 25mm<br \/>\nKaal: 1,10 kg\/jm<br \/>\nMaterjal: RESYSTA<br \/>\nPinnat\u00f6\u00f6tlus: t\u00f6\u00f6tlemata<br \/>\nEesm\u00e4rk: terrassid, fassaadid<\/p>\n<p><strong>Jooksva meetri (jm) hind on 5.85 EUR (ei sisalda k\u00e4ibemaksu)<\/strong><\/p>\n<p><strong>Ruutmeetri hind (m2) on 23.40 EUR (ei sisalda k\u00e4ibemaksu)<\/strong><\/p>\n<p><strong>Resysta kohta:<\/strong><\/p>\n<p>&#8211; ilmastikukindel, UV-kindel, ei halliks, ei m\u00e4dane<br \/>\n&#8211; v\u00e4rvi- ja pinnakindel, ei pragune, ei vaja aegan\u00f5udvat remonti, lihvimist ja v\u00e4rvimist, ei pind ketendust<br \/>\n&#8211; kergesti hooldatav ja vastupidav<br \/>\n&#8211; vastupidavusklass 1 seenhaiguste vastu<br \/>\n&#8211; lihtne paigaldamine<br \/>\n&#8211; j\u00e4tkusuutlik ja taaskasutatav<\/p>\n<p>Juba t\u00e4na vastab Resysta homsetele tehnilistele ja \u00f6koloogilistele n\u00f5udmistele. T\u00e4nu Resysta pakutavale suurele vastupidavusele ja j\u00e4tkusuutlikkusele on v\u00f5imalikud t\u00e4iesti uued rakendused. Kiududega tugevdatud h\u00fcbriidmaterjali toodetakse u. 60% riisikestad, u. 22% keedusoola ja u. 18% mineraal\u00f5li, mis muudab selle nii keskkonnas\u00f5bralikuks kui ka \u00e4\u00e4rmiselt ilmastikukindlaks p\u00e4ikese, vihma, lume v\u00f5i soolase vee suhtes. Samal ajal n\u00f5uab Resysta minimaalset hooldust ning pakub puidule omast v\u00e4limust ja tunnet. Puidu v\u00e4limusega veekindlad pinnad on Resysta tulevik.<\/p>\n<p>K\u00f5ik, kes puiduga t\u00f6\u00f6tavad, on Resystast vaimustuses. Sarnaselt naturaalsele mudelile saab seda saagida, puurida, v\u00e4rvida, lihvida v\u00f5i \u00f5litada. Siiski on \u00fcks otsustav eelis: Resysta ei pragune ega kildu ning selle l\u00f5ikej\u00e4\u00e4tmed on 100% taaskasutatavad. Resysta erinevaid profiile saab kasutada paljude rakenduste jaoks.<\/p>\n","protected":false},"excerpt":{"rendered":"<p>Anyone working with wood will be enthused about Resysta. Like its natural model, it can be sawn, drilled, painted, sanded, or oiled. However, there is one decisive advantage: Resysta does neither crack nor splinter, and its cutting wastes are 100% recyclable. The different profiles of Resysta can be used for many applications.<\/p>\n","protected":false},"featured_media":20733,"comment_status":"open","ping_status":"closed","template":"","meta":{"_acf_changed":false},"factory":[],"free-shipment":[],"product_brand":[],"product_cat":[2017,1604],"product_tag":[2028,2022],"class_list":{"0":"post-20737","1":"product","2":"type-product","3":"status-publish","4":"has-post-thumbnail","6":"product_cat-komposiitpuit","7":"product_cat-puit","8":"product_tag-composite-et","9":"product_tag-resysta-et","11":"first","12":"instock","13":"sale","14":"taxable","15":"shipping-taxable","16":"purchasable","17":"product-type-simple"},"acf":[],"_links":{"self":[{"href":"https:\/\/factory.sale\/et\/wp-json\/wp\/v2\/product\/20737","targetHints":{"allow":["GET"]}}],"collection":[{"href":"https:\/\/factory.sale\/et\/wp-json\/wp\/v2\/product"}],"about":[{"href":"https:\/\/factory.sale\/et\/wp-json\/wp\/v2\/types\/product"}],"replies":[{"embeddable":true,"href":"https:\/\/factory.sale\/et\/wp-json\/wp\/v2\/comments?post=20737"}],"wp:featuredmedia":[{"embeddable":true,"href":"https:\/\/factory.sale\/et\/wp-json\/wp\/v2\/media\/20733"}],"wp:attachment":[{"href":"https:\/\/factory.sale\/et\/wp-json\/wp\/v2\/media?parent=20737"}],"wp:term":[{"taxonomy":"factory","embeddable":true,"href":"https:\/\/factory.sale\/et\/wp-json\/wp\/v2\/factory?post=20737"},{"taxonomy":"free-shipment","embeddable":true,"href":"https:\/\/factory.sale\/et\/wp-json\/wp\/v2\/free-shipment?post=20737"},{"taxonomy":"product_brand","embeddable":true,"href":"https:\/\/factory.sale\/et\/wp-json\/wp\/v2\/product_brand?post=20737"},{"taxonomy":"product_cat","embeddable":true,"href":"https:\/\/factory.sale\/et\/wp-json\/wp\/v2\/product_cat?post=20737"},{"taxonomy":"product_tag","embeddable":true,"href":"https:\/\/factory.sale\/et\/wp-json\/wp\/v2\/product_tag?post=20737"}],"curies":[{"name":"wp","href":"https:\/\/api.w.org\/{rel}","templated":true}]}}