{"id":20726,"date":"2023-01-14T10:17:19","date_gmt":"2023-01-14T10:17:19","guid":{"rendered":"https:\/\/factory.sale\/product\/resysta-composite-lkr70-38s-chamber-profile-69mm-x-37mm\/"},"modified":"2024-06-28T02:14:46","modified_gmt":"2024-06-28T02:14:46","slug":"resysta-komposiit-lkr70-38s-oonesprofiil-69mm-x-37mm","status":"publish","type":"product","link":"https:\/\/factory.sale\/et\/toode\/resysta-komposiit-lkr70-38s-oonesprofiil-69mm-x-37mm\/","title":{"rendered":"Resysta komposiit LKR70.38S \u00f5\u00f5nesprofiil 69mm x 37mm"},"content":{"rendered":"<p><strong>Tootekood: LKR70.38S<\/strong><br \/>\nM\u00f5\u00f5dud: 69mm x 37mm<br \/>\nKaal: 1,60 kg\/jm<br \/>\nMaterjal: RESYSTA<br \/>\nPinnat\u00f6\u00f6tlus: lihvitud 4 k\u00fclge<br \/>\nV\u00e4rvid: mis tahes, vastavalt Resysta v\u00e4rvikaardile<br \/>\nEesm\u00e4rk: terrassid, fassaadid<\/p>\n<p><strong>Jooksva meetri (jm) hind on 9.82 EUR (ei sisalda k\u00e4ibemaksu)<\/strong><\/p>\n<p><strong>Ruutmeetri (m2) hind: 145.95 EUR (ei sisalda k\u00e4ibemaksu)<\/strong><\/p>\n<p>&nbsp;<\/p>\n<p><strong>Tootekood: LKR70.38<\/strong><br \/>\nM\u00f5\u00f5dud: 70mm x 38mm<br \/>\nKaal: 1,50 kg\/jm<br \/>\nMaterjal: RESYSTA<br \/>\nPinnat\u00f6\u00f6tlus: t\u00f6\u00f6tlemata<br \/>\nEesm\u00e4rk: terrassid, fassaadid<\/p>\n<p><strong>Jooksva meetri (jm) hind on 5.07 EUR (ei sisalda k\u00e4ibemaksu)<\/strong><\/p>\n<p><strong>Ruutmeetri hind: 20.28 EUR (ei sisalda k\u00e4ibemaksu)<\/strong><\/p>\n<p>&nbsp;<\/p>\n<p><strong>Tootekood: LKR70.38S\/FVG\/RFS<\/strong><br \/>\nM\u00f5\u00f5dud: 69mm x 37mm<br \/>\nKaal: 1,60 kg\/jm<br \/>\nMaterjal: RESYSTA<br \/>\nPinnat\u00f6\u00f6tlus: 4-poolne lihvimine, profiilid v\u00e4rvitakse FVG eriv\u00e4rvidega ja viimistletakse RFS lakiga.<br \/>\nV\u00e4rvid: mis tahes, vastavalt Resysta v\u00e4rvikaardile<br \/>\nEesm\u00e4rk: terrassid, fassaadid<\/p>\n<p><strong>Jooksva meetri 3-poolse FVG&amp;RFS katte hind on 11.92 EUR (ei sisalda k\u00e4ibemaksu)<\/strong><\/p>\n<p><strong>3-poolse FVG&amp;RFS 1m2 hind: 177.20 EUR (ei sisalda k\u00e4ibemaksu)<\/strong><\/p>\n<p><strong>Jooksva meetri 4-poolse FVG&amp;RFS katte hind on 13.17 EUR (ei sisalda k\u00e4ibemaksu)<\/strong><\/p>\n<p><strong>4-poolse FVG&amp;RFS 1m2 hind: 195.74 EUR (ei sisalda k\u00e4ibemaksu)<\/strong><\/p>\n<p>&nbsp;<\/p>\n<p><strong>Resysta kohta:<\/strong><\/p>\n<p>&#8211; ilmastikukindel, UV-kindel, ei halliks, ei m\u00e4dane<br \/>\n&#8211; v\u00e4rvi- ja pinnakindel, ei pragune, ei vaja aegan\u00f5udvat remonti, lihvimist ja v\u00e4rvimist<br \/>\n&#8211; kergesti hooldatav ja vastupidav<br \/>\n&#8211; vastupidavusklass 1 seenhaiguste vastu<br \/>\n&#8211; lihtne paigaldamine<br \/>\n&#8211; j\u00e4tkusuutlik ja taaskasutatav<\/p>\n<p>Juba t\u00e4na vastab Resysta homsetele tehnilistele ja \u00f6koloogilistele n\u00f5udmistele. T\u00e4nu Resysta pakutavale suurele vastupidavusele ja j\u00e4tkusuutlikkusele on v\u00f5imalikud t\u00e4iesti uued rakendused. Kiududega tugevdatud h\u00fcbriidmaterjali toodetakse u. 60% riisikestad, u. 22% keedusoola ja u. 18% mineraal\u00f5li, mis muudab selle nii keskkonnas\u00f5bralikuks kui ka \u00e4\u00e4rmiselt ilmastikukindlaks p\u00e4ikese, vihma, lume v\u00f5i soolase vee suhtes. Samal ajal n\u00f5uab Resysta minimaalset hooldust ning pakub puidule omast v\u00e4limust ja tunnet. Puidu v\u00e4limusega veekindlad pinnad on Resysta tulevik.<\/p>\n<p>K\u00f5ik, kes puiduga t\u00f6\u00f6tavad, on Resystast vaimustuses. Sarnaselt naturaalsele mudelile saab seda saagida, puurida, v\u00e4rvida, lihvida v\u00f5i \u00f5litada. Siiski on \u00fcks otsustav eelis: Resysta ei pragune ega kildu ning selle l\u00f5ikej\u00e4\u00e4tmed on 100% taaskasutatavad. Resysta erinevaid profiile saab kasutada paljude rakenduste jaoks.<\/p>\n","protected":false},"excerpt":{"rendered":"<p>K\u00f5ik, kes puiduga t\u00f6\u00f6tavad, on Resystast vaimustuses. Sarnaselt naturaalsele mudelile saab seda saagida, puurida, v\u00e4rvida, lihvida v\u00f5i \u00f5litada. Siiski on \u00fcks otsustav eelis: Resysta ei pragune ega kildu ning selle l\u00f5ikej\u00e4\u00e4tmed on 100% taaskasutatavad. Resysta erinevaid profiile saab kasutada paljude rakenduste jaoks.<\/p>\n","protected":false},"featured_media":20720,"comment_status":"open","ping_status":"closed","template":"","meta":{"_acf_changed":false},"factory":[],"free-shipment":[],"product_brand":[],"product_cat":[2017,1604],"product_tag":[2028,2022,2042],"class_list":{"0":"post-20726","1":"product","2":"type-product","3":"status-publish","4":"has-post-thumbnail","6":"product_cat-komposiitpuit","7":"product_cat-puit","8":"product_tag-composite-et","9":"product_tag-resysta-et","10":"product_tag-resysta-composite-lkr70-38s-et","12":"first","13":"instock","14":"sale","15":"taxable","16":"shipping-taxable","17":"purchasable","18":"product-type-simple"},"acf":[],"_links":{"self":[{"href":"https:\/\/factory.sale\/et\/wp-json\/wp\/v2\/product\/20726","targetHints":{"allow":["GET"]}}],"collection":[{"href":"https:\/\/factory.sale\/et\/wp-json\/wp\/v2\/product"}],"about":[{"href":"https:\/\/factory.sale\/et\/wp-json\/wp\/v2\/types\/product"}],"replies":[{"embeddable":true,"href":"https:\/\/factory.sale\/et\/wp-json\/wp\/v2\/comments?post=20726"}],"wp:featuredmedia":[{"embeddable":true,"href":"https:\/\/factory.sale\/et\/wp-json\/wp\/v2\/media\/20720"}],"wp:attachment":[{"href":"https:\/\/factory.sale\/et\/wp-json\/wp\/v2\/media?parent=20726"}],"wp:term":[{"taxonomy":"factory","embeddable":true,"href":"https:\/\/factory.sale\/et\/wp-json\/wp\/v2\/factory?post=20726"},{"taxonomy":"free-shipment","embeddable":true,"href":"https:\/\/factory.sale\/et\/wp-json\/wp\/v2\/free-shipment?post=20726"},{"taxonomy":"product_brand","embeddable":true,"href":"https:\/\/factory.sale\/et\/wp-json\/wp\/v2\/product_brand?post=20726"},{"taxonomy":"product_cat","embeddable":true,"href":"https:\/\/factory.sale\/et\/wp-json\/wp\/v2\/product_cat?post=20726"},{"taxonomy":"product_tag","embeddable":true,"href":"https:\/\/factory.sale\/et\/wp-json\/wp\/v2\/product_tag?post=20726"}],"curies":[{"name":"wp","href":"https:\/\/api.w.org\/{rel}","templated":true}]}}