{"id":20689,"date":"2023-01-13T10:53:22","date_gmt":"2023-01-13T10:53:22","guid":{"rendered":"https:\/\/factory.sale\/product\/resysta-composite-pp200-12s-profile-199mm-x-11mm\/"},"modified":"2025-03-20T19:41:12","modified_gmt":"2025-03-20T16:41:12","slug":"resysta-komposiit-pp200-12s-taisprofiil-199mm-x-11mm","status":"publish","type":"product","link":"https:\/\/factory.sale\/et\/toode\/resysta-komposiit-pp200-12s-taisprofiil-199mm-x-11mm\/","title":{"rendered":"Resysta komposiit PP200.12S t\u00e4isprofiil 199mm x 11mm"},"content":{"rendered":"<p><strong>Tootekood: PP200.12S<\/strong><br \/>\nM\u00f5\u00f5dud:\u00a0 199 mm x 11 mm (lihvitud)<br \/>\nKaal:\u00a0\u00a03,35 kg\/jm<br \/>\nMaterjal:\u00a0 RESYSTA<br \/>\nPinnat\u00f6\u00f6tlus: lihvitud 4 k\u00fclge<br \/>\nV\u00e4rv: mis tahes v\u00e4rvikaardilt<br \/>\nKasutusala: fassaadid, aiam\u00f6\u00f6bel, pr\u00fcgikast, pingid<\/p>\n<p><strong>Jooksva meetri (jm) hind on 20 EUR (ei sisalda k\u00e4ibemaksu)<\/strong><\/p>\n<p><strong>Ruutmeetri (m2) hind: 99.98 EUR (ei sisalda k\u00e4ibemaksu)<\/strong><\/p>\n<p>&nbsp;<\/p>\n<p><strong>Tootekood: PP200.12S\/FVG\/RFS<\/strong><\/p>\n<p>M\u00f5\u00f5dud: 199mm x 11mm (lihvitud)<br \/>\nKaal:\u00a0\u00a03,35 kg\/jm<br \/>\nMaterjal:\u00a0 RESYSTA<br \/>\nPinnat\u00f6\u00f6tlus: 4-poolne lihvimine, profiilid v\u00e4rvitakse FVG eriv\u00e4rvidega ja viimistletakse RFS lakiga.<br \/>\nV\u00e4rv: mis tahes v\u00e4rvikaardilt<br \/>\nKasutusala: fassaadid, aiam\u00f6\u00f6bel, pr\u00fcgikast, pingid<\/p>\n<p><strong>Jooksva meetri 3-poolse FVG&amp;RFS katte hind on 24.02 EUR (ei sisalda k\u00e4ibemaksu)<\/strong><\/p>\n<p><strong>3-poolse FVG&amp;RFS m2 hind: 120.09 EUR (ei sisalda k\u00e4ibemaksu)<\/strong><\/p>\n<p><strong>Jooksva meetri 4-poolse FVG&amp;RFS katte hind on 26.70 EUR (ei sisalda k\u00e4ibemaksu)<\/strong><\/p>\n<p><strong>4-poolse FVG&amp;RFS m2 hind: 133.51 EUR (ei sisalda k\u00e4ibemaksu)<\/strong><\/p>\n<p>&nbsp;<\/p>\n<p><strong>Resysta kohta:<\/strong><\/p>\n<p>&#8211; ilmastikukindel, UV-kindel, ei halliks, ei m\u00e4dane<br \/>\n&#8211; v\u00e4rvi- ja pinnakindel, ei pragune, ei vaja aegan\u00f5udvat remonti, lihvimist ja v\u00e4rvimist, pind ei ketenda<br \/>\n&#8211; kergesti hooldatav ja vastupidav<br \/>\n&#8211; vastupidavusklass 1 seenhaiguste vastu<br \/>\n&#8211; lihtne paigaldamine<br \/>\n&#8211; j\u00e4tkusuutlik ja taaskasutatav<\/p>\n<p>Juba t\u00e4na vastab Resysta homsetele tehnilistele ja \u00f6koloogilistele n\u00f5udmistele. T\u00e4nu Resysta pakutavale suurele vastupidavusele ja j\u00e4tkusuutlikkusele on v\u00f5imalikud t\u00e4iesti uued rakendused. Kiududega tugevdatud h\u00fcbriidmaterjali toodetakse u. 60% riisikestad, u. 22% keedusoola ja u. 18% mineraal\u00f5li, mis muudab selle nii keskkonnas\u00f5bralikuks kui ka \u00e4\u00e4rmiselt ilmastikukindlaks p\u00e4ikese, vihma, lume v\u00f5i soolase vee suhtes. Samal ajal n\u00f5uab Resysta minimaalset hooldust ning pakub puidule omast v\u00e4limust ja tunnet. Puidu v\u00e4limusega veekindlad pinnad on Resysta tulevik.<\/p>\n<p>K\u00f5ik, kes puiduga t\u00f6\u00f6tavad, on Resystast vaimustuses. Sarnaselt naturaalsele mudelile saab seda saagida, puurida, v\u00e4rvida, lihvida v\u00f5i \u00f5litada. Siiski on \u00fcks otsustav eelis: Resysta ei pragune ega kildu ning selle l\u00f5ikej\u00e4\u00e4tmed on 100% taaskasutatavad. Resysta erinevaid profiile saab kasutada paljude rakenduste jaoks.<\/p>\n","protected":false},"excerpt":{"rendered":"<p>K\u00f5ik, kes puiduga t\u00f6\u00f6tavad, on Resystast vaimustuses. Sarnaselt naturaalsele mudelile saab seda saagida, puurida, v\u00e4rvida, lihvida v\u00f5i \u00f5litada. Siiski on \u00fcks otsustav eelis: Resysta ei pragune ega kildu ning selle l\u00f5ikej\u00e4\u00e4tmed on 100% taaskasutatavad. Resysta erinevaid profiile saab kasutada paljude rakenduste jaoks.<\/p>\n","protected":false},"featured_media":20685,"comment_status":"open","ping_status":"closed","template":"","meta":{"_acf_changed":false},"factory":[],"free-shipment":[],"product_brand":[],"product_cat":[2016,1603],"product_tag":[2026,2018,2035],"class_list":{"0":"post-20689","1":"product","2":"type-product","3":"status-publish","4":"has-post-thumbnail","6":"product_cat-composite-wood","7":"product_cat-wood-products","8":"product_tag-composite","9":"product_tag-resysta","10":"product_tag-resysta-composite-pp200-12s","12":"first","13":"instock","14":"sale","15":"taxable","16":"shipping-taxable","17":"purchasable","18":"product-type-simple"},"acf":[],"_links":{"self":[{"href":"https:\/\/factory.sale\/et\/wp-json\/wp\/v2\/product\/20689","targetHints":{"allow":["GET"]}}],"collection":[{"href":"https:\/\/factory.sale\/et\/wp-json\/wp\/v2\/product"}],"about":[{"href":"https:\/\/factory.sale\/et\/wp-json\/wp\/v2\/types\/product"}],"replies":[{"embeddable":true,"href":"https:\/\/factory.sale\/et\/wp-json\/wp\/v2\/comments?post=20689"}],"wp:featuredmedia":[{"embeddable":true,"href":"https:\/\/factory.sale\/et\/wp-json\/wp\/v2\/media\/20685"}],"wp:attachment":[{"href":"https:\/\/factory.sale\/et\/wp-json\/wp\/v2\/media?parent=20689"}],"wp:term":[{"taxonomy":"factory","embeddable":true,"href":"https:\/\/factory.sale\/et\/wp-json\/wp\/v2\/factory?post=20689"},{"taxonomy":"free-shipment","embeddable":true,"href":"https:\/\/factory.sale\/et\/wp-json\/wp\/v2\/free-shipment?post=20689"},{"taxonomy":"product_brand","embeddable":true,"href":"https:\/\/factory.sale\/et\/wp-json\/wp\/v2\/product_brand?post=20689"},{"taxonomy":"product_cat","embeddable":true,"href":"https:\/\/factory.sale\/et\/wp-json\/wp\/v2\/product_cat?post=20689"},{"taxonomy":"product_tag","embeddable":true,"href":"https:\/\/factory.sale\/et\/wp-json\/wp\/v2\/product_tag?post=20689"}],"curies":[{"name":"wp","href":"https:\/\/api.w.org\/{rel}","templated":true}]}}