{"id":20677,"date":"2023-01-13T10:32:47","date_gmt":"2023-01-13T10:45:23","guid":{"rendered":"https:\/\/factory.sale\/?post_type=product&#038;p=20677"},"modified":"2024-06-26T07:38:39","modified_gmt":"2024-06-26T07:38:39","slug":"locusmodi-moodulmaja-42m2","status":"publish","type":"product","link":"https:\/\/factory.sale\/et\/toode\/locusmodi-moodulmaja-42m2\/","title":{"rendered":"LOCUSMODI MOODULMAJA 42m2"},"content":{"rendered":"<p>Universaalne lahendus elamiseks, loomiseks, t\u00f6\u00f6tamiseks ja paljuks muuks.<\/p>\n<p>LOCUSmodi saab paigutada kaugematesse v\u00f5i linnapiirkondadesse, erinevatesse kliimav\u00f6\u00f6nditesse ja see on koheseks kasutamiseks valmis.<\/p>\n<p>Vaja on vaid vundamente ja inseneris\u00fcsteemide liitumispunkte.<\/p>\n<p>Kolm erineva suurusega LOCUSmod moodulit on v\u00f5imalik hankida eraldi v\u00f5i kombineerida (82 739 eur hind k\u00f5igi 3 mooduli eest)<\/p>\n<p>LOCUSmod on loodud valdkonna professionaalide meeskonna poolt, kelle prioriteet on mugavus, heaolu ja vastupidavus. Aastaringse elamise tagab korralik soojustus.<\/p>\n<p>Loodusliku valguse rohkus, hubane ja l\u00e4bim\u00f5eldud disain muudavad LOCUSmodi nautimiseks kohaks.<\/p>\n<p>&nbsp;<\/p>\n<p>Locusmod on valmistatud 3 moodulist, mida saab kasutada eraldi v\u00f5i koos, tehes erinevaid kombinatsioone. Iga moodul on eraldiseisev ja on kasutamiseks valmis.<\/p>\n<p>T\u00e4ielik LOCUSmod komplekt sisaldab elutuba, vannituba, k\u00f6\u00f6ki ja kahte eraldi tuba<\/p>\n<p><img loading=\"lazy\" decoding=\"async\" class=\"alignnone wp-image-20640\" src=\"https:\/\/factory.sale\/wp-content\/uploads\/2023\/01\/locusmod-300x78.png\" alt=\"\" width=\"531\" height=\"138\" srcset=\"https:\/\/factory.sale\/wp-content\/uploads\/2023\/01\/locusmod-300x78.png 300w, https:\/\/factory.sale\/wp-content\/uploads\/2023\/01\/locusmod-1024x265.png 1024w, https:\/\/factory.sale\/wp-content\/uploads\/2023\/01\/locusmod-150x39.png 150w, https:\/\/factory.sale\/wp-content\/uploads\/2023\/01\/locusmod-600x155.png 600w, https:\/\/factory.sale\/wp-content\/uploads\/2023\/01\/locusmod.png 1338w\" sizes=\"auto, (max-width: 531px) 100vw, 531px\" \/><\/p>\n<p><strong>Iga LOCUSmod on nende oluliste atribuutidega KASUTAMISEKS VALMIS.<\/strong><\/p>\n<p>*P\u00f5himoodul sisaldab alati t\u00e4ielikult varustatud vannituba ja k\u00f6\u00f6ki, mida saab soovi korral eemaldada.<\/p>\n<p><strong>K\u00f5ik kasutatud materjalid on CE sertifikaadiga.<\/strong><\/p>\n<p>&nbsp;<\/p>\n<p>STRUKTUUR<br \/>\nTerasest raamitud puitkonstruktsioon stabiilsuse ja vastupidavuse tagamiseks<\/p>\n<p>K\u00f5ikide moodulite seinad, laed ja p\u00f5randad k\u00f5rgelt isoleeritud<\/p>\n<p>N\u00e4htamatu vihmavee \u00e4ravoolus\u00fcsteem igas nurgapostis<\/p>\n<p>V\u00c4LINE<\/p>\n<p>* saadaval on alternatiivid<\/p>\n<p>Klassikaline v\u00e4rvitud metallvooder erineva suurusega kassettides soovitud v\u00e4rvitoonis K\u00f5rge UV-kiirguse vastupidavus<\/p>\n<p>Tsingiga kaetud paksusega 275 g\/sq.m.<\/p>\n<p>AKNAD<\/p>\n<p>* saadaval on alternatiivid<\/p>\n<p>Mustast PVC raamist uksega vitriinid, 2 asendiga avanevad Spektraalselt selektiivklaasid<\/p>\n<p>Karastatud klaas seest\/v\u00e4ljast<\/p>\n<p>UKSED<br \/>\nV\u00e4lisuksed v\u00e4rvitud metalluks t\u00e4ielikult soojustatud Abloy lukuga<\/p>\n<p>Siseuksed vineerviimistlusega ja peidetud hingedega<\/p>\n<p>SISEVIIMISTLUS<br \/>\nSeinad \u00f6koloogilisest veekindlast kase CLT paneelidest<\/p>\n<p>Vannituba veekindlast ja hooldusvabast Fibo seinapaneelidest Valge venitatud lagi integreeritud kardinasoontega<\/p>\n<p>P\u00f5randad eriti suure vastupidavusega libisemiskindlatest luksuslikest Tarketti vin\u00fc\u00fclplaatidest<\/p>\n<p>K\u00dcTE<br \/>\nElektrik\u00fcttega p\u00f5rand CALEO premium CNT kile. T\u00e4iustatud s\u00fcsiniknanotoru tehnoloogia v\u00e4hendab k\u00fcttekulud miinimumini<\/p>\n<p>Wi-fi kontrollerid igas toas<\/p>\n<p>Vesi k\u00f6etakse 80 l boileriga Wi-fi kontrolleriga<\/p>\n<p>ELEKTER<br \/>\nPeidetud elektripaigaldis l\u00fclitite ja pistikupesadega LED valgustid ja v\u00e4lisvalgustid led ribad<\/p>\n<p>T\u00e4ielikult varustatud elektrijaotuskarp<\/p>\n<p>Fassaadi led valgustid andurite ja l\u00fclititega, IP pistikupesad T\u00fchi toru v\u00e4lise sisendiga \u00fchendamiseks<\/p>\n<p>VANNITUBA<\/p>\n<p>*ainult p\u00f5himoodul<\/p>\n<p>Klaasist l\u00fckanduksega du\u0161ikabiin ja du\u0161ikomplekt Seinale paigaldatav tualettruum<\/p>\n<p>Valamu koos segistiga Pesumasin Elektriline k\u00e4ter\u00e4tikuivati<\/p>\n<p>Vesi ja torustik on \u00fchendamiseks valmis<\/p>\n<p>K\u00d6\u00d6K<\/p>\n<p>*saadaval lisad<\/p>\n<p>Eritellimusel valmistatud k\u00f6\u00f6k \u00f6koloogilisest veekindlast kasepuidust CLT paneelidest ja vastupidavast kivist laminaadist t\u00f6\u00f6pinnast<\/p>\n<p>Valamu koos segistiga<\/p>\n<p>K\u00f6\u00f6gitehnika lisana<\/p>\n<p>M\u00d6\u00d6BEL<\/p>\n<p>*ainult p\u00f5himoodul<\/p>\n<p>Eritellimusel valmistatud t\u00e4ispeegelriiul vannitoas<\/p>\n<p>Eritellimusel valmistatud koridori garderoobi sein tr\u00fckikindlast laminaadist<\/p>\n<p>T\u00c4IENDUSED JA LISAD<br \/>\nFassaad termopuidust (m\u00e4nd) erinevat v\u00e4rvi Alumiiniumraamiga vitriinid<\/p>\n<p>Sisseehitatud k\u00f6\u00f6gitehnika<\/p>\n<p>Magamistoam\u00f6\u00f6bel (rippuvate abilaudadega riidekapp ja voodi) Komposiitlaudisest terrass<\/p>\n<p>&nbsp;<\/p>\n<p><em>Tootmine kestab 3 kuud alates tellimusest (koos transpordiajaga)<\/em><br \/>\n<em>Pakume transporti ja paigaldust, kirjuta meile ja k\u00fcsi lisa!<\/em><\/p>\n<p>&nbsp;<\/p>\n","protected":false},"excerpt":{"rendered":"<p>MODERNNE. PAINDLIK. KIIRE. RUUMIKAS. SINU JAOKS<\/p>\n<p>Universaalne lahendus elamiseks, loomiseks, t\u00f6\u00f6tamiseks ja paljuks muuks.<\/p>\n","protected":false},"featured_media":20653,"comment_status":"open","ping_status":"closed","template":"","meta":{"_acf_changed":false},"factory":[],"free-shipment":[],"product_brand":[],"product_cat":[801],"product_tag":[],"class_list":{"0":"post-20677","1":"product","2":"type-product","3":"status-publish","4":"has-post-thumbnail","6":"product_cat-elementmajad-2","8":"first","9":"instock","10":"sale","11":"taxable","12":"shipping-taxable","13":"purchasable","14":"product-type-simple"},"acf":[],"_links":{"self":[{"href":"https:\/\/factory.sale\/et\/wp-json\/wp\/v2\/product\/20677","targetHints":{"allow":["GET"]}}],"collection":[{"href":"https:\/\/factory.sale\/et\/wp-json\/wp\/v2\/product"}],"about":[{"href":"https:\/\/factory.sale\/et\/wp-json\/wp\/v2\/types\/product"}],"replies":[{"embeddable":true,"href":"https:\/\/factory.sale\/et\/wp-json\/wp\/v2\/comments?post=20677"}],"wp:featuredmedia":[{"embeddable":true,"href":"https:\/\/factory.sale\/et\/wp-json\/wp\/v2\/media\/20653"}],"wp:attachment":[{"href":"https:\/\/factory.sale\/et\/wp-json\/wp\/v2\/media?parent=20677"}],"wp:term":[{"taxonomy":"factory","embeddable":true,"href":"https:\/\/factory.sale\/et\/wp-json\/wp\/v2\/factory?post=20677"},{"taxonomy":"free-shipment","embeddable":true,"href":"https:\/\/factory.sale\/et\/wp-json\/wp\/v2\/free-shipment?post=20677"},{"taxonomy":"product_brand","embeddable":true,"href":"https:\/\/factory.sale\/et\/wp-json\/wp\/v2\/product_brand?post=20677"},{"taxonomy":"product_cat","embeddable":true,"href":"https:\/\/factory.sale\/et\/wp-json\/wp\/v2\/product_cat?post=20677"},{"taxonomy":"product_tag","embeddable":true,"href":"https:\/\/factory.sale\/et\/wp-json\/wp\/v2\/product_tag?post=20677"}],"curies":[{"name":"wp","href":"https:\/\/api.w.org\/{rel}","templated":true}]}}