{"id":20612,"date":"2023-01-13T09:16:53","date_gmt":"2023-01-13T09:16:53","guid":{"rendered":"https:\/\/factory.sale\/product\/resysta-composite-pp60-20s-profile-60mm-x-19mm\/"},"modified":"2024-06-25T23:18:48","modified_gmt":"2024-06-25T23:18:48","slug":"resysta-komposiit-pp60-20s-taisprofiil-60mm-x-19mm","status":"publish","type":"product","link":"https:\/\/factory.sale\/et\/toode\/resysta-komposiit-pp60-20s-taisprofiil-60mm-x-19mm\/","title":{"rendered":"Resysta komposiit PP60.20S t\u00e4isprofiil 60mm x 19mm"},"content":{"rendered":"<p><strong>Tootekood: PP60.20S<\/strong><\/p>\n<p>M\u00f5\u00f5dud:\u00a0 60 mm x 19 mm (lihvitud)<br \/>\nKaal:\u00a0\u00a01,90 kg\/jm<br \/>\nMaterjal:\u00a0 RESYSTA<br \/>\nPinnat\u00f6\u00f6tlus: lihvitud 4 k\u00fclge<br \/>\nV\u00e4rv: mis tahes v\u00e4rvikaardilt<br \/>\nKasutusala: fassaadid, aiam\u00f6\u00f6bel, pr\u00fcgikast, pingid<\/p>\n<p><strong>Jooksva meetri (jm) hind on 12.73 EUR (ei sisalda k\u00e4ibemaksu)<\/strong><\/p>\n<p><strong>Ruutmeetri hind (m2): 212.11 EUR (ei sisalda k\u00e4ibemaksu)<\/strong><\/p>\n<p>&nbsp;<\/p>\n<p><strong>Tootekood: PP60.20S\/FVG\/RFS<\/strong><\/p>\n<p>M\u00f5\u00f5dud: 60mm x 19mm (lihvitud)<br \/>\nKaal:\u00a0\u00a01,90 kg\/jm<br \/>\nMaterjal:\u00a0 RESYSTA<br \/>\nPinnat\u00f6\u00f6tlus: 4-poolne lihvimine, profiilid v\u00e4rvitakse FVG eriv\u00e4rvidega ja viimistletakse RFS lakiga.<br \/>\nV\u00e4rv: mis tahes v\u00e4rvikaardilt<br \/>\nKasutusala: fassaadid, aiam\u00f6\u00f6bel, pr\u00fcgikast, pingid<\/p>\n<p><strong>Jooksva meetri 3-poolse FVG&amp;RFS katte hind on 14.89 EUR (ei sisalda k\u00e4ibemaksu)<\/strong><\/p>\n<p><strong>Jooksva meetri 4-poolse FVG&amp;RFS katte hind on 16.06 EUR (ei sisalda k\u00e4ibemaksu)<\/strong><\/p>\n<p><strong>3-poolse FVG&amp;RFS ruutmeetri (m2) hind: 248.02 EUR (ei sisalda k\u00e4ibemaksu)<\/strong><\/p>\n<p><strong>4-poolse FVG&amp;RFS ruutmeeteri (m2) hind: 267.57 EUR (ei sisalda k\u00e4ibemaksu)<\/strong><\/p>\n<p>&nbsp;<\/p>\n<p>Resysta kohta:<\/p>\n<p>&#8211; ilmastikukindel, UV-kindel, ei halliks, ei m\u00e4dane<br \/>\n&#8211; v\u00e4rvi- ja pinnakindel, ei pragune, ei vaja aegan\u00f5udvat remonti, lihvimist ja v\u00e4rvimist, ei pind ketendust<br \/>\n&#8211; kergesti hooldatav ja vastupidav<br \/>\n&#8211; vastupidavusklass 1 seenhaiguste vastu<br \/>\n&#8211; lihtne paigaldamine<br \/>\n&#8211; j\u00e4tkusuutlik ja taaskasutatav<\/p>\n<p>Juba t\u00e4na vastab Resysta homsetele tehnilistele ja \u00f6koloogilistele n\u00f5udmistele. T\u00e4nu Resysta pakutavale suurele vastupidavusele ja j\u00e4tkusuutlikkusele on v\u00f5imalikud t\u00e4iesti uued rakendused. Kiududega tugevdatud h\u00fcbriidmaterjali toodetakse u. 60% riisikestad, u. 22% keedusoola ja u. 18% mineraal\u00f5li, mis muudab selle nii keskkonnas\u00f5bralikuks kui ka \u00e4\u00e4rmiselt ilmastikukindlaks p\u00e4ikese, vihma, lume v\u00f5i soolase vee suhtes. Samal ajal n\u00f5uab Resysta minimaalset hooldust ning pakub puidule omast v\u00e4limust ja tunnet. Puidu v\u00e4limusega veekindlad pinnad on Resysta tulevik.<\/p>\n<p>K\u00f5ik, kes puiduga t\u00f6\u00f6tavad, on Resystast vaimustuses. Sarnaselt naturaalsele mudelile saab seda saagida, puurida, v\u00e4rvida, lihvida v\u00f5i \u00f5litada. Siiski on \u00fcks otsustav eelis: Resysta ei pragune ega kildu ning selle l\u00f5ikej\u00e4\u00e4tmed on 100% taaskasutatavad. Resysta erinevaid profiile saab kasutada paljude rakenduste jaoks.<\/p>\n","protected":false},"excerpt":{"rendered":"<p>K\u00f5ik, kes puiduga t\u00f6\u00f6tavad, on Resystast vaimustuses. Sarnaselt naturaalsele mudelile saab seda saagida, puurida, v\u00e4rvida, lihvida v\u00f5i \u00f5litada. Siiski on \u00fcks otsustav eelis: Resysta ei pragune ega kildu ning selle l\u00f5ikej\u00e4\u00e4tmed on 100% taaskasutatavad. Resysta erinevaid profiile saab kasutada paljude rakenduste jaoks.<\/p>\n","protected":false},"featured_media":20698,"comment_status":"open","ping_status":"closed","template":"","meta":{"_acf_changed":false},"factory":[],"free-shipment":[],"product_brand":[],"product_cat":[2017,1604],"product_tag":[2021,2022,2025],"class_list":{"0":"post-20612","1":"product","2":"type-product","3":"status-publish","4":"has-post-thumbnail","6":"product_cat-komposiitpuit","7":"product_cat-puit","8":"product_tag-composite-wood-et","9":"product_tag-resysta-et","10":"product_tag-resysta-composite-pp60-20s-et","12":"first","13":"instock","14":"sale","15":"taxable","16":"shipping-taxable","17":"purchasable","18":"product-type-simple"},"acf":[],"_links":{"self":[{"href":"https:\/\/factory.sale\/et\/wp-json\/wp\/v2\/product\/20612","targetHints":{"allow":["GET"]}}],"collection":[{"href":"https:\/\/factory.sale\/et\/wp-json\/wp\/v2\/product"}],"about":[{"href":"https:\/\/factory.sale\/et\/wp-json\/wp\/v2\/types\/product"}],"replies":[{"embeddable":true,"href":"https:\/\/factory.sale\/et\/wp-json\/wp\/v2\/comments?post=20612"}],"wp:featuredmedia":[{"embeddable":true,"href":"https:\/\/factory.sale\/et\/wp-json\/wp\/v2\/media\/20698"}],"wp:attachment":[{"href":"https:\/\/factory.sale\/et\/wp-json\/wp\/v2\/media?parent=20612"}],"wp:term":[{"taxonomy":"factory","embeddable":true,"href":"https:\/\/factory.sale\/et\/wp-json\/wp\/v2\/factory?post=20612"},{"taxonomy":"free-shipment","embeddable":true,"href":"https:\/\/factory.sale\/et\/wp-json\/wp\/v2\/free-shipment?post=20612"},{"taxonomy":"product_brand","embeddable":true,"href":"https:\/\/factory.sale\/et\/wp-json\/wp\/v2\/product_brand?post=20612"},{"taxonomy":"product_cat","embeddable":true,"href":"https:\/\/factory.sale\/et\/wp-json\/wp\/v2\/product_cat?post=20612"},{"taxonomy":"product_tag","embeddable":true,"href":"https:\/\/factory.sale\/et\/wp-json\/wp\/v2\/product_tag?post=20612"}],"curies":[{"name":"wp","href":"https:\/\/api.w.org\/{rel}","templated":true}]}}