{"id":1954,"date":"2020-04-28T15:02:24","date_gmt":"2020-04-28T15:02:24","guid":{"rendered":"https:\/\/factory.sale\/product\/hc38-hand-cleaner-38-l\/"},"modified":"2024-06-27T14:05:54","modified_gmt":"2024-06-27T14:05:54","slug":"hc38-hand-cleaner-38-l","status":"publish","type":"product","link":"https:\/\/factory.sale\/et\/toode\/hc38-hand-cleaner-38-l\/","title":{"rendered":"HC38 K\u00e4tepesupasta 3,8 L"},"content":{"rendered":"<h4>Rakendused<\/h4>\n<p>Sobib kasutamiseks remondi- ja masinat\u00f6\u00f6kodades, talut\u00f6\u00f6del, v\u00e4rvimist\u00f6\u00f6kodades, tr\u00fckikodades ning<br \/>\nmuus t\u00f6\u00f6stuses.<\/p>\n<h4>\nToote omadused<\/h4>\n<p>Eriti t\u00f5hus sidrunil\u00f5hnaline k\u00e4tepesupasta v\u00e4ga m\u00e4\u00e4rdunud k\u00e4te puhastamiseks. T\u00e4nu ainulaadsele<br \/>\nkoostisele eemaldab aine h\u00f5lpsalt paakunud mustuse nagu v\u00e4rvi, tr\u00fckiv\u00e4rvi, liimi jne. Sisaldab nahka<br \/>\nkaitsvaid ja hooldavaid koostisosi.<\/p>\n<h4>\nKasutusjuhend<\/h4>\n<p>Kanna v\u00e4ike kogus pastat kuivadele k\u00e4tele ning h\u00f5\u00f5ru neid, kuni mustus lahti tuleb. Loputa k\u00e4ed veega<br \/>\nja kuivata k\u00e4tekuivatuspaberi v\u00f5i k\u00e4ter\u00e4tiga. Kui vett ei ole saadaval, v\u00f5ib puhastusaine eemaldada<br \/>\nk\u00e4telt k\u00e4tekuivatuspaberiga.<\/p>\n<h4>\nM\u00e4rkus<\/h4>\n<p>HC38 sisaldab n\u00fc\u00fcd uut koostisosa \u2013 kergelt abrasiivse toimega maisit\u00f5lvikujahu, mis on looduslik ja<br \/>\nkeskkonnas\u00f5bralik alternatiiv mikroplastile.Koostises on nahka hooldavad ja niisutavad jojoba \u00f5li ja aloe vera ekstrakt.<\/p>\n<h4>\nINCI<\/h4>\n<p>Aqua, Zea Mays Cob Meal, Ethylhexyl Benzoate, Dimethyl methylglutarate, Glycereth-2 Cocoate, PEG-4<br \/>\nRapeseedamide, Laureth-6, TEA, Parfum, Carbomer, Iodopropynyl butylcarbamate, DMDM Hydantoin,<br \/>\nSimmondsia Chinensis Seed Oil (Jojoba), Aloe Barbadensis Leaf Extract, PEG-75 Lanolin, CI 19140,<br \/>\nLinalool, Citral<\/p>\n<h4>\nToote pH<\/h4>\n<p>7.0 Neutraalne<\/p>\n<h4>\nS\u00e4ilitamine<\/h4>\n<p>S\u00e4ilitada temperatuuril \u00fcle +5\u00b0C.<br \/>\nK\u00f5lblikkusaeg kolm aastat alates tootmiskuup\u00e4evast.<\/p>\n<h4>\nV\u00e4limus ja l\u00f5hn<\/h4>\n<p>Kollakas viskoosne emulsioon.<\/p>\n<h4>Pakendi suurus\/Tootekood<\/h4>\n<table class=\"table table-bordered desktop hidden-xs\">\n<thead>\n<tr>\n<th>Pakendi suurus<\/th>\n<th>Toote kood<\/th>\n<th>GTIN<\/th>\n<\/tr>\n<\/thead>\n<tbody>\n<tr class=\"only\">\n<td>4 x 3,8 l<\/td>\n<td class=\"mono\">424000<\/td>\n<td class=\"mono\">6438160480617<\/td>\n<\/tr>\n<\/tbody>\n<\/table>\n","protected":false},"excerpt":{"rendered":"<p>Eriti t\u00f5hus sidrunil\u00f5hnaline k\u00e4tepesupasta v\u00e4ga m\u00e4\u00e4rdunud k\u00e4te puhastamiseks.<\/p>\n<h5>Rakendused<\/h5>\n<p>Sobib kasutamiseks remondi- ja masinat\u00f6\u00f6kodades, talut\u00f6\u00f6del, v\u00e4rvimist\u00f6\u00f6kodades, tr\u00fckikodades ning muus t\u00f6\u00f6stuses.<\/p>\n<p class=\"ph\">pH 7<\/p>\n<h5>Toote omadused<\/h5>\n<ul>\n<li>Teraline puhastusaine;<\/li>\n<li>Saab kasutada ilma veeta ja veega;<\/li>\n<li>Lahustivaba;<\/li>\n<li>Sisaldab nahka hooldavaid ja niisutavaid koostisosi.<\/li>\n<\/ul>\n","protected":false},"featured_media":1978,"comment_status":"open","ping_status":"closed","template":"","meta":{"_acf_changed":false},"factory":[],"free-shipment":[],"product_brand":[],"product_cat":[232],"product_tag":[323],"class_list":{"0":"post-1954","1":"product","2":"type-product","3":"status-publish","4":"has-post-thumbnail","6":"product_cat-desinfitseerimisvahendid-ja-enesehugieen","7":"product_tag-handcleaner-et-2","9":"first","10":"instock","11":"sale","12":"taxable","13":"shipping-taxable","14":"purchasable","15":"product-type-simple"},"acf":[],"_links":{"self":[{"href":"https:\/\/factory.sale\/et\/wp-json\/wp\/v2\/product\/1954","targetHints":{"allow":["GET"]}}],"collection":[{"href":"https:\/\/factory.sale\/et\/wp-json\/wp\/v2\/product"}],"about":[{"href":"https:\/\/factory.sale\/et\/wp-json\/wp\/v2\/types\/product"}],"replies":[{"embeddable":true,"href":"https:\/\/factory.sale\/et\/wp-json\/wp\/v2\/comments?post=1954"}],"wp:featuredmedia":[{"embeddable":true,"href":"https:\/\/factory.sale\/et\/wp-json\/wp\/v2\/media\/1978"}],"wp:attachment":[{"href":"https:\/\/factory.sale\/et\/wp-json\/wp\/v2\/media?parent=1954"}],"wp:term":[{"taxonomy":"factory","embeddable":true,"href":"https:\/\/factory.sale\/et\/wp-json\/wp\/v2\/factory?post=1954"},{"taxonomy":"free-shipment","embeddable":true,"href":"https:\/\/factory.sale\/et\/wp-json\/wp\/v2\/free-shipment?post=1954"},{"taxonomy":"product_brand","embeddable":true,"href":"https:\/\/factory.sale\/et\/wp-json\/wp\/v2\/product_brand?post=1954"},{"taxonomy":"product_cat","embeddable":true,"href":"https:\/\/factory.sale\/et\/wp-json\/wp\/v2\/product_cat?post=1954"},{"taxonomy":"product_tag","embeddable":true,"href":"https:\/\/factory.sale\/et\/wp-json\/wp\/v2\/product_tag?post=1954"}],"curies":[{"name":"wp","href":"https:\/\/api.w.org\/{rel}","templated":true}]}}