{"id":18842,"date":"2023-01-02T14:19:53","date_gmt":"2023-01-02T14:19:53","guid":{"rendered":"https:\/\/factory.sale\/product\/stop-two-e-2m1-basaltic-black-washed\/"},"modified":"2024-07-11T23:04:37","modified_gmt":"2024-07-11T20:04:37","slug":"stop-two-e-2m1-basaltic-black-washed","status":"publish","type":"product","link":"https:\/\/factory.sale\/et\/toode\/stop-two-e-2m1-basaltic-black-washed\/","title":{"rendered":"STOP TWO E-2M1 Basaltic Black washed"},"content":{"rendered":"<p>Limiteerija \u201cSTOP TWO\u201d on valmistatud naturaalsest basaltbetoonist. Piirideta maailm on iga\u00fche unistus. Linna reeglite j\u00e4rgimine on aga meie enda turvalisuse tagamiseks h\u00e4davajalik. M\u00f5ned v\u00e4ljad sisaldavad erireegleid. Selleks oleme loonud \u00fclemineku ennetaja, mis kajastab tugevalt teie reegleid ja mille nimi on STOP TWO.<\/p>\n<p>Kaal: 77,6 kg<\/p>\n<p>Kogus 1 alusel &#8211; 10 tk<\/p>\n<p>Toote kogus veoautos &#8211; 240 tk.<\/p>\n<h4>V\u00e4rvid:<\/h4>\n<table width=\"572\">\n<tbody>\n<tr>\n<td width=\"141\">STOP TWO E-2M1<\/td>\n<td width=\"226\">Basaltic Black washed<\/td>\n<td width=\"123\">\n<table>\n<tbody>\n<tr>\n<td width=\"123\"><\/td>\n<\/tr>\n<\/tbody>\n<\/table>\n<\/td>\n<td width=\"82\">\u00a0\u20ac 64,35<\/td>\n<\/tr>\n<tr>\n<td>STOP TWO E-2M2<\/td>\n<td>Basaltic White washed<\/td>\n<td width=\"123\">\n<table>\n<tbody>\n<tr>\n<td width=\"7\"><\/td>\n<\/tr>\n<tr>\n<td><\/td>\n<td><\/td>\n<td width=\"11\"><\/td>\n<\/tr>\n<tr>\n<td><\/td>\n<\/tr>\n<\/tbody>\n<\/table>\n<\/td>\n<td>\u00a0\u20ac 70,95<\/td>\n<\/tr>\n<tr>\n<td>STOP TWO E-2M3<\/td>\n<td>Basaltic Dusty Rose<\/td>\n<td width=\"123\">\n<table>\n<tbody>\n<tr>\n<td width=\"5\"><\/td>\n<\/tr>\n<tr>\n<td><\/td>\n<td><\/td>\n<td width=\"11\"><\/td>\n<\/tr>\n<tr>\n<td><\/td>\n<\/tr>\n<\/tbody>\n<\/table>\n<\/td>\n<td>\u00a0\u20ac 75,90<\/td>\n<\/tr>\n<tr>\n<td>STOP TWO E-2M10<\/td>\n<td>Basaltic Yellow-Black washed<\/td>\n<td width=\"123\">\n<table>\n<tbody>\n<tr>\n<td width=\"5\"><\/td>\n<\/tr>\n<tr>\n<td><\/td>\n<td><\/td>\n<td width=\"6\"><\/td>\n<\/tr>\n<tr>\n<td><\/td>\n<\/tr>\n<\/tbody>\n<\/table>\n<\/td>\n<td>\u00a0\u20ac 79,20<\/td>\n<\/tr>\n<tr>\n<td>STOP TWO E-2M9<\/td>\n<td>Basaltic Dusty Rose black washed<\/td>\n<td width=\"123\">\n<table>\n<tbody>\n<tr>\n<td width=\"6\"><\/td>\n<\/tr>\n<tr>\n<td><\/td>\n<td><\/td>\n<td width=\"6\"><\/td>\n<\/tr>\n<tr>\n<td><\/td>\n<\/tr>\n<\/tbody>\n<\/table>\n<\/td>\n<td>\u00a0\u20ac 79,20<\/td>\n<\/tr>\n<tr>\n<td>STOP TWO E-2M11<\/td>\n<td>Basaltic Clared Red Washed<\/td>\n<td width=\"123\">\n<table>\n<tbody>\n<tr>\n<td width=\"3\"><\/td>\n<\/tr>\n<tr>\n<td><\/td>\n<td><\/td>\n<td width=\"5\"><\/td>\n<\/tr>\n<tr>\n<td><\/td>\n<\/tr>\n<\/tbody>\n<\/table>\n<\/td>\n<td>\u00a0\u20ac 79,20<\/td>\n<\/tr>\n<\/tbody>\n<\/table>\n<p>&nbsp;<\/p>\n<p>K\u00f5ik meie tooted on toodetud vastavalt kvaliteedistandarditele:<\/p>\n<p>ISO 9001:2015<\/p>\n<p>ISO 14001:2015<\/p>\n<p>ISO 45001:2018<\/p>\n","protected":false},"excerpt":{"rendered":"<p>Limiteerija \u201cSTOP TWO\u201d on valmistatud naturaalsest basaltbetoonist. Piirideta maailm on iga\u00fche unistus. Linna reeglite j\u00e4rgimine on aga meie enda turvalisuse tagamiseks h\u00e4davajalik. M\u00f5ned v\u00e4ljad sisaldavad erireegleid. Selleks oleme loonud \u00fclemineku ennetaja, mis kajastab tugevalt teie reegleid ja mille nimi on STOP TWO.<\/p>\n","protected":false},"featured_media":18829,"comment_status":"open","ping_status":"closed","template":"","meta":{"_acf_changed":false},"factory":[],"free-shipment":[],"product_brand":[],"product_cat":[1832,1100],"product_tag":[1836],"class_list":{"0":"post-18842","1":"product","2":"type-product","3":"status-publish","4":"has-post-thumbnail","6":"product_cat-limiteerija","7":"product_cat-linnamoobel","8":"product_tag-stop-two-e-2m1-basaltic-black-washed-et","10":"first","11":"instock","12":"sale","13":"taxable","14":"shipping-taxable","15":"purchasable","16":"product-type-simple"},"acf":[],"_links":{"self":[{"href":"https:\/\/factory.sale\/et\/wp-json\/wp\/v2\/product\/18842","targetHints":{"allow":["GET"]}}],"collection":[{"href":"https:\/\/factory.sale\/et\/wp-json\/wp\/v2\/product"}],"about":[{"href":"https:\/\/factory.sale\/et\/wp-json\/wp\/v2\/types\/product"}],"replies":[{"embeddable":true,"href":"https:\/\/factory.sale\/et\/wp-json\/wp\/v2\/comments?post=18842"}],"wp:featuredmedia":[{"embeddable":true,"href":"https:\/\/factory.sale\/et\/wp-json\/wp\/v2\/media\/18829"}],"wp:attachment":[{"href":"https:\/\/factory.sale\/et\/wp-json\/wp\/v2\/media?parent=18842"}],"wp:term":[{"taxonomy":"factory","embeddable":true,"href":"https:\/\/factory.sale\/et\/wp-json\/wp\/v2\/factory?post=18842"},{"taxonomy":"free-shipment","embeddable":true,"href":"https:\/\/factory.sale\/et\/wp-json\/wp\/v2\/free-shipment?post=18842"},{"taxonomy":"product_brand","embeddable":true,"href":"https:\/\/factory.sale\/et\/wp-json\/wp\/v2\/product_brand?post=18842"},{"taxonomy":"product_cat","embeddable":true,"href":"https:\/\/factory.sale\/et\/wp-json\/wp\/v2\/product_cat?post=18842"},{"taxonomy":"product_tag","embeddable":true,"href":"https:\/\/factory.sale\/et\/wp-json\/wp\/v2\/product_tag?post=18842"}],"curies":[{"name":"wp","href":"https:\/\/api.w.org\/{rel}","templated":true}]}}