{"id":18790,"date":"2023-01-02T13:10:38","date_gmt":"2023-01-02T13:10:38","guid":{"rendered":"https:\/\/factory.sale\/product\/eko-n-c1m1-basaltic-black-washed\/"},"modified":"2025-03-27T00:41:52","modified_gmt":"2025-03-26T21:41:52","slug":"eko-n-c1m1-basaltic-black-washed","status":"publish","type":"product","link":"https:\/\/factory.sale\/et\/toode\/eko-n-c1m1-basaltic-black-washed\/","title":{"rendered":"EKO N-C1M1 Basaltic Black washed"},"content":{"rendered":"<p>BIN \u201cEKO\u201d on valmistatud naturaalsest basaltbetoonist. Meie maailma puhtana hoidmiseks oleme muutnud kasulikumaks pr\u00fcgikasti, kuhu kogutakse j\u00e4\u00e4tmeid ja pr\u00fcgi. Nstone-na toetame k\u00f5igi \u00fchiskondade p\u00fc\u00fcdlusi luua \u00f6koloogiline elu. Sellep\u00e4rast ei ole selle nimi enam pr\u00fcgikast, vaid ECO, mis meenutab meile \u00f6koloogiat.<\/p>\n<p>Kaal: 230 kg<\/p>\n<p>Kogus 1 alusel &#8211; 2 tk<\/p>\n<p>Toote kogus veoautos &#8211; 48 tk.<\/p>\n<h4>V\u00e4rvid:<\/h4>\n<table width=\"572\">\n<tbody>\n<tr>\n<td width=\"141\">EKO N-C1M1<\/td>\n<td width=\"226\">Basaltic Black washed<\/td>\n<td width=\"123\">\n<table>\n<tbody>\n<tr>\n<td width=\"123\"><\/td>\n<\/tr>\n<\/tbody>\n<\/table>\n<\/td>\n<td width=\"82\">\u00a0\u20ac 519,75<\/td>\n<\/tr>\n<tr>\n<td>EKO N-C1M2<\/td>\n<td>Basaltic White washed<\/td>\n<td width=\"123\">\n<table>\n<tbody>\n<tr>\n<td width=\"7\"><\/td>\n<\/tr>\n<tr>\n<td><\/td>\n<td><\/td>\n<td width=\"11\"><\/td>\n<\/tr>\n<tr>\n<td><\/td>\n<\/tr>\n<\/tbody>\n<\/table>\n<\/td>\n<td>\u00a0\u20ac 536,25<\/td>\n<\/tr>\n<tr>\n<td>EKO N-C1M3<\/td>\n<td>Basaltic Dusty Rose<\/td>\n<td width=\"123\">\n<table>\n<tbody>\n<tr>\n<td width=\"5\"><\/td>\n<\/tr>\n<tr>\n<td><\/td>\n<td><\/td>\n<td width=\"11\"><\/td>\n<\/tr>\n<tr>\n<td><\/td>\n<\/tr>\n<\/tbody>\n<\/table>\n<\/td>\n<td>\u00a0\u20ac 552,75<\/td>\n<\/tr>\n<tr>\n<td>EKO N-C1M10<\/td>\n<td>Basaltic Yellow-Black washed<\/td>\n<td width=\"123\">\n<table>\n<tbody>\n<tr>\n<td width=\"5\"><\/td>\n<\/tr>\n<tr>\n<td><\/td>\n<td><\/td>\n<td width=\"6\"><\/td>\n<\/tr>\n<tr>\n<td><\/td>\n<\/tr>\n<\/tbody>\n<\/table>\n<\/td>\n<td>\u00a0\u20ac 585,75<\/td>\n<\/tr>\n<tr>\n<td>EKO N-C1M9<\/td>\n<td>Basaltic Dusty Rose black washed<\/td>\n<td width=\"123\">\n<table>\n<tbody>\n<tr>\n<td width=\"6\"><\/td>\n<\/tr>\n<tr>\n<td><\/td>\n<td><\/td>\n<td width=\"6\"><\/td>\n<\/tr>\n<tr>\n<td><\/td>\n<\/tr>\n<\/tbody>\n<\/table>\n<\/td>\n<td>\u00a0\u20ac 585,75<\/td>\n<\/tr>\n<tr>\n<td>EKO N-C1M11<\/td>\n<td>Basaltic Clared Red Washed<\/td>\n<td width=\"123\">\n<table>\n<tbody>\n<tr>\n<td width=\"3\"><\/td>\n<\/tr>\n<tr>\n<td><\/td>\n<td><\/td>\n<td width=\"5\"><\/td>\n<\/tr>\n<tr>\n<td><\/td>\n<\/tr>\n<\/tbody>\n<\/table>\n<\/td>\n<td>\u00a0\u20ac 585,75<\/td>\n<\/tr>\n<\/tbody>\n<\/table>\n<p>&nbsp;<\/p>\n<p>K\u00f5ik meie tooted on toodetud vastavalt kvaliteedistandarditele:<\/p>\n<p>ISO 9001:2015<\/p>\n<p>ISO 14001:2015<\/p>\n<p>ISO 45001:2018<\/p>\n","protected":false},"excerpt":{"rendered":"<p>BIN \u201cEKO\u201d on valmistatud naturaalsest basaltbetoonist. Meie maailma puhtana hoidmiseks oleme muutnud kasulikumaks pr\u00fcgikasti, kuhu kogutakse j\u00e4\u00e4tmeid ja pr\u00fcgi. Nstone-na toetame k\u00f5igi \u00fchiskondade p\u00fc\u00fcdlusi luua \u00f6koloogiline elu. Sellep\u00e4rast ei ole selle nimi enam pr\u00fcgikast, vaid ECO, mis meenutab meile \u00f6koloogiat.<\/p>\n","protected":false},"featured_media":18777,"comment_status":"open","ping_status":"closed","template":"","meta":{"_acf_changed":false},"factory":[],"free-shipment":[],"product_brand":[],"product_cat":[1100,1116],"product_tag":[1828],"class_list":{"0":"post-18790","1":"product","2":"type-product","3":"status-publish","4":"has-post-thumbnail","6":"product_cat-linnamoobel","7":"product_cat-prugikastid","8":"product_tag-eko-n-c1m1-basaltic-black-washed-et","10":"first","11":"instock","12":"sale","13":"taxable","14":"shipping-taxable","15":"purchasable","16":"product-type-simple"},"acf":[],"_links":{"self":[{"href":"https:\/\/factory.sale\/et\/wp-json\/wp\/v2\/product\/18790","targetHints":{"allow":["GET"]}}],"collection":[{"href":"https:\/\/factory.sale\/et\/wp-json\/wp\/v2\/product"}],"about":[{"href":"https:\/\/factory.sale\/et\/wp-json\/wp\/v2\/types\/product"}],"replies":[{"embeddable":true,"href":"https:\/\/factory.sale\/et\/wp-json\/wp\/v2\/comments?post=18790"}],"wp:featuredmedia":[{"embeddable":true,"href":"https:\/\/factory.sale\/et\/wp-json\/wp\/v2\/media\/18777"}],"wp:attachment":[{"href":"https:\/\/factory.sale\/et\/wp-json\/wp\/v2\/media?parent=18790"}],"wp:term":[{"taxonomy":"factory","embeddable":true,"href":"https:\/\/factory.sale\/et\/wp-json\/wp\/v2\/factory?post=18790"},{"taxonomy":"free-shipment","embeddable":true,"href":"https:\/\/factory.sale\/et\/wp-json\/wp\/v2\/free-shipment?post=18790"},{"taxonomy":"product_brand","embeddable":true,"href":"https:\/\/factory.sale\/et\/wp-json\/wp\/v2\/product_brand?post=18790"},{"taxonomy":"product_cat","embeddable":true,"href":"https:\/\/factory.sale\/et\/wp-json\/wp\/v2\/product_cat?post=18790"},{"taxonomy":"product_tag","embeddable":true,"href":"https:\/\/factory.sale\/et\/wp-json\/wp\/v2\/product_tag?post=18790"}],"curies":[{"name":"wp","href":"https:\/\/api.w.org\/{rel}","templated":true}]}}