{"id":18758,"date":"2023-01-02T12:26:51","date_gmt":"2023-01-02T12:26:51","guid":{"rendered":"https:\/\/factory.sale\/product\/bergama-n-d5m1-basaltic-black-washed\/"},"modified":"2024-07-12T22:14:33","modified_gmt":"2024-07-12T19:14:33","slug":"bergama-n-d5m1-basaltic-black-washed","status":"publish","type":"product","link":"https:\/\/factory.sale\/et\/toode\/bergama-n-d5m1-basaltic-black-washed\/","title":{"rendered":"BERGAMA N-D5M1 Basaltic Black washed"},"content":{"rendered":"<p>Pink \u201cBergama\u201d on valmistatud naturaalsest basaltbetoonist. Sajandeid tagasi kogunesid Anatoolia rahvad iidsetel lavadel meelelahutuseks ja teatritegevuseks. Nad tegid iidsetes teatrites t\u00e4pselt nii, nagu meie t\u00e4na linnaparkides. Nendest ruumidest inspireerituna t\u00f5lgendas Nstone pingid \u00fcmber.<\/p>\n<p>Kaal: 140 kg<\/p>\n<p>Kogus 1 alusel &#8211; 4 tk<\/p>\n<p>Toote kogus veoautos &#8211; 96 tk.<\/p>\n<h4>V\u00e4rvid:<\/h4>\n<table width=\"572\">\n<tbody>\n<tr>\n<td width=\"141\">BERGAMA N-D5M1<\/td>\n<td width=\"226\">Basaltic Black washed<\/td>\n<td width=\"123\">\n<table>\n<tbody>\n<tr>\n<td width=\"123\"><\/td>\n<\/tr>\n<\/tbody>\n<\/table>\n<\/td>\n<td width=\"82\">\u00a0\u20ac 462,00<\/td>\n<\/tr>\n<tr>\n<td>BERGAMA N-D5M2<\/td>\n<td>Basaltic White washed<\/td>\n<td width=\"123\">\n<table>\n<tbody>\n<tr>\n<td width=\"7\"><\/td>\n<\/tr>\n<tr>\n<td><\/td>\n<td><\/td>\n<td width=\"11\"><\/td>\n<\/tr>\n<tr>\n<td><\/td>\n<\/tr>\n<\/tbody>\n<\/table>\n<\/td>\n<td>\u00a0\u20ac 478,50<\/td>\n<\/tr>\n<tr>\n<td>BERGAMA N-D5M3<\/td>\n<td>Basaltic Dusty Rose<\/td>\n<td width=\"123\">\n<table>\n<tbody>\n<tr>\n<td width=\"5\"><\/td>\n<\/tr>\n<tr>\n<td><\/td>\n<td><\/td>\n<td width=\"11\"><\/td>\n<\/tr>\n<tr>\n<td><\/td>\n<\/tr>\n<\/tbody>\n<\/table>\n<\/td>\n<td>\u00a0\u20ac 495,00<\/td>\n<\/tr>\n<tr>\n<td>BERGAMA N-D5M10<\/td>\n<td>Basaltic Yellow-Black washed<\/td>\n<td width=\"123\">\n<table>\n<tbody>\n<tr>\n<td width=\"5\"><\/td>\n<\/tr>\n<tr>\n<td><\/td>\n<td><\/td>\n<td width=\"6\"><\/td>\n<\/tr>\n<tr>\n<td><\/td>\n<\/tr>\n<\/tbody>\n<\/table>\n<\/td>\n<td>\u00a0\u20ac 528,00<\/td>\n<\/tr>\n<tr>\n<td>BERGAMA N-D5M9<\/td>\n<td>Basaltic Dusty Rose black washed<\/td>\n<td width=\"123\">\n<table>\n<tbody>\n<tr>\n<td width=\"6\"><\/td>\n<\/tr>\n<tr>\n<td><\/td>\n<td><\/td>\n<td width=\"6\"><\/td>\n<\/tr>\n<tr>\n<td><\/td>\n<\/tr>\n<\/tbody>\n<\/table>\n<\/td>\n<td>\u00a0\u20ac 528,00<\/td>\n<\/tr>\n<tr>\n<td>BERGAMA N-D5M11<\/td>\n<td>Basaltic Clared Red Washed<\/td>\n<td width=\"123\">\n<table>\n<tbody>\n<tr>\n<td width=\"3\"><\/td>\n<\/tr>\n<tr>\n<td><\/td>\n<td><\/td>\n<td width=\"5\"><\/td>\n<\/tr>\n<tr>\n<td><\/td>\n<\/tr>\n<\/tbody>\n<\/table>\n<\/td>\n<td>\u00a0\u20ac 528,00<\/td>\n<\/tr>\n<\/tbody>\n<\/table>\n<p>&nbsp;<\/p>\n<p>K\u00f5ik meie tooted on toodetud vastavalt kvaliteedistandarditele:<\/p>\n<p>ISO 9001:2015<\/p>\n<p>ISO 14001:2015<\/p>\n<p>ISO 45001:2018<\/p>\n","protected":false},"excerpt":{"rendered":"<p>Pink \u201cBergama\u201d on valmistatud naturaalsest basaltbetoonist. Sajandeid tagasi kogunesid Anatoolia rahvad iidsetel lavadel meelelahutuseks ja teatritegevuseks. Nad tegid iidsetes teatrites t\u00e4pselt nii, nagu meie t\u00e4na linnaparkides. Nendest ruumidest inspireerituna t\u00f5lgendas Nstone pingid \u00fcmber.<\/p>\n","protected":false},"featured_media":18748,"comment_status":"open","ping_status":"closed","template":"","meta":{"_acf_changed":false},"factory":[],"free-shipment":[],"product_brand":[],"product_cat":[1100,1114],"product_tag":[1824],"class_list":{"0":"post-18758","1":"product","2":"type-product","3":"status-publish","4":"has-post-thumbnail","6":"product_cat-linnamoobel","7":"product_cat-pingid","8":"product_tag-bergama-n-d5m1-basaltic-black-washed-et","10":"first","11":"instock","12":"sale","13":"taxable","14":"shipping-taxable","15":"purchasable","16":"product-type-simple"},"acf":[],"_links":{"self":[{"href":"https:\/\/factory.sale\/et\/wp-json\/wp\/v2\/product\/18758","targetHints":{"allow":["GET"]}}],"collection":[{"href":"https:\/\/factory.sale\/et\/wp-json\/wp\/v2\/product"}],"about":[{"href":"https:\/\/factory.sale\/et\/wp-json\/wp\/v2\/types\/product"}],"replies":[{"embeddable":true,"href":"https:\/\/factory.sale\/et\/wp-json\/wp\/v2\/comments?post=18758"}],"wp:featuredmedia":[{"embeddable":true,"href":"https:\/\/factory.sale\/et\/wp-json\/wp\/v2\/media\/18748"}],"wp:attachment":[{"href":"https:\/\/factory.sale\/et\/wp-json\/wp\/v2\/media?parent=18758"}],"wp:term":[{"taxonomy":"factory","embeddable":true,"href":"https:\/\/factory.sale\/et\/wp-json\/wp\/v2\/factory?post=18758"},{"taxonomy":"free-shipment","embeddable":true,"href":"https:\/\/factory.sale\/et\/wp-json\/wp\/v2\/free-shipment?post=18758"},{"taxonomy":"product_brand","embeddable":true,"href":"https:\/\/factory.sale\/et\/wp-json\/wp\/v2\/product_brand?post=18758"},{"taxonomy":"product_cat","embeddable":true,"href":"https:\/\/factory.sale\/et\/wp-json\/wp\/v2\/product_cat?post=18758"},{"taxonomy":"product_tag","embeddable":true,"href":"https:\/\/factory.sale\/et\/wp-json\/wp\/v2\/product_tag?post=18758"}],"curies":[{"name":"wp","href":"https:\/\/api.w.org\/{rel}","templated":true}]}}