{"id":18291,"date":"2022-12-29T07:17:29","date_gmt":"2022-12-29T07:17:29","guid":{"rendered":"https:\/\/factory.sale\/product\/bamboo-parquet-industriale-high-density-caramel\/"},"modified":"2024-06-30T12:57:30","modified_gmt":"2024-06-30T12:57:30","slug":"parkett-bamboo-industriale-high-density-caramel","status":"publish","type":"product","link":"https:\/\/factory.sale\/et\/toode\/parkett-bamboo-industriale-high-density-caramel\/","title":{"rendered":"Parkett Bamboo Industriale High Density Caramel"},"content":{"rendered":"<p>Tootekood: BF-PR1050<\/p>\n<p>49.20 \u20ac \u00fche ruutmeetri kohta.<\/p>\n<p>Miinimum kogus selle toote ostmiseks on <strong>30 m2<\/strong>.<\/p>\n<p>MOSO\u00ae Bamboo Industriale lipp-parkett on suurep\u00e4rane valik neile, kellel on k\u00f5rged n\u00f5udmised materjali hinna, vastupidavuse, keskkonnam\u00f5jude ja \u00fcldise stabiilsuse suhtes. See p\u00f5rand loob hoonesse ainulaadse ja kordumatu p\u00f5randa mustri. T\u00e4nu paksule lihvitavale kihile (kuni 15 mm) kestab see p\u00f5rand mitu p\u00f5lvkonda ja on samas t\u00e4iesti CO2-neutraalne.<\/p>\n<p>MOSO Bamboo Industriale paigaldus on m\u00f5istlik tellida professionaalide poolt. MOSO\u00ae Bamboo Industriale paneel koosneb l\u00fchikestest tugevatest bambusribadest, mis tagavad redelmustriga erilise ja kauni l\u00f5pptulemuse. Kokku kinnitatud bambusribad liimitakse alusp\u00f5randale, lihvitakse, t\u00e4idetakse ja viimistletakse p\u00f5randakatte paigaldaja poolt.<\/p>\n<p>See vastupidav p\u00f5rand vajab peale paigaldust lihvimist eri paksusega liivapaberitega ja \u00f5litust.<\/p>\n<p>m\u00f5\u00f5t: 300x200x10 mm<br \/>\nt\u00f6\u00f6tlemata<br \/>\nlihvitav kiht: 10 mm<br \/>\nv\u00e4ga stabiilne p\u00f5rand<br \/>\nsobib ideaalselt p\u00f5randak\u00fcttega<br \/>\nhea valik avaliku ruumi<br \/>\nvalmistatud tihendatud bambusribadest<\/p>\n<p>&nbsp;<\/p>\n<p><a href=\"https:\/\/factory.sale\/wp-content\/uploads\/2022\/12\/Floorselector-4.pdf\" target=\"_blank\" rel=\"noopener\">Lae alla Floorselector<\/a><\/p>\n","protected":false},"excerpt":{"rendered":"<p>MOSO\u00ae Bamboo Industriale lipp-parkett on suurep\u00e4rane valik neile, kellel on k\u00f5rged n\u00f5udmised materjali hinna, vastupidavuse, keskkonnam\u00f5jude ja \u00fcldise stabiilsuse suhtes. See p\u00f5rand loob hoonesse ainulaadse ja kordumatu p\u00f5randa mustri. T\u00e4nu paksule lihvitavale kihile (kuni 15 mm) kestab see p\u00f5rand mitu p\u00f5lvkonda ja on samas t\u00e4iesti CO2-neutraalne.<\/p>\n","protected":false},"featured_media":18284,"comment_status":"open","ping_status":"closed","template":"","meta":{"_acf_changed":false},"factory":[],"free-shipment":[],"product_brand":[],"product_cat":[1685,1778],"product_tag":[1692,1781],"class_list":{"0":"post-18291","1":"product","2":"type-product","3":"status-publish","4":"has-post-thumbnail","6":"product_cat-bambus-parkett","7":"product_cat-moso-bamboo-industriale-et","8":"product_tag-bamboo-parquet-et","9":"product_tag-industriale-high-density-caramel-et","11":"first","12":"instock","13":"sale","14":"taxable","15":"shipping-taxable","16":"purchasable","17":"product-type-simple"},"acf":[],"_links":{"self":[{"href":"https:\/\/factory.sale\/et\/wp-json\/wp\/v2\/product\/18291","targetHints":{"allow":["GET"]}}],"collection":[{"href":"https:\/\/factory.sale\/et\/wp-json\/wp\/v2\/product"}],"about":[{"href":"https:\/\/factory.sale\/et\/wp-json\/wp\/v2\/types\/product"}],"replies":[{"embeddable":true,"href":"https:\/\/factory.sale\/et\/wp-json\/wp\/v2\/comments?post=18291"}],"wp:featuredmedia":[{"embeddable":true,"href":"https:\/\/factory.sale\/et\/wp-json\/wp\/v2\/media\/18284"}],"wp:attachment":[{"href":"https:\/\/factory.sale\/et\/wp-json\/wp\/v2\/media?parent=18291"}],"wp:term":[{"taxonomy":"factory","embeddable":true,"href":"https:\/\/factory.sale\/et\/wp-json\/wp\/v2\/factory?post=18291"},{"taxonomy":"free-shipment","embeddable":true,"href":"https:\/\/factory.sale\/et\/wp-json\/wp\/v2\/free-shipment?post=18291"},{"taxonomy":"product_brand","embeddable":true,"href":"https:\/\/factory.sale\/et\/wp-json\/wp\/v2\/product_brand?post=18291"},{"taxonomy":"product_cat","embeddable":true,"href":"https:\/\/factory.sale\/et\/wp-json\/wp\/v2\/product_cat?post=18291"},{"taxonomy":"product_tag","embeddable":true,"href":"https:\/\/factory.sale\/et\/wp-json\/wp\/v2\/product_tag?post=18291"}],"curies":[{"name":"wp","href":"https:\/\/api.w.org\/{rel}","templated":true}]}}