{"id":18276,"date":"2022-12-28T14:25:27","date_gmt":"2022-12-28T14:25:27","guid":{"rendered":"https:\/\/factory.sale\/product\/bamboo-floor-ultradensity-udf-20-mm\/"},"modified":"2024-07-03T05:17:23","modified_gmt":"2024-07-03T05:17:23","slug":"bambusporand-ultradensity-udf-20-mm","status":"publish","type":"product","link":"https:\/\/factory.sale\/et\/toode\/bambusporand-ultradensity-udf-20-mm\/","title":{"rendered":"Bambusp\u00f5rand UltraDensity UDF 20 mm"},"content":{"rendered":"<p>Tootekood: BF-DS2060<\/p>\n<p>99.50 \u20ac \u00fche ruutmeetri kohta.<\/p>\n<p>Miinimum kogus selle toote ostmiseks on <strong>30 m2<\/strong>.<\/p>\n<p>Massivbambusest \u00fclitugev p\u00f5randakate, mis peab vastu ka k\u00f5ige keerukamates tingimustes!<\/p>\n<p>MOSO\u00ae Bamboo UltraDensity\u00ae on \u00fclitugev bambusest p\u00f5randalaud, mis on valmistatud kokkusurutud ja termot\u00f6\u00f6deldud bambuskiududest, millel on patendeeritud MOSO Ultra-High Density\u00ae erit\u00f6\u00f6tlus.<\/p>\n<p>Selle unikaalse tootmismeetodiga on materjalile saavutatud \u00fclim stabiilsus, tugevus ja vastupidavus ning sobib seet\u00f5ttu ka k\u00f5ige karmimatesse tingimustesse. See p\u00f5rand sobib n\u00e4iteks v\u00e4ga suure k\u00e4idavusega avaliku ruumi hoonetesse ja isegi teatud tingimustes osaliselt avatud \u00f5uealale. P\u00f5randalaudis on saadaval viimistlemata, j\u00e4medalt lihvitud esik\u00fclgedega ja tuleb l\u00f5plikult viimistleda objektil kohapeal.<\/p>\n<p>UltraDensity\u00ae p\u00f5randalaudadel on k\u00f5igil neljal k\u00fcljel tapp ja laudade vahel mikrofaas. Seda t\u00fc\u00fcpi laudist saab paigaldada kruvidega MOSO\u00ae Bamboo X-treme\u00ae alustaladele v\u00f5i liimida otse alusp\u00f5randale.<\/p>\n<p>M\u00f5\u00f5dud: 1900 x 160 x 20 mm<br \/>\nPaelispind t\u00f6\u00f6tlemata-j\u00e4melihvitud<br \/>\nPaigaldatakse otse langidele (prussidele)<br \/>\nMaterjal 1 kihiline<br \/>\n100% bambus<br \/>\nMass: 1150kg\/m3<br \/>\nBrinelli tugevus: 9,5 kg\/mm2<br \/>\nToode omab ISO 9001 sertifikaati<br \/>\nToode on saadaval ettetellimisel<br \/>\nTarneaeg 2-3 n\u00e4dalat<\/p>\n<p>&nbsp;<\/p>\n<p><a href=\"https:\/\/factory.sale\/wp-content\/uploads\/2022\/12\/Floorselector-4.pdf\" target=\"_blank\" rel=\"noopener\">Lae alla Floorselector<\/a><\/p>\n","protected":false},"excerpt":{"rendered":"<p>MOSO\u00ae Bamboo UltraDensity\u00ae on \u00fclitugev bambusest p\u00f5randalaud, mis on valmistatud kokkusurutud ja termot\u00f6\u00f6deldud bambuskiududest, millel on patendeeritud MOSO Ultra-High Density\u00ae erit\u00f6\u00f6tlus.<\/p>\n","protected":false},"featured_media":18254,"comment_status":"open","ping_status":"closed","template":"","meta":{"_acf_changed":false},"factory":[],"free-shipment":[],"product_brand":[],"product_cat":[1685,1771],"product_tag":[1776],"class_list":{"0":"post-18276","1":"product","2":"type-product","3":"status-publish","4":"has-post-thumbnail","6":"product_cat-bambus-parkett","7":"product_cat-moso-ultradensity-ulitugev-porand","8":"product_tag-bamboo-floor-ultradensity-udf-20-mm-et","10":"first","11":"instock","12":"sale","13":"taxable","14":"shipping-taxable","15":"purchasable","16":"product-type-simple"},"acf":[],"_links":{"self":[{"href":"https:\/\/factory.sale\/et\/wp-json\/wp\/v2\/product\/18276","targetHints":{"allow":["GET"]}}],"collection":[{"href":"https:\/\/factory.sale\/et\/wp-json\/wp\/v2\/product"}],"about":[{"href":"https:\/\/factory.sale\/et\/wp-json\/wp\/v2\/types\/product"}],"replies":[{"embeddable":true,"href":"https:\/\/factory.sale\/et\/wp-json\/wp\/v2\/comments?post=18276"}],"wp:featuredmedia":[{"embeddable":true,"href":"https:\/\/factory.sale\/et\/wp-json\/wp\/v2\/media\/18254"}],"wp:attachment":[{"href":"https:\/\/factory.sale\/et\/wp-json\/wp\/v2\/media?parent=18276"}],"wp:term":[{"taxonomy":"factory","embeddable":true,"href":"https:\/\/factory.sale\/et\/wp-json\/wp\/v2\/factory?post=18276"},{"taxonomy":"free-shipment","embeddable":true,"href":"https:\/\/factory.sale\/et\/wp-json\/wp\/v2\/free-shipment?post=18276"},{"taxonomy":"product_brand","embeddable":true,"href":"https:\/\/factory.sale\/et\/wp-json\/wp\/v2\/product_brand?post=18276"},{"taxonomy":"product_cat","embeddable":true,"href":"https:\/\/factory.sale\/et\/wp-json\/wp\/v2\/product_cat?post=18276"},{"taxonomy":"product_tag","embeddable":true,"href":"https:\/\/factory.sale\/et\/wp-json\/wp\/v2\/product_tag?post=18276"}],"curies":[{"name":"wp","href":"https:\/\/api.w.org\/{rel}","templated":true}]}}