{"id":18237,"date":"2022-12-28T13:21:59","date_gmt":"2022-12-28T13:21:59","guid":{"rendered":"https:\/\/factory.sale\/product\/bamboo-parquet-purebamboo-plain-pressed-caramel-varnish\/"},"modified":"2024-06-26T02:38:11","modified_gmt":"2024-06-26T02:38:11","slug":"bambusparkett-purebamboo-plain-pressed-caramel-lakk","status":"publish","type":"product","link":"https:\/\/factory.sale\/et\/toode\/bambusparkett-purebamboo-plain-pressed-caramel-lakk\/","title":{"rendered":"Bambusparkett Purebamboo Plain Pressed Caramel (lakk)"},"content":{"rendered":"<p>Tootekood: BF-LA860<\/p>\n<p>52.50 \u20ac \u00fche ruutmeetri kohta.<\/p>\n<p>Miinimum kogus selle toote ostmiseks on <strong>30 m2<\/strong>.<\/p>\n<p>MOSO Purebamboo on originaalne ja massiivne imeilus bambusp\u00f5rand.T\u00e4isbambusest kvaliteetsed p\u00f5randalauad.<br \/>\nMOSO\u00ae Purebamboo on ideaalne p\u00f5randa valik k\u00f5igile, kes soovivad oma koju originaalset, stiilset ja kvaliteetset p\u00f5randat.<\/p>\n<p>Oma erinevate bambuse tekstuuride ja toonidega sobitub see p\u00f5randalaud praktiliselt iga interj\u00f6\u00f6riga, aidates sealjuures oluliselt kaasa Sinu \u00f6koloogilise jalaj\u00e4lje v\u00e4hendamisele.<\/p>\n<p>MOSO\u00ae Purebamboo koosneb kompaktsetest ja massiivsetest bambuskimpudest, mis on t\u00f6\u00f6stuslikult omavahel liidetud. MOSO Pure p\u00f5randalaud on valmistatud bambusribadest, mis on kokku liidetud kas horisontaalselt (Plain Pressed), vertikaalselt (Side Pressed) v\u00f5i hoopis k\u00f5rgsurvepressi ja termot\u00f6\u00f6tluse (High Density\u00ae) meetodil.<\/p>\n<p>1-kihiline, 100% bambus<br \/>\nLakitud (Treffert)<br \/>\nToon: Caramel<br \/>\nEmissioon: E0<br \/>\nCO2 neutraalne<br \/>\nM\u00f5\u00f5dud: 960 x 96 x 15 mm<br \/>\nParkett on paigaldatav liimitult ja ujuvana<br \/>\nP\u00f5randak\u00fctte korral tuleb parkett aluspinnale liimida<br \/>\nGarantii: 30 aastat<br \/>\nToode omab ISO 9001 sertifikaati<br \/>\nToode on saadaval ettetellimisel<br \/>\nTarneaeg 2-3 n\u00e4dalat<\/p>\n<p>&nbsp;<\/p>\n<p><a href=\"https:\/\/factory.sale\/wp-content\/uploads\/2022\/12\/Floorselector-4.pdf\" target=\"_blank\" rel=\"noopener\">Lae alla Floorselector<\/a><\/p>\n","protected":false},"excerpt":{"rendered":"<p>MOSO Purebamboo on originaalne ja massiivne imeilus bambusp\u00f5rand.T\u00e4isbambusest kvaliteetsed p\u00f5randalauad. MOSO\u00ae Purebamboo on ideaalne p\u00f5randa valik k\u00f5igile, kes soovivad oma koju originaalset, stiilset ja kvaliteetset p\u00f5randat.<\/p>\n","protected":false},"featured_media":18233,"comment_status":"open","ping_status":"closed","template":"","meta":{"_acf_changed":false},"factory":[],"free-shipment":[],"product_brand":[],"product_cat":[1684,1757],"product_tag":[1691,1768],"class_list":{"0":"post-18237","1":"product","2":"type-product","3":"status-publish","4":"has-post-thumbnail","6":"product_cat-bamboo-parquet","7":"product_cat-moso-purebamboo-collection","8":"product_tag-bamboo-parquet","9":"product_tag-purebamboo-plain-pressed-caramel-varnish","11":"first","12":"instock","13":"sale","14":"taxable","15":"shipping-taxable","16":"purchasable","17":"product-type-simple"},"acf":[],"_links":{"self":[{"href":"https:\/\/factory.sale\/et\/wp-json\/wp\/v2\/product\/18237","targetHints":{"allow":["GET"]}}],"collection":[{"href":"https:\/\/factory.sale\/et\/wp-json\/wp\/v2\/product"}],"about":[{"href":"https:\/\/factory.sale\/et\/wp-json\/wp\/v2\/types\/product"}],"replies":[{"embeddable":true,"href":"https:\/\/factory.sale\/et\/wp-json\/wp\/v2\/comments?post=18237"}],"wp:featuredmedia":[{"embeddable":true,"href":"https:\/\/factory.sale\/et\/wp-json\/wp\/v2\/media\/18233"}],"wp:attachment":[{"href":"https:\/\/factory.sale\/et\/wp-json\/wp\/v2\/media?parent=18237"}],"wp:term":[{"taxonomy":"factory","embeddable":true,"href":"https:\/\/factory.sale\/et\/wp-json\/wp\/v2\/factory?post=18237"},{"taxonomy":"free-shipment","embeddable":true,"href":"https:\/\/factory.sale\/et\/wp-json\/wp\/v2\/free-shipment?post=18237"},{"taxonomy":"product_brand","embeddable":true,"href":"https:\/\/factory.sale\/et\/wp-json\/wp\/v2\/product_brand?post=18237"},{"taxonomy":"product_cat","embeddable":true,"href":"https:\/\/factory.sale\/et\/wp-json\/wp\/v2\/product_cat?post=18237"},{"taxonomy":"product_tag","embeddable":true,"href":"https:\/\/factory.sale\/et\/wp-json\/wp\/v2\/product_tag?post=18237"}],"curies":[{"name":"wp","href":"https:\/\/api.w.org\/{rel}","templated":true}]}}