{"id":18182,"date":"2022-12-28T10:53:13","date_gmt":"2022-12-28T10:53:13","guid":{"rendered":"https:\/\/factory.sale\/product\/bamboo-parquet-topbamboo-side-pressed-caramel-brushed\/"},"modified":"2024-07-11T21:11:14","modified_gmt":"2024-07-11T18:11:14","slug":"bambusparkett-topbamboo-side-pressed-caramel-harjatud","status":"publish","type":"product","link":"https:\/\/factory.sale\/et\/toode\/bambusparkett-topbamboo-side-pressed-caramel-harjatud\/","title":{"rendered":"Bambusparkett Topbamboo Side Pressed Caramel (harjatud)"},"content":{"rendered":"<p>Tootekood: BF\/SW1151b-L01<\/p>\n<p>29.00 \u20ac \u00fche ruutmeetri kohta.<\/p>\n<p>Miinimum kogus selle toote ostmiseks on <strong>30 m2<\/strong>.<\/p>\n<p>MOSO\u00ae Topbamboo sobib neile, kes soovivad taskukohase hinnaga kvaliteetset p\u00f5randakatet, mida saab kiiresti paigaldada. Erinevate toonide ja tekstuuridega, sealhulgas harjatud versioonidega, sobib p\u00f5randakate k\u00f5ikidesse interj\u00f6\u00f6ridesse. Topbamboo paigaldus on lihtne ja kiire. Parketti saab paigaldada &#8220;ujuvana&#8221;.<\/p>\n<p>MOSO\u00ae Topbamboo koosneb bambusest pealiskihist, mis on pressitud HDF-s\u00fcdamikule ja seej\u00e4rel m\u00e4nnipuidust baaskihile. T\u00e4nu sellisele kolmekihilisele konstruktsioonile on p\u00f5randalauad v\u00e4ga stabiilsed.<\/p>\n<p>MOSO Topbamboo kollektsioon on lihtsalt paigaldatav p\u00f5randakate, mis on hinnalt soodne ja millel on lai valik v\u00e4rve, mustreid ja viimistlusi.<\/p>\n<p>3-kihiline, keskmine kiht HDF<br \/>\nLakitud (Treffert) ja harjatud saadaval ka \u00f5litatud Woca \u00f5hu kuiv<br \/>\nEmissioon: E0<br \/>\nM\u00f5\u00f5dud: 960 x 128 x 10 mm<br \/>\nLihvitav kiht: 2.5 mm<br \/>\nParkett on paigaldatav liimitult ja ujuvana (Uniclic s\u00fcsteem)<br \/>\nP\u00f5randak\u00fctte korral tuleb parkett aluspinnale liimida<br \/>\nGarantii: 10 aastat<br \/>\nToode omab ISO 9001 sertifikaati<br \/>\nToode on saadaval ettetellimisel<br \/>\nTarneaeg 2-3 n\u00e4dalat<\/p>\n<p>&nbsp;<\/p>\n<p><a href=\"https:\/\/factory.sale\/wp-content\/uploads\/2022\/12\/Floorselector-4.pdf\" target=\"_blank\" rel=\"noopener\">Lae alla Floorselector<\/a><\/p>\n","protected":false},"excerpt":{"rendered":"<p>MOSO\u00ae Topbamboo sobib neile, kes soovivad taskukohase hinnaga kvaliteetset p\u00f5randakatet, mida saab kiiresti paigaldada. Erinevate toonide ja tekstuuridega, sealhulgas harjatud versioonidega, sobib p\u00f5randakate k\u00f5ikidesse interj\u00f6\u00f6ridesse. Topbamboo paigaldus on lihtne ja kiire. Parketti saab paigaldada &#8220;ujuvana&#8221;.<\/p>\n","protected":false},"featured_media":18178,"comment_status":"open","ping_status":"closed","template":"","meta":{"_acf_changed":false},"factory":[],"free-shipment":[],"product_brand":[],"product_cat":[1685,1735],"product_tag":[1692,1754],"class_list":{"0":"post-18182","1":"product","2":"type-product","3":"status-publish","4":"has-post-thumbnail","6":"product_cat-bambus-parkett","7":"product_cat-moso-topbamboo-kollektsioon","8":"product_tag-bamboo-parquet-et","9":"product_tag-topbamboo-side-pressed-caramel-brushed-et","11":"first","12":"instock","13":"sale","14":"taxable","15":"shipping-taxable","16":"purchasable","17":"product-type-simple"},"acf":[],"_links":{"self":[{"href":"https:\/\/factory.sale\/et\/wp-json\/wp\/v2\/product\/18182","targetHints":{"allow":["GET"]}}],"collection":[{"href":"https:\/\/factory.sale\/et\/wp-json\/wp\/v2\/product"}],"about":[{"href":"https:\/\/factory.sale\/et\/wp-json\/wp\/v2\/types\/product"}],"replies":[{"embeddable":true,"href":"https:\/\/factory.sale\/et\/wp-json\/wp\/v2\/comments?post=18182"}],"wp:featuredmedia":[{"embeddable":true,"href":"https:\/\/factory.sale\/et\/wp-json\/wp\/v2\/media\/18178"}],"wp:attachment":[{"href":"https:\/\/factory.sale\/et\/wp-json\/wp\/v2\/media?parent=18182"}],"wp:term":[{"taxonomy":"factory","embeddable":true,"href":"https:\/\/factory.sale\/et\/wp-json\/wp\/v2\/factory?post=18182"},{"taxonomy":"free-shipment","embeddable":true,"href":"https:\/\/factory.sale\/et\/wp-json\/wp\/v2\/free-shipment?post=18182"},{"taxonomy":"product_brand","embeddable":true,"href":"https:\/\/factory.sale\/et\/wp-json\/wp\/v2\/product_brand?post=18182"},{"taxonomy":"product_cat","embeddable":true,"href":"https:\/\/factory.sale\/et\/wp-json\/wp\/v2\/product_cat?post=18182"},{"taxonomy":"product_tag","embeddable":true,"href":"https:\/\/factory.sale\/et\/wp-json\/wp\/v2\/product_tag?post=18182"}],"curies":[{"name":"wp","href":"https:\/\/api.w.org\/{rel}","templated":true}]}}