{"id":18043,"date":"2022-12-27T15:24:36","date_gmt":"2022-12-27T15:24:36","guid":{"rendered":"https:\/\/factory.sale\/product\/bamboo-parquet-bamboo-supreme-high-density-caramel-varnish\/"},"modified":"2024-06-26T02:37:12","modified_gmt":"2024-06-26T02:37:12","slug":"bambusparkett-bamboo-supreme-high-density-caramel-lakk","status":"publish","type":"product","link":"https:\/\/factory.sale\/et\/toode\/bambusparkett-bamboo-supreme-high-density-caramel-lakk\/","title":{"rendered":"Bambusparkett Bamboo Supreme High Density Caramel (lakk)"},"content":{"rendered":"<p>Tootekood: BF-DT459<\/p>\n<p>58.40 \u20ac \u00fche ruutmeetri kohta.<\/p>\n<p>Miinimum kogus selle toote ostmiseks on <strong>30 m2<\/strong>.<\/p>\n<p>MOSO\u00ae Bamboo Supreme parketi kollektsioonis on suur valik erinevaid bambuslamelli stiile ja v\u00e4rvitoone. MOSO Supreme laudist on oma kerguse t\u00f5ttu v\u00e4ga lihtne ja mugav paigaldada. Parketilaud ise koosneb kahest bambuskihist: 4 mm pealiskiht ja ristpressitud bambusribadest valmistatud alumine kiht.<\/p>\n<p>Pealmine kiht on lihvitav ja seega on p\u00f5randat lihtne taastada. Oluliselt paksem pealiskiht tagab parketile t\u00f5eliselt pika eluea. 10 mm kogupaksusega laudis on teiste puitp\u00f5randatega v\u00f5rreldes \u00f5hem. See on eeliseks renoveerimisprojektide korral, kui uus uus p\u00f5randakate paigaldatakse otse olemasoleva vana p\u00f5randa peale.<\/p>\n<p>\u00d5hem p\u00f5randalaudis v\u00f5imaldab ka paremat soojus\u00fclekannet ja seet\u00f5ttu sobib Bamboo Supreme eriti h\u00e4sti paigaldamiseks vesip\u00f5randak\u00fcttega hoonesse.<\/p>\n<p>&nbsp;<\/p>\n<p>100% bambus<br \/>\n2-kihiline,<br \/>\nPealmine kiht: k\u00f5rgsurve pressitud (HD)<br \/>\nLihvitav kiht: 4 mm<br \/>\nLakk: Bona Naturale<br \/>\nToon: Karamel<br \/>\nM\u00f5\u00f5dud: 920 x 96 x 10 mm<br \/>\nParkett on paigaldatav liimitult<br \/>\nIdeaalne vesip\u00f5randak\u00fcttega p\u00f5randa korral<br \/>\nGarantii: 30 aastat<br \/>\nCO2 neutraalne<br \/>\nToode omab ISO 9001 sertifikaati<br \/>\nToode on saadaval ettetellimisel<br \/>\nTarneaeg 2-3 n\u00e4dalat<\/p>\n<p>&nbsp;<\/p>\n<p><a href=\"https:\/\/factory.sale\/wp-content\/uploads\/2022\/12\/Floorselector-4.pdf\" target=\"_blank\" rel=\"noopener\">Lae alla Floorselector<\/a><\/p>\n","protected":false},"excerpt":{"rendered":"<p>MOSO\u00ae Bamboo Supreme parketi kollektsioonis on suur valik erinevaid bambuslamelli stiile ja v\u00e4rvitoone. MOSO Supreme laudist on oma kerguse t\u00f5ttu v\u00e4ga lihtne ja mugav paigaldada. Parketilaud ise koosneb kahest bambuskihist: 4 mm pealiskiht ja ristpressitud bambusribadest valmistatud alumine kiht.<\/p>\n","protected":false},"featured_media":18391,"comment_status":"open","ping_status":"closed","template":"","meta":{"_acf_changed":false},"factory":[],"free-shipment":[],"product_brand":[],"product_cat":[1685,1720],"product_tag":[1692,1725],"class_list":{"0":"post-18043","1":"product","2":"type-product","3":"status-publish","4":"has-post-thumbnail","6":"product_cat-bambus-parkett","7":"product_cat-moso-bamboo-supreme-kollektsioon","8":"product_tag-bamboo-parquet-et","9":"product_tag-bamboo-supreme-high-density-caramel-varnish-et","11":"first","12":"instock","13":"sale","14":"taxable","15":"shipping-taxable","16":"purchasable","17":"product-type-simple"},"acf":[],"_links":{"self":[{"href":"https:\/\/factory.sale\/et\/wp-json\/wp\/v2\/product\/18043","targetHints":{"allow":["GET"]}}],"collection":[{"href":"https:\/\/factory.sale\/et\/wp-json\/wp\/v2\/product"}],"about":[{"href":"https:\/\/factory.sale\/et\/wp-json\/wp\/v2\/types\/product"}],"replies":[{"embeddable":true,"href":"https:\/\/factory.sale\/et\/wp-json\/wp\/v2\/comments?post=18043"}],"wp:featuredmedia":[{"embeddable":true,"href":"https:\/\/factory.sale\/et\/wp-json\/wp\/v2\/media\/18391"}],"wp:attachment":[{"href":"https:\/\/factory.sale\/et\/wp-json\/wp\/v2\/media?parent=18043"}],"wp:term":[{"taxonomy":"factory","embeddable":true,"href":"https:\/\/factory.sale\/et\/wp-json\/wp\/v2\/factory?post=18043"},{"taxonomy":"free-shipment","embeddable":true,"href":"https:\/\/factory.sale\/et\/wp-json\/wp\/v2\/free-shipment?post=18043"},{"taxonomy":"product_brand","embeddable":true,"href":"https:\/\/factory.sale\/et\/wp-json\/wp\/v2\/product_brand?post=18043"},{"taxonomy":"product_cat","embeddable":true,"href":"https:\/\/factory.sale\/et\/wp-json\/wp\/v2\/product_cat?post=18043"},{"taxonomy":"product_tag","embeddable":true,"href":"https:\/\/factory.sale\/et\/wp-json\/wp\/v2\/product_tag?post=18043"}],"curies":[{"name":"wp","href":"https:\/\/api.w.org\/{rel}","templated":true}]}}