{"id":18004,"date":"2022-12-27T13:27:34","date_gmt":"2022-12-27T13:27:34","guid":{"rendered":"https:\/\/factory.sale\/product\/bamboo-parquet-moso-bamboo-elite-premium-side-pressed-caramel-varnished\/"},"modified":"2024-06-29T12:16:40","modified_gmt":"2024-06-29T12:16:40","slug":"parkett-moso-bamboo-elite-premium-side-pressed-caramel-lakk","status":"publish","type":"product","link":"https:\/\/factory.sale\/et\/toode\/parkett-moso-bamboo-elite-premium-side-pressed-caramel-lakk\/","title":{"rendered":"Parkett MOSO Bamboo Elite Premium Side Pressed Caramel (lakk)"},"content":{"rendered":"<p>Tootekood: BF-EL371<\/p>\n<p><span id=\"unit_price_display\">67.50 \u20ac<\/span> \u00fche ruutmeetri kohta.<\/p>\n<p>Miinimum kogus selle toote ostmiseks on <strong>30 m2<\/strong>.<\/p>\n<p>&nbsp;<\/p>\n<p>MOSO Elite Premium: k\u00f5ige pikem ja laiem laudis.<\/p>\n<p>MOSO\u00ae Bamboo Elite Premium on p\u00f5randalaud, mis on v\u00f5rreldes Bamboo Elitega veelgi pikem ja laiem. Paigaldamise h\u00f5lbustamiseks on lauad varustatud klikis\u00fcsteemiga.See on naturaalne parkett, mis ei vaja vesip\u00f5randak\u00fctte puhul kodustes tingimustes alusp\u00f5randale liimimist! MOSO\u00ae Bamboo Elite p\u00f5randakatete kollektsioon on n\u00fc\u00fcd t\u00e4ienenud nelja uue preemium klassi parketiga.<\/p>\n<p>Lisaks uue naturaalse valge v\u00e4rvi kasutuselev\u00f5tule ja uuele pinnaviimistlusele on MOSO\u00ae t\u00e4iustanud ka p\u00f5randakatte tehnilisi funktsioone: suurendanud stabiilsust oluliselt laiema plangu ja mugavaks laudparketi ujuvpaigalduseks t\u00e4iusliku klikks\u00fcsteemiga. Kuna tegemist on praegu turul \u00fche j\u00e4tkusuutlikuma ja v\u00e4rske v\u00e4limusega naturaalse parketiga, on see kindlasti kaasaegne ja esteetiline valik. Parketi v\u00e4ga lai formaat ei muuda ruume mitte ainult avaramaks, vaid annab neile ka lisa luksust. Premium plangu m\u00f5\u00f5tmed meenutavad v\u00e4\u00e4rikate h\u00e4\u00e4rberite tammeparkette.<\/p>\n<p>Selle v\u00e4limuse t\u00e4iustamiseks on MOSO\u00ae Bamboo Elite Premium parketiplankude laius 190 mm. See on isegi 31 mm rohkem kui algsel Bamboo Elite p\u00f5randalaudisel, mis on niigi juba 159 mm lai ja seega laiem kui enamik tavalisi bambusp\u00f5randaid. Selline uus plangu suurus on v\u00f5imalik t\u00e4nu ristlamineeritud bambusest keskmiste kihtide paranenud stabiilsusele. MOSO\u00ae surub bambusribad kokku optimeeritud tootmisprotsessis kaasates k\u00f5ige uuenduslikumaid tehnoloogiaid.<\/p>\n<p>100% bambus<br \/>\n3-kihiline<br \/>\nLakitud (Bona)<br \/>\nM\u00f5\u00f5dud: 1850 x 190 x 15 mm<br \/>\nLihvitava kihi (4 mm) Brinelli tugevus: 9,5 kg\/mm2<br \/>\nParkett on paigaldatav liimitult ja ujuvana (click s\u00fcsteem)<br \/>\nP\u00f5randak\u00fctte korral ei ole vajadust laudist liimida<br \/>\nGarantii: 30 aastat<br \/>\nCO2 neutraalne<br \/>\nToode omab ISO 9001 sertifikaati<br \/>\nToode on saadaval ettetellimisel<br \/>\nTarneaeg 2-3 n\u00e4dalat<\/p>\n<p>&nbsp;<\/p>\n<p><a href=\"https:\/\/factory.sale\/wp-content\/uploads\/2022\/12\/Floorselector-4.pdf\" target=\"_blank\" rel=\"noopener\">Lae alla Floorselector<\/a><\/p>\n","protected":false},"excerpt":{"rendered":"<p>MOSO\u00ae Bamboo Elite Premium on p\u00f5randalaud, mis on v\u00f5rreldes Bamboo Elitega veelgi pikem ja laiem. Paigaldamise h\u00f5lbustamiseks on lauad varustatud klikis\u00fcsteemiga.See on naturaalne parkett, mis ei vaja vesip\u00f5randak\u00fctte puhul kodustes tingimustes alusp\u00f5randale liimimist!<\/p>\n","protected":false},"featured_media":17997,"comment_status":"open","ping_status":"closed","template":"","meta":{"_acf_changed":false},"factory":[],"free-shipment":[],"product_brand":[],"product_cat":[1685,1709],"product_tag":[1692,1716],"class_list":{"0":"post-18004","1":"product","2":"type-product","3":"status-publish","4":"has-post-thumbnail","6":"product_cat-bambus-parkett","7":"product_cat-moso-bamboo-elite-premium-kollektsioon","8":"product_tag-bamboo-parquet-et","9":"product_tag-moso-bamboo-elite-premium-side-pressed-caramel-varnished-et","11":"first","12":"instock","13":"sale","14":"taxable","15":"shipping-taxable","16":"purchasable","17":"product-type-simple"},"acf":[],"_links":{"self":[{"href":"https:\/\/factory.sale\/et\/wp-json\/wp\/v2\/product\/18004","targetHints":{"allow":["GET"]}}],"collection":[{"href":"https:\/\/factory.sale\/et\/wp-json\/wp\/v2\/product"}],"about":[{"href":"https:\/\/factory.sale\/et\/wp-json\/wp\/v2\/types\/product"}],"replies":[{"embeddable":true,"href":"https:\/\/factory.sale\/et\/wp-json\/wp\/v2\/comments?post=18004"}],"wp:featuredmedia":[{"embeddable":true,"href":"https:\/\/factory.sale\/et\/wp-json\/wp\/v2\/media\/17997"}],"wp:attachment":[{"href":"https:\/\/factory.sale\/et\/wp-json\/wp\/v2\/media?parent=18004"}],"wp:term":[{"taxonomy":"factory","embeddable":true,"href":"https:\/\/factory.sale\/et\/wp-json\/wp\/v2\/factory?post=18004"},{"taxonomy":"free-shipment","embeddable":true,"href":"https:\/\/factory.sale\/et\/wp-json\/wp\/v2\/free-shipment?post=18004"},{"taxonomy":"product_brand","embeddable":true,"href":"https:\/\/factory.sale\/et\/wp-json\/wp\/v2\/product_brand?post=18004"},{"taxonomy":"product_cat","embeddable":true,"href":"https:\/\/factory.sale\/et\/wp-json\/wp\/v2\/product_cat?post=18004"},{"taxonomy":"product_tag","embeddable":true,"href":"https:\/\/factory.sale\/et\/wp-json\/wp\/v2\/product_tag?post=18004"}],"curies":[{"name":"wp","href":"https:\/\/api.w.org\/{rel}","templated":true}]}}