{"id":17901,"date":"2022-12-27T09:47:49","date_gmt":"2022-12-27T09:47:49","guid":{"rendered":"https:\/\/factory.sale\/product\/bamboo-parquet-bamboo-elite-plain-pressed-caramel\/"},"modified":"2024-06-25T21:52:11","modified_gmt":"2024-06-25T21:52:11","slug":"bambusparkett-bamboo-elite-plain-pressed-caramel","status":"publish","type":"product","link":"https:\/\/factory.sale\/et\/toode\/bambusparkett-bamboo-elite-plain-pressed-caramel\/","title":{"rendered":"Bambusparkett Bamboo Elite Plain Pressed Caramel"},"content":{"rendered":"<p><label>Tootekood:<\/label>\u00a0<span class=\"editable\">BF-LA351<\/span><\/p>\n<p><span id=\"unit_price_display\">64.90 \u20ac<\/span> iga ruutmeetri kohta.<\/p>\n<p>Miinimum kogus selle toote ostmiseks on\u00a0<b id=\"minimal_quantity_label\">30 m2.<\/b><\/p>\n<p>Parkettp\u00f5rand MOSO Elite on v\u00e4ga stabiilne, vastupidav ja n\u00e4gus bambusest p\u00f5randakate.<\/p>\n<p>Pikk ja lai parketilaudis on valmistatud 100% bambusest. MOSO\u00ae Bamboo Elite p\u00f5randakate koosneb pikkadest ja laiadest parketilaudadest, millest on valik tekstuure, v\u00e4rve ja eri viimistlusi. See \u00fchelipiline parkett koosneb kolmest kihist naturaalsest bambusest.<\/p>\n<p>Keskmise kihi risti paigutus optimeerib oluliset parketilaudade stabiilsust. Elite parketilaudis sobib k\u00f5igile, kes soovivad originaalset tugevat bambusest p\u00f5randakatet ja kindlasti ka neile, kes soovivad avarat ja stiilset sisustust. Laiad p\u00f5randalauad rikastavad interj\u00f6\u00f6ri ja on CO2 neutraalsed.<\/p>\n<p>100% bambus<br \/>\n3-kihiline<br \/>\nHorisontaalselt pressitud<br \/>\nT\u00f6\u00f6tlemata\/lakitud\/\u00f5litatud Woca<br \/>\nToon: karamell<br \/>\nM\u00f5\u00f5dud: 1960 x 159 x 15 mm<br \/>\nParkett on paigaldatav liimitult ja ujuvana<br \/>\nP\u00f5randak\u00fctte korral tuleb parkett aluspinnale liimida<br \/>\nGarantii: 30 aastat<br \/>\nCO2 neutraalne<br \/>\nToode omab ISO 9001 sertifikaati<br \/>\nToode on saadaval ettetellimisel<br \/>\nTarneaeg 2-3 n\u00e4dalat<\/p>\n<p>&nbsp;<\/p>\n<p><a href=\"https:\/\/factory.sale\/wp-content\/uploads\/2022\/12\/Floorselector-4.pdf\" target=\"_blank\" rel=\"noopener\">Lae alla Floorselector<\/a><\/p>\n","protected":false},"excerpt":{"rendered":"<p>Pikk ja lai parketilaudis on valmistatud 100% bambusest. MOSO\u00ae Bamboo Elite p\u00f5randakate koosneb pikkadest ja laiadest parketilaudadest, millest on valik tekstuure, v\u00e4rve ja eri viimistlusi. See \u00fchelipiline parkett koosneb kolmest kihist naturaalsest bambusest.<\/p>\n","protected":false},"featured_media":18370,"comment_status":"open","ping_status":"closed","template":"","meta":{"_acf_changed":false},"factory":[],"free-shipment":[],"product_brand":[],"product_cat":[1685,1688],"product_tag":[1692,1703],"class_list":{"0":"post-17901","1":"product","2":"type-product","3":"status-publish","4":"has-post-thumbnail","6":"product_cat-bambus-parkett","7":"product_cat-moso-bamboo-elite-kollektsioon","8":"product_tag-bamboo-parquet-et","9":"product_tag-bamboo-parquet-bamboo-elite-plain-pressed-caramel-et","11":"first","12":"instock","13":"sale","14":"taxable","15":"shipping-taxable","16":"purchasable","17":"product-type-simple"},"acf":[],"_links":{"self":[{"href":"https:\/\/factory.sale\/et\/wp-json\/wp\/v2\/product\/17901","targetHints":{"allow":["GET"]}}],"collection":[{"href":"https:\/\/factory.sale\/et\/wp-json\/wp\/v2\/product"}],"about":[{"href":"https:\/\/factory.sale\/et\/wp-json\/wp\/v2\/types\/product"}],"replies":[{"embeddable":true,"href":"https:\/\/factory.sale\/et\/wp-json\/wp\/v2\/comments?post=17901"}],"wp:featuredmedia":[{"embeddable":true,"href":"https:\/\/factory.sale\/et\/wp-json\/wp\/v2\/media\/18370"}],"wp:attachment":[{"href":"https:\/\/factory.sale\/et\/wp-json\/wp\/v2\/media?parent=17901"}],"wp:term":[{"taxonomy":"factory","embeddable":true,"href":"https:\/\/factory.sale\/et\/wp-json\/wp\/v2\/factory?post=17901"},{"taxonomy":"free-shipment","embeddable":true,"href":"https:\/\/factory.sale\/et\/wp-json\/wp\/v2\/free-shipment?post=17901"},{"taxonomy":"product_brand","embeddable":true,"href":"https:\/\/factory.sale\/et\/wp-json\/wp\/v2\/product_brand?post=17901"},{"taxonomy":"product_cat","embeddable":true,"href":"https:\/\/factory.sale\/et\/wp-json\/wp\/v2\/product_cat?post=17901"},{"taxonomy":"product_tag","embeddable":true,"href":"https:\/\/factory.sale\/et\/wp-json\/wp\/v2\/product_tag?post=17901"}],"curies":[{"name":"wp","href":"https:\/\/api.w.org\/{rel}","templated":true}]}}