{"id":17779,"date":"2022-12-26T09:06:27","date_gmt":"2022-12-26T09:07:25","guid":{"rendered":"https:\/\/factory.sale\/?post_type=product&#038;p=17779"},"modified":"2024-06-26T00:55:06","modified_gmt":"2024-06-26T00:55:06","slug":"sauna-elektrikeris-harvia-legend-po11-110kw-komplekt","status":"publish","type":"product","link":"https:\/\/factory.sale\/et\/toode\/sauna-elektrikeris-harvia-legend-po11-110kw-komplekt\/","title":{"rendered":"SAUNA ELEKTRIKERIS HARVIA LEGEND PO11, 11,0kW, komplekt"},"content":{"rendered":"<p>Tootekood: LegendPO11<\/p>\n<p>Komplekti kuuluvad:<\/p>\n<p>&#8211; HARVIA Legend PO11, 11 kW<br \/>\n&#8211; HARVIA Xenio CX170<br \/>\n&#8211; 2x 20 kg kerisekivid, 5-10 cm<br \/>\n&#8211; 4x 20 kg kerisekivid, 10-15 cm<\/p>\n<p>Harvia Legend annab teile \u00fclima saunaelamuse. See suur keris viib teid tagasi algusesse &#8211; selles sisaldub sauna olemus. Oks\u00fcdeeritud terasest raamis asub suur hulk kive ning nende soojenedes saab isegi suuremas saunas suurp\u00e4rase k\u00fcmbluse. Kivikambri avatud struktuuri t\u00f5ttu saate visata vett kerise kogu v\u00e4lispinnale. Suures kivide hulgas hoitav soojus v\u00f5imaldab teil isegi madalamatel temperatuuridel visata rohkem vett &#8211; saate meeldivalt niiske saunaelamuse.\u00dcmara vormi t\u00f5ttu saab Harvia Legend kerise paigaldada sauna p\u00f5randa keskele v\u00f5i saunalava sisse ehitada. Kerist juhitakse eraldiseisva juhtimiskeskusega (n\u00e4iteks Griffin, C150 ja C260). Legend mudelid PO11 ja PO165.<br \/>\nHarvia Xenio CX170<\/p>\n<p>Kaasaaegsest digitaalsest juhtimispuldist Harvia Xenio saab juhtida elektri- ja Combi kerist v\u00f5i infrapunaradiaatoreid. Antud juhtimispult on varustatud mugava kasutajaliidesega ja t\u00e4nu oma \u00fcsna v\u00e4iksetele m\u00f5\u00f5tudele v\u00f5ib seda paigaldada pinnale erinevates ruumides, nagu n\u00e4iteks saunas, pesutoas, gaderoobis ja isegi elutoas. Juhtimispuldist saab n\u00e4ha, millal sauna on piisavalt k\u00fctud ja kasutamiseks valmis.<\/p>\n<p>Harvia Xenio CX170 juhtimiskeskuse \u00fclesandeks on juhtida elektrilist saunakerist v\u00f5imsusega 2,3\u201317 kW.<\/p>\n<div class=\"sauna-page-hide-item\">\n<div class=\"sauna-page-hide-item\">Tehnilised andmed<\/div>\n<table border=\"3\" width=\"30%\" cellspacing=\"0\" cellpadding=\"3\">\n<colgroup>\n<col width=\"80*\" \/>\n<col width=\"35*\" \/><\/colgroup>\n<tbody>\n<tr>\n<td>V\u00f5imsus, (kW)<\/td>\n<td class=\"sauna-properties-value-box \">11<\/td>\n<\/tr>\n<tr>\n<td class=\"hightLight\">Leiliruum, min. (m3)<\/td>\n<td class=\"sauna-properties-value-box hightLight\">9<\/td>\n<\/tr>\n<tr>\n<td>Leiliruum, maks. (m3)<\/td>\n<td class=\"sauna-properties-value-box \">20<\/td>\n<\/tr>\n<tr>\n<td class=\"hightLight\">M\u00f5\u00f5dud: laius, (mm)<\/td>\n<td class=\"sauna-properties-value-box hightLight\">530<\/td>\n<\/tr>\n<tr>\n<td>M\u00f5\u00f5dud: k\u00f5rgus, (mm)<\/td>\n<td class=\"sauna-properties-value-box \">740<\/td>\n<\/tr>\n<tr>\n<td class=\"hightLight\">M\u00f5\u00f5dud: s\u00fcgavus, (mm)<\/td>\n<td class=\"sauna-properties-value-box hightLight\">530<\/td>\n<\/tr>\n<tr>\n<td>Kaal, (kg)<\/td>\n<td class=\"sauna-properties-value-box \">35<\/td>\n<\/tr>\n<tr>\n<td class=\"hightLight\">Kivid, maks. (kg)<\/td>\n<td class=\"sauna-properties-value-box hightLight\">120<\/td>\n<\/tr>\n<tr>\n<td>Leiliruumi k\u00f5rgus, min. (cm)<\/td>\n<td class=\"sauna-properties-value-box \">190<\/td>\n<\/tr>\n<tr>\n<td class=\"hightLight\">Toitepinge, faasiline<\/td>\n<td class=\"sauna-properties-value-box hightLight\">400 V 3N<\/td>\n<\/tr>\n<tr>\n<td>Toitekaabel, (mm2)<\/td>\n<td class=\"sauna-properties-value-box \">5 x 2,5<\/td>\n<\/tr>\n<tr>\n<td class=\"hightLight\">Anduri kaabel, (mm2)<\/td>\n<td class=\"sauna-properties-value-box hightLight\">4 x 0,25<\/td>\n<\/tr>\n<tr>\n<td>Andmete \u00fcleandmiskaabel<\/td>\n<td class=\"sauna-properties-value-box \"><\/td>\n<\/tr>\n<tr>\n<td class=\"hightLight\">Kaitse, (A)<\/td>\n<td class=\"sauna-properties-value-box hightLight\">3 x 16<\/td>\n<\/tr>\n<tr>\n<td>Juhtimiskeskus<\/td>\n<td class=\"sauna-properties-value-box \">Varustatud<\/td>\n<\/tr>\n<tr>\n<td class=\"hightLight\">Veemaht, (l)<\/td>\n<td class=\"sauna-properties-value-box hightLight\"><\/td>\n<\/tr>\n<tr>\n<td>Aurustusv\u00f5ime<\/td>\n<td class=\"sauna-properties-value-box \"><\/td>\n<\/tr>\n<tr>\n<td class=\"hightLight\">Lisainfo<\/td>\n<td class=\"sauna-properties-value-box hightLight\"><\/td>\n<\/tr>\n<tr>\n<td>Kivid<\/td>\n<\/tr>\n<\/tbody>\n<\/table>\n<\/div>\n","protected":false},"excerpt":{"rendered":"<p>Harvia Legend annab teile \u00fclima saunaelamuse. See suur keris viib teid tagasi algusesse &#8211; selles sisaldub sauna olemus. Oks\u00fcdeeritud terasest raamis asub suur hulk kive ning nende soojenedes saab isegi suuremas saunas suurp\u00e4rase k\u00fcmbluse.<\/p>\n","protected":false},"featured_media":17772,"comment_status":"open","ping_status":"closed","template":"","meta":{"_acf_changed":false},"factory":[],"free-shipment":[],"product_brand":[],"product_cat":[306,784],"product_tag":[1442,1679,808],"class_list":{"0":"post-17779","1":"product","2":"type-product","3":"status-publish","4":"has-post-thumbnail","6":"product_cat-saunakerised","7":"product_cat-sanitaartehnika","8":"product_tag-floor-heater-et","9":"product_tag-harvia-legend-po11-11kw-et","10":"product_tag-kerised","12":"first","13":"instock","14":"sale","15":"taxable","16":"shipping-taxable","17":"purchasable","18":"product-type-simple"},"acf":[],"_links":{"self":[{"href":"https:\/\/factory.sale\/et\/wp-json\/wp\/v2\/product\/17779","targetHints":{"allow":["GET"]}}],"collection":[{"href":"https:\/\/factory.sale\/et\/wp-json\/wp\/v2\/product"}],"about":[{"href":"https:\/\/factory.sale\/et\/wp-json\/wp\/v2\/types\/product"}],"replies":[{"embeddable":true,"href":"https:\/\/factory.sale\/et\/wp-json\/wp\/v2\/comments?post=17779"}],"wp:featuredmedia":[{"embeddable":true,"href":"https:\/\/factory.sale\/et\/wp-json\/wp\/v2\/media\/17772"}],"wp:attachment":[{"href":"https:\/\/factory.sale\/et\/wp-json\/wp\/v2\/media?parent=17779"}],"wp:term":[{"taxonomy":"factory","embeddable":true,"href":"https:\/\/factory.sale\/et\/wp-json\/wp\/v2\/factory?post=17779"},{"taxonomy":"free-shipment","embeddable":true,"href":"https:\/\/factory.sale\/et\/wp-json\/wp\/v2\/free-shipment?post=17779"},{"taxonomy":"product_brand","embeddable":true,"href":"https:\/\/factory.sale\/et\/wp-json\/wp\/v2\/product_brand?post=17779"},{"taxonomy":"product_cat","embeddable":true,"href":"https:\/\/factory.sale\/et\/wp-json\/wp\/v2\/product_cat?post=17779"},{"taxonomy":"product_tag","embeddable":true,"href":"https:\/\/factory.sale\/et\/wp-json\/wp\/v2\/product_tag?post=17779"}],"curies":[{"name":"wp","href":"https:\/\/api.w.org\/{rel}","templated":true}]}}