{"id":17759,"date":"2025-10-12T14:55:42","date_gmt":"2022-12-22T14:55:42","guid":{"rendered":"https:\/\/factory.sale\/product\/quadra-barrel-6m-three-rooms\/"},"modified":"2026-03-22T21:42:00","modified_gmt":"2026-03-22T18:42:00","slug":"tunnisaun-5-m-6-inimesele-koos-istmete-voi-voodiga","status":"publish","type":"product","link":"https:\/\/factory.sale\/et\/toode\/tunnisaun-5-m-6-inimesele-koos-istmete-voi-voodiga\/","title":{"rendered":"&#8220;5m&#8221; S5P T\u00fcnnisaun 5m 6-inimesele koos istmete v\u00f5i voodiga"},"content":{"rendered":"<p>Sortimendi suurim ja ruumikaim v\u00e4lisaun on uuendusliku, l\u00e4bim\u00f5eldud disaini ja funktsionaalse sisuga. Riietusruumiga v\u00e4lisaun on 2 in 1 mudel, sest riietusruumi istmed ja laud on h\u00f5lpsasti \u00fcmber kujundatavad 2,1 x 1,8 m voodiks, mis v\u00f5ib olla suurep\u00e4rane lahendus neile, kellele meeldib s\u00f5prade ja perega looduses aega veeta. See aiasaun on saadaval nii kokkupandud kui ka kokkupanemata versioonina.<\/p>\n<p>P\u00f5hikomplektis olev poolpanoraamaken tagab mugavuse ja lisab garderoobi palju loomulikku valgust ning v\u00f5imaldab imetleda kaunist vaadet. P\u00f5hikomplekti kuuluvad ka seljatoed, jalapadjad ja p\u00f5rand.<\/p>\n<p>&nbsp;<\/p>\n<p><strong>P\u00f5hikomplekt sisaldab:<\/strong><\/p>\n<ul>\n<li>Kuusest lahti v\u00f5etud saun<\/li>\n<li>Puidu paksus: 40 mm<\/li>\n<li>Elutoa istmed saab \u00fcmber kujundada voodiks 2,1 x 1,8 m<\/li>\n<li>Termopuidust pingid ja p\u00f5rand<\/li>\n<li>Pruun karastatud klaasist uks leiliruumis; Lukuga puidust v\u00e4lisuks<\/li>\n<li>Kokkupandav laud 1,8 * 0,6 m<\/li>\n<li>Panoraamaken elutoas<\/li>\n<li>Seljatugi, 2 tk<\/li>\n<li>Bituumenkatus<\/li>\n<li>Roostevabast terasest r\u00f5ngad \u2013 4 tk<\/li>\n<\/ul>\n<p>&nbsp;<\/p>\n<p><strong>Saadaval vasakpoolse v\u00f5i parempoolse leiliruumiga (sama hind):<\/strong><\/p>\n<ul>\n<li>Vasakpoolne: kuusest (S5PLE) v\u00f5i termopuidust (S5PLT) t\u00fcnn<\/li>\n<li>Parempoolne: kuusest (S5PRE) v\u00f5i termopuidust (S5PRT) t\u00fcnn<\/li>\n<\/ul>\n<p>&nbsp;<\/p>\n<p>&nbsp;<\/p>\n<p><strong>Katuse v\u00e4rvid:<\/strong><\/p>\n<p>Pruun, must, roheline<\/p>\n<p><img loading=\"lazy\" decoding=\"async\" class=\"alignnone wp-image-90747\" src=\"https:\/\/factory.sale\/wp-content\/uploads\/2024\/09\/roof-colours-300x91.png\" alt=\"\" width=\"649\" height=\"197\" srcset=\"https:\/\/factory.sale\/wp-content\/uploads\/2024\/09\/roof-colours-300x91.png 300w, https:\/\/factory.sale\/wp-content\/uploads\/2024\/09\/roof-colours-1024x311.png 1024w, https:\/\/factory.sale\/wp-content\/uploads\/2024\/09\/roof-colours-150x46.png 150w, https:\/\/factory.sale\/wp-content\/uploads\/2024\/09\/roof-colours-600x182.png 600w, https:\/\/factory.sale\/wp-content\/uploads\/2024\/09\/roof-colours.png 1330w\" sizes=\"auto, (max-width: 649px) 100vw, 649px\" \/><\/p>\n<p>&nbsp;<\/p>\n<p>&nbsp;<\/p>\n<p><strong>* Termopuiduga sauna hind (S5PLT\/S5PRT ) \u2013 5313 EUR<\/strong><\/p>\n<p><strong>* Saadaval on palju tarvikuid. Saada meile p\u00e4ring ja k\u00fcsi lisainfot!<\/strong><\/p>\n<p>&nbsp;<\/p>\n<p>&nbsp;<\/p>\n<p><strong>Transpordi informatsioon:<\/strong><\/p>\n<p>17 m veoauto ilma t\u00f5stukita: kohaletoimetamine ainult 17 m veokiga (vajalik on eelnevalt tagada mahalaadimisvarustus), k\u00fcsi lisainfot!<\/p>\n<p>&nbsp;<\/p>\n<p>&nbsp;<\/p>\n","protected":false},"excerpt":{"rendered":"<p>T\u00fcnnisaun valmistatud just sulle, vali oma eeldused tootele ja naudi oma isiklikku t\u00fcnnisauna kodus.<\/p>\n<p>Sortimendi suurim ja ruumikaim saun on uuendusliku, l\u00e4bim\u00f5eldud disaini ja funktsionaalse sisuga.<\/p>\n<p><strong>Ostes Eesti tooteid, saate ainult k\u00f5rgeima kvaliteediga tooted.<\/strong><\/p>\n<p><img loading=\"lazy\" decoding=\"async\" class=\"alignnone wp-image-100903\" src=\"https:\/\/factory.sale\/wp-content\/uploads\/2023\/04\/made-inestonia-3-factory-sale-300x300.webp\" alt=\"Made in Estonia.\" width=\"255\" height=\"255\" srcset=\"https:\/\/factory.sale\/wp-content\/uploads\/2023\/04\/made-inestonia-3-factory-sale-300x300.webp 300w, https:\/\/factory.sale\/wp-content\/uploads\/2023\/04\/made-inestonia-3-factory-sale-1024x1024.webp 1024w, https:\/\/factory.sale\/wp-content\/uploads\/2023\/04\/made-inestonia-3-factory-sale-150x150.webp 150w, https:\/\/factory.sale\/wp-content\/uploads\/2023\/04\/made-inestonia-3-factory-sale-1536x1536.webp 1536w, https:\/\/factory.sale\/wp-content\/uploads\/2023\/04\/made-inestonia-3-factory-sale-600x600.webp 600w, https:\/\/factory.sale\/wp-content\/uploads\/2023\/04\/made-inestonia-3-factory-sale-100x100.webp 100w, https:\/\/factory.sale\/wp-content\/uploads\/2023\/04\/made-inestonia-3-factory-sale.webp 2048w\" sizes=\"auto, (max-width: 255px) 100vw, 255px\" \/><\/p>\n","protected":false},"featured_media":84920,"comment_status":"open","ping_status":"closed","template":"","meta":{"_acf_changed":false},"factory":[],"free-shipment":[],"product_brand":[],"product_cat":[1643,784],"product_tag":[1648,1908],"class_list":{"0":"post-17759","1":"product","2":"type-product","3":"status-publish","4":"has-post-thumbnail","6":"product_cat-tunnisaun","7":"product_cat-sanitaartehnika","8":"product_tag-barrel-sauna-et","9":"product_tag-outdoor-sauna-et","11":"first","12":"instock","13":"sale","14":"taxable","15":"shipping-taxable","16":"purchasable","17":"product-type-simple"},"acf":[],"_links":{"self":[{"href":"https:\/\/factory.sale\/et\/wp-json\/wp\/v2\/product\/17759","targetHints":{"allow":["GET"]}}],"collection":[{"href":"https:\/\/factory.sale\/et\/wp-json\/wp\/v2\/product"}],"about":[{"href":"https:\/\/factory.sale\/et\/wp-json\/wp\/v2\/types\/product"}],"replies":[{"embeddable":true,"href":"https:\/\/factory.sale\/et\/wp-json\/wp\/v2\/comments?post=17759"}],"wp:featuredmedia":[{"embeddable":true,"href":"https:\/\/factory.sale\/et\/wp-json\/wp\/v2\/media\/84920"}],"wp:attachment":[{"href":"https:\/\/factory.sale\/et\/wp-json\/wp\/v2\/media?parent=17759"}],"wp:term":[{"taxonomy":"factory","embeddable":true,"href":"https:\/\/factory.sale\/et\/wp-json\/wp\/v2\/factory?post=17759"},{"taxonomy":"free-shipment","embeddable":true,"href":"https:\/\/factory.sale\/et\/wp-json\/wp\/v2\/free-shipment?post=17759"},{"taxonomy":"product_brand","embeddable":true,"href":"https:\/\/factory.sale\/et\/wp-json\/wp\/v2\/product_brand?post=17759"},{"taxonomy":"product_cat","embeddable":true,"href":"https:\/\/factory.sale\/et\/wp-json\/wp\/v2\/product_cat?post=17759"},{"taxonomy":"product_tag","embeddable":true,"href":"https:\/\/factory.sale\/et\/wp-json\/wp\/v2\/product_tag?post=17759"}],"curies":[{"name":"wp","href":"https:\/\/api.w.org\/{rel}","templated":true}]}}