{"id":17722,"date":"2025-10-12T14:29:20","date_gmt":"2022-12-22T14:29:20","guid":{"rendered":"https:\/\/factory.sale\/product\/quadra-barrel-4m-two-rooms\/"},"modified":"2026-04-15T21:08:26","modified_gmt":"2026-04-15T18:08:26","slug":"tunnisaun-4-m-4-inimesele-koos-riietusruumi-ja-valiste-istumisalaga","status":"publish","type":"product","link":"https:\/\/factory.sale\/et\/toode\/tunnisaun-4-m-4-inimesele-koos-riietusruumi-ja-valiste-istumisalaga\/","title":{"rendered":"&#8220;4m&#8221; S4PV T\u00fcnnisaun 4 inimesele koos riietusruumi ja terrassiga"},"content":{"rendered":"<div style=\"width: 960px;\" class=\"wp-video\"><!--[if lt IE 9]><script>document.createElement('video');<\/script><![endif]-->\n<video class=\"wp-video-shortcode\" id=\"video-17722-1\" width=\"960\" height=\"300\" preload=\"metadata\" controls=\"controls\"><source type=\"video\/mp4\" src=\"https:\/\/factory.sale\/wp-content\/uploads\/2023\/04\/Barrel-Saunas-960x300-1.mp4?_=1\" \/><a href=\"https:\/\/factory.sale\/wp-content\/uploads\/2023\/04\/Barrel-Saunas-960x300-1.mp4\">https:\/\/factory.sale\/wp-content\/uploads\/2023\/04\/Barrel-Saunas-960x300-1.mp4<\/a><\/video><\/div>\n<p>&nbsp;<\/p>\n<p>&nbsp;<\/p>\n<p>4 m t\u00fcnnisaun on funktsionaalne ja sobib ideaalselt perele v\u00f5i 4-6-liikmelisele seltskonnale.<br \/>\nLisaks leiliruumile on sellel mudelil riietusruum, kus saate halva ilma korral l\u00f5\u00f5gastuda ja riideid vahetada ning ka v\u00e4line puhkeala.<br \/>\nSellel miniterrassil saate nautida loodust ja hingata v\u00e4rsket \u00f5hku.<br \/>\nElektrikerise kasutamisel v\u00f5tab k\u00fctmine aega kuni 2 tundi.<\/p>\n<p>Seda on saadaval nii kokkupandud kui ka kokkupanemata versioonina, see v\u00f5ib olla valmistatud kuusest v\u00f5i termopuidust, l\u00e4bim\u00f5\u00f5duga 2 m.<br \/>\nSeda t\u00e4iustades ja lisatarvikutega t\u00e4iendades saate k\u00f5iki enda soove arvestades kohandatud sauna koos garderoobiga.<br \/>\nValides selle t\u00fcnnisauna, saad suurep\u00e4rase kvaliteedi m\u00f5istliku hinna eest.<\/p>\n<p>&nbsp;<\/p>\n<p><strong>P\u00f5hikomplekt sisaldab:<\/strong><\/p>\n<ul>\n<li>Kuusest lahti v\u00f5etud saun<\/li>\n<li>Kuusest (S4PVE)\/ termopuidust (S4PVT) t\u00fcnn (paksus 40 mm, \u00d82 m, h = 2,1 m \u2013 ilma korstnata)<\/li>\n<li>Pingid termopuidust<\/li>\n<li>Pruun karastatud klaasist leiliruumi uks<\/li>\n<li>Puidust aknaga v\u00e4lisuks<\/li>\n<li>Bituumensindel katus<\/li>\n<li>Roostevabast terasest pingutuslatid \u2013 4 tk.<\/li>\n<\/ul>\n<p>&nbsp;<\/p>\n<p>&nbsp;<\/p>\n<p><strong>Saadaval ka l\u00e4bim\u00f5\u00f5duga \u00d82,2m (hinnad ilma k\u00e4ibemaksuta):<\/strong><\/p>\n<ul>\n<li>Kuusest (22S4PVE) &#8211; 2944 EUR<\/li>\n<li>Termopuidust (22S4PVT) &#8211; 3599,50 EUR<\/li>\n<\/ul>\n<p>&nbsp;<\/p>\n<p>&nbsp;<\/p>\n<p><strong>* Saadaval palju lisavarustust ja tarvikuid. Saada meile p\u00e4ring ja k\u00fcsi lisainfot!<\/strong><\/p>\n<p><strong>* Termopuidust (S4PVT) sauna hind \u2013 3289 EUR<\/strong><\/p>\n<p>&nbsp;<\/p>\n<p>&nbsp;<\/p>\n<p><b>Transpordi informatsioon:<\/b><\/p>\n<p>17 m veoauto ilma t\u00f5stukita: kohaletoimetamine ainult 17 m veokiga (vajalik on eelnevalt tagada mahalaadimisvarustus), k\u00fcsi lisainfot!<\/p>\n","protected":false},"excerpt":{"rendered":"<p>T\u00fcnnisaun valmistatud just sulle, vali oma eeldused tootele ja naudi oma isiklikku t\u00fcnnisauna kodus.<\/p>\n<p>4 m t\u00fcnnisaun on funktsionaalne ja sobib ideaalselt perele v\u00f5i 4-6-liikmelisele seltskonnale.<\/p>\n<p><strong>Ostes Eesti tooteid, saate ainult k\u00f5rgeima kvaliteediga tooted.<\/strong><\/p>\n<p><img loading=\"lazy\" decoding=\"async\" class=\"alignnone wp-image-100903\" src=\"https:\/\/factory.sale\/wp-content\/uploads\/2023\/04\/made-inestonia-3-factory-sale-300x300.webp\" alt=\"Made in Estonia.\" width=\"255\" height=\"255\" srcset=\"https:\/\/factory.sale\/wp-content\/uploads\/2023\/04\/made-inestonia-3-factory-sale-300x300.webp 300w, https:\/\/factory.sale\/wp-content\/uploads\/2023\/04\/made-inestonia-3-factory-sale-1024x1024.webp 1024w, https:\/\/factory.sale\/wp-content\/uploads\/2023\/04\/made-inestonia-3-factory-sale-150x150.webp 150w, https:\/\/factory.sale\/wp-content\/uploads\/2023\/04\/made-inestonia-3-factory-sale-1536x1536.webp 1536w, https:\/\/factory.sale\/wp-content\/uploads\/2023\/04\/made-inestonia-3-factory-sale-600x600.webp 600w, https:\/\/factory.sale\/wp-content\/uploads\/2023\/04\/made-inestonia-3-factory-sale-100x100.webp 100w, https:\/\/factory.sale\/wp-content\/uploads\/2023\/04\/made-inestonia-3-factory-sale.webp 2048w\" sizes=\"auto, (max-width: 255px) 100vw, 255px\" \/><\/p>\n","protected":false},"featured_media":102616,"comment_status":"open","ping_status":"closed","template":"","meta":{"_acf_changed":false},"factory":[],"free-shipment":[],"product_brand":[],"product_cat":[1643,784],"product_tag":[],"class_list":{"0":"post-17722","1":"product","2":"type-product","3":"status-publish","4":"has-post-thumbnail","6":"product_cat-tunnisaun","7":"product_cat-sanitaartehnika","9":"first","10":"instock","11":"sale","12":"taxable","13":"shipping-taxable","14":"purchasable","15":"product-type-simple"},"acf":[],"_links":{"self":[{"href":"https:\/\/factory.sale\/et\/wp-json\/wp\/v2\/product\/17722","targetHints":{"allow":["GET"]}}],"collection":[{"href":"https:\/\/factory.sale\/et\/wp-json\/wp\/v2\/product"}],"about":[{"href":"https:\/\/factory.sale\/et\/wp-json\/wp\/v2\/types\/product"}],"replies":[{"embeddable":true,"href":"https:\/\/factory.sale\/et\/wp-json\/wp\/v2\/comments?post=17722"}],"wp:featuredmedia":[{"embeddable":true,"href":"https:\/\/factory.sale\/et\/wp-json\/wp\/v2\/media\/102616"}],"wp:attachment":[{"href":"https:\/\/factory.sale\/et\/wp-json\/wp\/v2\/media?parent=17722"}],"wp:term":[{"taxonomy":"factory","embeddable":true,"href":"https:\/\/factory.sale\/et\/wp-json\/wp\/v2\/factory?post=17722"},{"taxonomy":"free-shipment","embeddable":true,"href":"https:\/\/factory.sale\/et\/wp-json\/wp\/v2\/free-shipment?post=17722"},{"taxonomy":"product_brand","embeddable":true,"href":"https:\/\/factory.sale\/et\/wp-json\/wp\/v2\/product_brand?post=17722"},{"taxonomy":"product_cat","embeddable":true,"href":"https:\/\/factory.sale\/et\/wp-json\/wp\/v2\/product_cat?post=17722"},{"taxonomy":"product_tag","embeddable":true,"href":"https:\/\/factory.sale\/et\/wp-json\/wp\/v2\/product_tag?post=17722"}],"curies":[{"name":"wp","href":"https:\/\/api.w.org\/{rel}","templated":true}]}}