{"id":17628,"date":"2022-12-22T12:19:35","date_gmt":"2022-12-22T12:19:35","guid":{"rendered":"https:\/\/factory.sale\/product\/barrel-bath-3m-two-rooms\/"},"modified":"2026-03-23T01:03:59","modified_gmt":"2026-03-22T22:03:59","slug":"tunnisaun-3m-6-inimesele","status":"publish","type":"product","link":"https:\/\/factory.sale\/et\/toode\/tunnisaun-3m-6-inimesele\/","title":{"rendered":"&#8220;3m&#8221; S3 T\u00fcnnisaun 6-inimesele"},"content":{"rendered":"<p><video style=\"max-width: 100%; height: auto; display: block;\" preload=\"auto\" autoplay=\"autoplay\" loop=\"loop\" muted=\"\" controls=\"controls\" width=\"1500\" height=\"750\"><source src=\"https:\/\/factory.sale\/wp-content\/uploads\/2023\/04\/Barrel-Saunas-960x300-1.mp4\" type=\"video\/mp4\" \/>Your browser does not support the video tag.<\/video><\/p>\n<p>Ruumikas ainult leiliruumiga v\u00e4lisaun on optimaalne suurele perele v\u00f5i saunas\u00f5pradele ja nende seltskonnale. See<br \/>\nv\u00e4lisaun<br \/>\ntarnitakse kas kokkupandud v\u00f5i komplektversioonis, see v\u00f5ib olla valmistatud kuusest v\u00f5i termopuidust.<br \/>\nSee puuk\u00fcttega v\u00e4lisaun on saadaval ka 6 v\u00f5i 8 kW elektrikerisega, l\u00e4bim\u00f5\u00f5duga 2 m ja 2,2 m.<br \/>\nSoovitame oma sauna t\u00e4iendada panoraamakna, dekoratiivse puitr\u00f5nga ja muude kasulike tarvikutega, mis parandavad selle v\u00e4limust<br \/>\nja funktsionaalsust.<br \/>\nValides selle v\u00e4lisauna, saate suurep\u00e4rase kvaliteedi m\u00f5istliku hinna eest.<\/p>\n<p>&nbsp;<\/p>\n<p><strong>P\u00f5hikomplekt sisaldab:<\/strong><\/p>\n<ul>\n<li>Kuusest (S3E) \/Termopuidust (S3T) \u00a0(paksus 40 mm, \u00d82\/\u00d82,2 m, h = 2,1\/2,3 m \u2013 ilma korstnata)<\/li>\n<li>Pingid termopuidust<\/li>\n<li>Pruun karastatud klaasist uks<\/li>\n<li>Bituumenkatus<\/li>\n<li>Roostevabast terasest latid \u2013 3 tk<\/li>\n<\/ul>\n<p>&nbsp;<\/p>\n<p><strong>Saadaval ka l\u00e4bim\u00f5\u00f5duga \u00d82,2m (hinnad ilma k\u00e4ibemaksuta):<\/strong><\/p>\n<ul>\n<li>Kuusest (22S3E) &#8211; 2173,50\u00a0EUR<\/li>\n<li>Termopuidust (22S3T) &#8211; 2760 EUR<\/li>\n<\/ul>\n<p>&nbsp;<\/p>\n<p>&nbsp;<\/p>\n<p><strong>Katuse v\u00e4rvid:<\/strong><\/p>\n<p>Pruun, must, roheline<\/p>\n<p><img loading=\"lazy\" decoding=\"async\" class=\"alignnone wp-image-90747\" src=\"https:\/\/factory.sale\/wp-content\/uploads\/2024\/09\/roof-colours-300x91.png\" alt=\"\" width=\"649\" height=\"197\" srcset=\"https:\/\/factory.sale\/wp-content\/uploads\/2024\/09\/roof-colours-300x91.png 300w, https:\/\/factory.sale\/wp-content\/uploads\/2024\/09\/roof-colours-1024x311.png 1024w, https:\/\/factory.sale\/wp-content\/uploads\/2024\/09\/roof-colours-150x46.png 150w, https:\/\/factory.sale\/wp-content\/uploads\/2024\/09\/roof-colours-600x182.png 600w, https:\/\/factory.sale\/wp-content\/uploads\/2024\/09\/roof-colours.png 1330w\" sizes=\"auto, (max-width: 649px) 100vw, 649px\" \/><\/p>\n<p>&nbsp;<\/p>\n<p>&nbsp;<\/p>\n<p>&nbsp;<\/p>\n<p><strong><em>* Saadaval palju lisavarustust ja tarvikuid. Saada meile p\u00e4ring ja k\u00fcsi lisainfot!<\/em><\/strong><\/p>\n<p><strong><em>* Termopuidust (S3T) sauna hind &#8211; <\/em><\/strong><em><strong>2530 <\/strong><\/em><strong><em>EUR<\/em><\/strong><\/p>\n<p>&nbsp;<\/p>\n<p><b>Transpordi informatsioon:<\/b><\/p>\n<p>17 m veoauto ilma t\u00f5stukita: kohaletoimetamine ainult 17 m veokiga (vajalik on eelnevalt tagada mahalaadimisvarustus), k\u00fcsi lisainfot!<\/p>\n","protected":false},"excerpt":{"rendered":"<p>Ruumikas ainult leiliruumiga v\u00e4lisaun on optimaalne suurele perele v\u00f5i saunas\u00f5pradele ja nende seltskonnale. Sellist v\u00e4lisauna tarnitakse nii kokkupandud kui komplektversioonis, see v\u00f5ib olla valmistatud kuusest v\u00f5i termopuidust.<\/p>\n<p>&nbsp;<\/p>\n<div>\n<p><strong>Ostes Eesti tooteid, saate ainult k\u00f5rgeima kvaliteediga tooted.<\/strong><\/p>\n<p><img loading=\"lazy\" decoding=\"async\" class=\"alignnone wp-image-100903\" src=\"https:\/\/factory.sale\/wp-content\/uploads\/2023\/04\/made-inestonia-3-factory-sale-300x300.webp\" alt=\"Made in Estonia.\" width=\"255\" height=\"255\" srcset=\"https:\/\/factory.sale\/wp-content\/uploads\/2023\/04\/made-inestonia-3-factory-sale-300x300.webp 300w, https:\/\/factory.sale\/wp-content\/uploads\/2023\/04\/made-inestonia-3-factory-sale-1024x1024.webp 1024w, https:\/\/factory.sale\/wp-content\/uploads\/2023\/04\/made-inestonia-3-factory-sale-150x150.webp 150w, https:\/\/factory.sale\/wp-content\/uploads\/2023\/04\/made-inestonia-3-factory-sale-1536x1536.webp 1536w, https:\/\/factory.sale\/wp-content\/uploads\/2023\/04\/made-inestonia-3-factory-sale-600x600.webp 600w, https:\/\/factory.sale\/wp-content\/uploads\/2023\/04\/made-inestonia-3-factory-sale-100x100.webp 100w, https:\/\/factory.sale\/wp-content\/uploads\/2023\/04\/made-inestonia-3-factory-sale.webp 2048w\" sizes=\"auto, (max-width: 255px) 100vw, 255px\" \/><\/p>\n<\/div>\n","protected":false},"featured_media":94581,"comment_status":"open","ping_status":"closed","template":"","meta":{"_acf_changed":false},"factory":[],"free-shipment":[],"product_brand":[],"product_cat":[1643,784],"product_tag":[1655,1648],"class_list":{"0":"post-17628","1":"product","2":"type-product","3":"status-publish","4":"has-post-thumbnail","6":"product_cat-tunnisaun","7":"product_cat-sanitaartehnika","8":"product_tag-barrel-bath-3m-two-rooms-et-2","9":"product_tag-barrel-sauna-et","11":"first","12":"instock","13":"sale","14":"taxable","15":"shipping-taxable","16":"purchasable","17":"product-type-simple"},"acf":[],"_links":{"self":[{"href":"https:\/\/factory.sale\/et\/wp-json\/wp\/v2\/product\/17628","targetHints":{"allow":["GET"]}}],"collection":[{"href":"https:\/\/factory.sale\/et\/wp-json\/wp\/v2\/product"}],"about":[{"href":"https:\/\/factory.sale\/et\/wp-json\/wp\/v2\/types\/product"}],"replies":[{"embeddable":true,"href":"https:\/\/factory.sale\/et\/wp-json\/wp\/v2\/comments?post=17628"}],"wp:featuredmedia":[{"embeddable":true,"href":"https:\/\/factory.sale\/et\/wp-json\/wp\/v2\/media\/94581"}],"wp:attachment":[{"href":"https:\/\/factory.sale\/et\/wp-json\/wp\/v2\/media?parent=17628"}],"wp:term":[{"taxonomy":"factory","embeddable":true,"href":"https:\/\/factory.sale\/et\/wp-json\/wp\/v2\/factory?post=17628"},{"taxonomy":"free-shipment","embeddable":true,"href":"https:\/\/factory.sale\/et\/wp-json\/wp\/v2\/free-shipment?post=17628"},{"taxonomy":"product_brand","embeddable":true,"href":"https:\/\/factory.sale\/et\/wp-json\/wp\/v2\/product_brand?post=17628"},{"taxonomy":"product_cat","embeddable":true,"href":"https:\/\/factory.sale\/et\/wp-json\/wp\/v2\/product_cat?post=17628"},{"taxonomy":"product_tag","embeddable":true,"href":"https:\/\/factory.sale\/et\/wp-json\/wp\/v2\/product_tag?post=17628"}],"curies":[{"name":"wp","href":"https:\/\/api.w.org\/{rel}","templated":true}]}}