{"id":17574,"date":"2022-12-22T09:59:48","date_gmt":"2022-12-22T09:59:48","guid":{"rendered":"https:\/\/factory.sale\/product\/sauna-stones-olivine-diabase-10-15cm-20kg\/"},"modified":"2026-01-23T12:15:29","modified_gmt":"2026-01-23T09:15:29","slug":"kerisekivid-oliviin-diabaas-10-15cm-20kg","status":"publish","type":"product","link":"https:\/\/factory.sale\/et\/toode\/kerisekivid-oliviin-diabaas-10-15cm-20kg\/","title":{"rendered":"Kerisekivid oliviin-diabaas 10-15cm 20kg"},"content":{"rendered":"<p>Tootekood: <span class=\"p-model\">EVT10-15SE<\/span><\/p>\n<p>Pilt on illustratiivne.<\/p>\n<p>Kerisekivid on valitud vanu traditsioone j\u00e4rgides nii, et need annaksid m\u00f5nusat ja pehmet kuumust ning tagaksid parima saunameeleolu.<\/p>\n<p>Oliviin-diabaasist kerisekivid on sobilikud nii elektrikeristes, kui ka puuk\u00fcttega ahjudes kasutamiseks.<\/p>\n<p>Murtud kivid talletavad palju kuumust ning vesi aurustub murrukoha laialt pinnalt t\u00f5husalt. Nurklikke murtud kive on kerises mugav paigutada. Elektrikeristes on kivide paigutamine eriti oluline, et kuumus saaks saunaruumis kuumade kivide ja k\u00fctteelementide vahelt v\u00f5imalikult t\u00f5husalt laiali kanduda. Kivikambri hea \u00f5huringlus aitab elektriliste k\u00fctteelementidel ning puuk\u00fcttega ahjude koldel v\u00f5imalikult kaua vastu pidada.<\/p>\n<p>Kerisekivid on saadaval kahes suuruses. V\u00e4iksemad 5\u201310 cm l\u00e4bim\u00f5\u00f5duga kivid sobivad seinale kinnitatavatesse elektrikeristesse, mille v\u00f5imsus on v\u00e4ike. Suuremad 10\u201315 cm l\u00e4bim\u00f5\u00f5duga kerisekivid sobivad eelk\u00f5ige suurematesse elektrikeristesse ning puuk\u00fcttega ahjudesse.<\/p>\n<p>Materjal:\u00a0oliviin-diabaas<br \/>\nKivi m\u00f5\u00f5t:\u00a010-15 cm<br \/>\nKogus pakis:\u00a020 kg<\/p>\n<p>&nbsp;<\/p>\n<p>Kerisekivid on eelk\u00f5ige m\u00f5eldud kerise v\u00f5i saunaahjuga koosostmiseks ning hulgitellimuseks. Eraldi ostes kehtib miinimumkogus (alus).<\/p>\n","protected":false},"excerpt":{"rendered":"<p>Kerisekivid on valitud vanu traditsioone j\u00e4rgides nii, et need annaksid m\u00f5nusat ja pehmet kuumust ning tagaksid parima saunameeleolu.<\/p>\n<p>Oliviin-diabaasist kerisekivid on sobilikud nii elektrikeristes, kui ka puuk\u00fcttega ahjudes kasutamiseks.<\/p>\n","protected":false},"featured_media":17559,"comment_status":"open","ping_status":"closed","template":"","meta":{"_acf_changed":false},"factory":[],"free-shipment":[],"product_brand":[],"product_cat":[1628],"product_tag":[1633,1634,1640],"class_list":{"0":"post-17574","1":"product","2":"type-product","3":"status-publish","4":"has-post-thumbnail","6":"product_cat-kerisekivid","7":"product_tag-heating-stones-et","8":"product_tag-sauna-stones-et","9":"product_tag-sauna-stones-olivine-diabase-10-15cm-20kg-et","11":"first","12":"instock","13":"sale","14":"taxable","15":"shipping-taxable","16":"purchasable","17":"product-type-simple"},"acf":[],"_links":{"self":[{"href":"https:\/\/factory.sale\/et\/wp-json\/wp\/v2\/product\/17574","targetHints":{"allow":["GET"]}}],"collection":[{"href":"https:\/\/factory.sale\/et\/wp-json\/wp\/v2\/product"}],"about":[{"href":"https:\/\/factory.sale\/et\/wp-json\/wp\/v2\/types\/product"}],"replies":[{"embeddable":true,"href":"https:\/\/factory.sale\/et\/wp-json\/wp\/v2\/comments?post=17574"}],"wp:featuredmedia":[{"embeddable":true,"href":"https:\/\/factory.sale\/et\/wp-json\/wp\/v2\/media\/17559"}],"wp:attachment":[{"href":"https:\/\/factory.sale\/et\/wp-json\/wp\/v2\/media?parent=17574"}],"wp:term":[{"taxonomy":"factory","embeddable":true,"href":"https:\/\/factory.sale\/et\/wp-json\/wp\/v2\/factory?post=17574"},{"taxonomy":"free-shipment","embeddable":true,"href":"https:\/\/factory.sale\/et\/wp-json\/wp\/v2\/free-shipment?post=17574"},{"taxonomy":"product_brand","embeddable":true,"href":"https:\/\/factory.sale\/et\/wp-json\/wp\/v2\/product_brand?post=17574"},{"taxonomy":"product_cat","embeddable":true,"href":"https:\/\/factory.sale\/et\/wp-json\/wp\/v2\/product_cat?post=17574"},{"taxonomy":"product_tag","embeddable":true,"href":"https:\/\/factory.sale\/et\/wp-json\/wp\/v2\/product_tag?post=17574"}],"curies":[{"name":"wp","href":"https:\/\/api.w.org\/{rel}","templated":true}]}}