{"id":17452,"date":"2022-12-16T11:20:49","date_gmt":"2022-12-16T11:20:49","guid":{"rendered":"https:\/\/factory.sale\/product\/48x198-planed-c24-plank-spruce\/"},"modified":"2024-06-26T17:23:11","modified_gmt":"2024-06-26T17:23:11","slug":"48x198-hoovelpruss-c24-kuusk","status":"publish","type":"product","link":"https:\/\/factory.sale\/et\/toode\/48x198-hoovelpruss-c24-kuusk\/","title":{"rendered":"48&#215;198 H\u00f6\u00f6velpruss C24, Kuusk"},"content":{"rendered":"<p><span data-sheets-value=\"{&quot;1&quot;:3,&quot;3&quot;:8048198000310}\" data-sheets-userformat=\"{&quot;2&quot;:14529,&quot;3&quot;:{&quot;1&quot;:2,&quot;2&quot;:&quot;0&quot;,&quot;3&quot;:1},&quot;9&quot;:1,&quot;10&quot;:1,&quot;14&quot;:{&quot;1&quot;:3,&quot;3&quot;:1},&quot;15&quot;:&quot;Calibri&quot;,&quot;16&quot;:11}\">Tootekood: 8048198000310<\/span><\/p>\n<p><span data-sheets-value=\"{&quot;1&quot;:2,&quot;2&quot;:&quot;3,3 \u20ac\/jm&quot;}\" data-sheets-userformat=\"{&quot;2&quot;:14913,&quot;3&quot;:{&quot;1&quot;:0},&quot;9&quot;:1,&quot;12&quot;:0,&quot;14&quot;:{&quot;1&quot;:3,&quot;3&quot;:1},&quot;15&quot;:&quot;Calibri&quot;,&quot;16&quot;:11}\">3,3 \u20ac\/ jooksumeeter (jm)<\/span><\/p>\n<p><span style=\"font-weight: 400;\">48\u00d7198 h\u00f6\u00f6velpruss C24 on 48 mm paksune ja 198 mm laiune tugevusklassifikatsiooniga, CE-m\u00e4rgisega ja kareh\u00f6\u00f6veldatud puit. See on m\u00f5\u00f5tudelt t\u00e4pne saematerjal, mis sobib raamiks ja konstruktsiooniks. Kandekonstruktsioonides kasutatakse alati tugevussorteeritud puitu. Tugevusklass C24 on k\u00f5ige levinum ehituses kasutatav tugevusklass.<\/span><\/p>\n<p><span style=\"font-weight: 400;\">48\u00d7198 h\u00f6\u00f6velpruss C24 on t\u00f6\u00f6tlemata saematerjal. Seda kasutatakse k\u00f5ige sagedamini soojade ruumide raamkonstruktsioonides.<\/span><\/p>\n<p><span style=\"font-weight: 400;\">Puidu puhul on pikkused erinevad. Meie levinumad varude pikkused j\u00e4\u00e4vad vahemikku 3,6\u20136 meetrit. Pikkusm\u00f5\u00f5tmised varieeruvad 300 mm vahel (jalg).\u00a0<\/span><\/p>\n<p><span style=\"font-weight: 400;\">H\u00f6\u00f6veldatud = T\u00e4pse m\u00f5\u00f5duga j\u00e4me-h\u00f6\u00f6veldatud saematerjal. H\u00f6\u00f6veldamine toimub saematerjali h\u00f6\u00f6veldamisega suure etteandekiirusega, m\u00f5lemalt poolt ca 1 mm. H\u00f6\u00f6veldusj\u00e4lg on seega krobeline, sellel on lainelised servad ja tootel v\u00f5ib olla ka h\u00f6\u00f6veldamata kohti.<\/span><\/p>\n<p><span style=\"font-weight: 400;\">Kandekonstruktsioonides kasutatava saematerjali tugevus on vastavalt standardile EN 388 klassifitseeritud C klassidesse. Tugevusklass C24 on Soomes enim kasutatav ja sobib kandekonstruktsioonidele.<\/span><\/p>\n<p><span style=\"font-weight: 400;\">Puit on PEFC sertifikaadiga. Soovi korral on meilt v\u00f5imalik saada puit ka t\u00fckeldatuna ja kojutootuna.<\/span><\/p>\n<p>&nbsp;<\/p>\n","protected":false},"excerpt":{"rendered":"<p><span style=\"font-weight: 400;\">48\u00d7198 h\u00f6\u00f6velpruss C24 on 48 mm paksune ja 198 mm laiune tugevusklassifikatsiooniga, CE-m\u00e4rgisega ja kareh\u00f6\u00f6veldatud puit. See on m\u00f5\u00f5tudelt t\u00e4pne saematerjal, mis sobib raamiks ja konstruktsiooniks. Kandekonstruktsioonides kasutatakse alati tugevussorteeritud puitu. Tugevusklass C24 on k\u00f5ige levinum ehituses kasutatav tugevusklass.<\/span><\/p>\n","protected":false},"featured_media":17448,"comment_status":"open","ping_status":"closed","template":"","meta":{"_acf_changed":false},"factory":[],"free-shipment":[],"product_brand":[],"product_cat":[2779,1604],"product_tag":[1621,1609,301],"class_list":{"0":"post-17452","1":"product","2":"type-product","3":"status-publish","4":"has-post-thumbnail","6":"product_cat-hoovelpuit","7":"product_cat-puit","8":"product_tag-48x198-planed-c24-plank-et-2","9":"product_tag-spruce-et","10":"product_tag-wood-et-2","12":"first","13":"instock","14":"sale","15":"taxable","16":"shipping-taxable","17":"purchasable","18":"product-type-simple"},"acf":[],"_links":{"self":[{"href":"https:\/\/factory.sale\/et\/wp-json\/wp\/v2\/product\/17452","targetHints":{"allow":["GET"]}}],"collection":[{"href":"https:\/\/factory.sale\/et\/wp-json\/wp\/v2\/product"}],"about":[{"href":"https:\/\/factory.sale\/et\/wp-json\/wp\/v2\/types\/product"}],"replies":[{"embeddable":true,"href":"https:\/\/factory.sale\/et\/wp-json\/wp\/v2\/comments?post=17452"}],"wp:featuredmedia":[{"embeddable":true,"href":"https:\/\/factory.sale\/et\/wp-json\/wp\/v2\/media\/17448"}],"wp:attachment":[{"href":"https:\/\/factory.sale\/et\/wp-json\/wp\/v2\/media?parent=17452"}],"wp:term":[{"taxonomy":"factory","embeddable":true,"href":"https:\/\/factory.sale\/et\/wp-json\/wp\/v2\/factory?post=17452"},{"taxonomy":"free-shipment","embeddable":true,"href":"https:\/\/factory.sale\/et\/wp-json\/wp\/v2\/free-shipment?post=17452"},{"taxonomy":"product_brand","embeddable":true,"href":"https:\/\/factory.sale\/et\/wp-json\/wp\/v2\/product_brand?post=17452"},{"taxonomy":"product_cat","embeddable":true,"href":"https:\/\/factory.sale\/et\/wp-json\/wp\/v2\/product_cat?post=17452"},{"taxonomy":"product_tag","embeddable":true,"href":"https:\/\/factory.sale\/et\/wp-json\/wp\/v2\/product_tag?post=17452"}],"curies":[{"name":"wp","href":"https:\/\/api.w.org\/{rel}","templated":true}]}}