{"id":17410,"date":"2022-12-16T10:06:50","date_gmt":"2022-12-16T10:06:50","guid":{"rendered":"https:\/\/factory.sale\/product\/22x100-pl-vl-saw-board-softwood-unedged\/"},"modified":"2024-06-25T14:17:50","modified_gmt":"2024-06-25T14:17:50","slug":"22x100-pl-vl-saelaud-okaspuu-servatamata","status":"publish","type":"product","link":"https:\/\/factory.sale\/et\/toode\/22x100-pl-vl-saelaud-okaspuu-servatamata\/","title":{"rendered":"22&#215;100 PL\/VL Saelaud, okaspuu, servamata"},"content":{"rendered":"<p>Tootekood: <span data-sheets-value=\"{&quot;1&quot;:3,&quot;3&quot;:8022100000110}\" data-sheets-userformat=\"{&quot;2&quot;:14401,&quot;3&quot;:{&quot;1&quot;:2,&quot;2&quot;:&quot;0&quot;,&quot;3&quot;:1},&quot;9&quot;:1,&quot;14&quot;:{&quot;1&quot;:3,&quot;3&quot;:1},&quot;15&quot;:&quot;Calibri&quot;,&quot;16&quot;:11}\">8022100000110<\/span><\/p>\n<p><span data-sheets-value=\"{&quot;1&quot;:2,&quot;2&quot;:&quot;0,539 \u20ac\/jm&quot;}\" data-sheets-userformat=\"{&quot;2&quot;:14913,&quot;3&quot;:{&quot;1&quot;:0},&quot;9&quot;:1,&quot;12&quot;:0,&quot;14&quot;:{&quot;1&quot;:3,&quot;3&quot;:1},&quot;15&quot;:&quot;Calibri&quot;,&quot;16&quot;:11}\">0,539 \u20ac jooksevmeeter.<\/span><\/p>\n<p><span style=\"font-weight: 400;\">22\u00d7100 PL\/VL saelaud on 22 mm paksune ja 100 mm laiune, servatamata, saetud pinnaga, ahjukuivatatud okaspuu laud. Toode sobib ajutiste konstruktsioonide, liistude, ladumise, vormide, pakendamise jms jaoks.<\/span><\/p>\n<p><span style=\"font-weight: 400;\">PL\/VL = Pinnalaud, ekspordikvaliteet<\/span><\/p>\n<p><span style=\"font-weight: 400;\">Puidu puhul on pikkused erinevad. Meie levinumad pikkused j\u00e4\u00e4vad vahemikku 3,6\u20136 meetrit. Pikkusm\u00f5\u00f5tmised varieeruvad 300 mm vahega (jalg).\u00a0<\/span><\/p>\n<p><span style=\"font-weight: 400;\">Puit on iidne looduse supertoode. Puitu on alati hinnatud selle k\u00e4ttesaadavuse, lihtsa t\u00f6\u00f6deldavuse, soojapidavuse ja kauni v\u00e4limuse poolest. Puit on ehtne, taastuv ja keskkonnas\u00f5bralik loodustoode. Puitmajades ladestub s\u00fcsinik ehitusmaterjalides pikka aega. Keskmine Soome puidust eramu seob oma puitkonstruktsioonides s\u00fcsinikdioksiidi umbes 30 tonni.<\/span><\/p>\n<p><span style=\"font-weight: 400;\">Meilt saad kvaliteetset saematerjali k\u00f5ikv\u00f5imalikeks ehitust\u00f6\u00f6deks. Puit on PEFC sertifikaadiga. Soovi korral on meilt v\u00f5imalik saada puit ka t\u00fckeldatuna ja kojutooduna.<\/span><\/p>\n","protected":false},"excerpt":{"rendered":"<p><span style=\"font-weight: 400;\">22\u00d7100 PL\/VL saelaud on 22 mm paksune ja 100 mm laiune, servatamata, saetud pinnaga, ahjukuivatatud okaspuu laud. Toode sobib ajutiste konstruktsioonide, liistude, ladumise, vormide, pakendamise jms jaoks.<\/span><\/p>\n","protected":false},"featured_media":17406,"comment_status":"open","ping_status":"closed","template":"","meta":{"_acf_changed":false},"factory":[],"free-shipment":[],"product_brand":[],"product_cat":[2779,1604],"product_tag":[],"class_list":{"0":"post-17410","1":"product","2":"type-product","3":"status-publish","4":"has-post-thumbnail","6":"product_cat-hoovelpuit","7":"product_cat-puit","9":"first","10":"instock","11":"sale","12":"taxable","13":"shipping-taxable","14":"purchasable","15":"product-type-simple"},"acf":[],"_links":{"self":[{"href":"https:\/\/factory.sale\/et\/wp-json\/wp\/v2\/product\/17410","targetHints":{"allow":["GET"]}}],"collection":[{"href":"https:\/\/factory.sale\/et\/wp-json\/wp\/v2\/product"}],"about":[{"href":"https:\/\/factory.sale\/et\/wp-json\/wp\/v2\/types\/product"}],"replies":[{"embeddable":true,"href":"https:\/\/factory.sale\/et\/wp-json\/wp\/v2\/comments?post=17410"}],"wp:featuredmedia":[{"embeddable":true,"href":"https:\/\/factory.sale\/et\/wp-json\/wp\/v2\/media\/17406"}],"wp:attachment":[{"href":"https:\/\/factory.sale\/et\/wp-json\/wp\/v2\/media?parent=17410"}],"wp:term":[{"taxonomy":"factory","embeddable":true,"href":"https:\/\/factory.sale\/et\/wp-json\/wp\/v2\/factory?post=17410"},{"taxonomy":"free-shipment","embeddable":true,"href":"https:\/\/factory.sale\/et\/wp-json\/wp\/v2\/free-shipment?post=17410"},{"taxonomy":"product_brand","embeddable":true,"href":"https:\/\/factory.sale\/et\/wp-json\/wp\/v2\/product_brand?post=17410"},{"taxonomy":"product_cat","embeddable":true,"href":"https:\/\/factory.sale\/et\/wp-json\/wp\/v2\/product_cat?post=17410"},{"taxonomy":"product_tag","embeddable":true,"href":"https:\/\/factory.sale\/et\/wp-json\/wp\/v2\/product_tag?post=17410"}],"curies":[{"name":"wp","href":"https:\/\/api.w.org\/{rel}","templated":true}]}}