{"id":17394,"date":"2022-12-16T08:58:44","date_gmt":"2022-12-16T08:58:44","guid":{"rendered":"https:\/\/factory.sale\/product\/spc-vinyl-plank-6mm-tread-0-5\/"},"modified":"2025-03-20T23:10:07","modified_gmt":"2025-03-20T20:10:07","slug":"spc-vinuulparkett-0-7mm-varv-b184","status":"publish","type":"product","link":"https:\/\/factory.sale\/et\/toode\/spc-vinuulparkett-0-7mm-varv-b184\/","title":{"rendered":"SPC vin\u00fc\u00fclparkett 0.55mm, v\u00e4rv B184"},"content":{"rendered":"<p>Uue p\u00f5lvkonna SPC vin\u00fc\u00fclparkett<\/p>\n<p>Laudade p\u00f5hjadel on sammuheli summutav isolatsioon<br \/>\nPlaate on lihtne paigaldada t\u00e4nu I4F pontoonile<\/p>\n<p>P\u00f5rand on taaskasutatav ja sobib kasutamiseks p\u00f5randak\u00fctte peal. P\u00f5rand on ka 100% veekindel, seega sobib suurep\u00e4raselt n\u00e4iteks k\u00f6\u00f6ki.<\/p>\n<p>&nbsp;<\/p>\n<p>Mitmeotstarbeline p\u00f5rand koju ja avalikesse ruumidesse!<\/p>\n<p>P\u00f5randapinnad pannakse proovile iga p\u00e4ev, seega eeldatakse neilt loomulikult pikaealisust. T\u00e4nu pehmele soojusele, vaikusele ja vastupidavusele on vin\u00fc\u00fclplaadid turvaline valik nii elukeskkonda kui ka avalikku ruumi. Tippklassi vastupidavus koos libisemisvastase pinnaga teeb sellest suurep\u00e4rase valiku ka laste ja lemmikloomadega majapidamistesse. T\u00e4nu pinnat\u00f6\u00f6tlusele on vin\u00fc\u00fclplaati lihtne hooldada ja seda on lihtne puhastada.<\/p>\n<p>&nbsp;<\/p>\n<p>Tootekood: <span data-sheets-value=\"{&quot;1&quot;:2,&quot;2&quot;:&quot;spcvin6&quot;}\" data-sheets-userformat=\"{&quot;2&quot;:14913,&quot;3&quot;:{&quot;1&quot;:2,&quot;2&quot;:&quot;0&quot;,&quot;3&quot;:1},&quot;9&quot;:0,&quot;12&quot;:0,&quot;14&quot;:{&quot;1&quot;:3,&quot;3&quot;:1},&quot;15&quot;:&quot;Calibri&quot;,&quot;16&quot;:11}\">B184<\/span><\/p>\n<p>&nbsp;<\/p>\n<p>&nbsp;<\/p>\n<p><strong>KIRJELDUS:<\/strong><\/p>\n<p>* Paksus: 6,5 mm<br \/>\n* Kulumispind: 0,55 mm P<br \/>\n* Tahvli m\u00f5\u00f5dud: 1220 x 183 x 6 mm<br \/>\n* Kasutusklass: 33<br \/>\n* Sammuheli v\u00e4hendamine: &gt;20,8 dB<br \/>\n* Libisemiskindlusklass: R10<br \/>\n* Tulekahjuklass: Bfl-S1<br \/>\n* M1<br \/>\n* Valguskindlus: EN 20 105 B02 &gt;6<br \/>\n* P\u00f5randak\u00fcte: sobib p\u00f5randak\u00fcttele<br \/>\n* Keskkonnam\u00e4rgis\/sise\u00f5hu klassifikatsioon: ftalaadivaba<br \/>\n* Formaldeh\u00fc\u00fcd: ei tekita formaldeh\u00fc\u00fcdi heitmeid, sobib allergikutele.<br \/>\n* Paigaldamine: Ujuv paigaldus ilma liimita<br \/>\n* Lukkoponti: i4f<br \/>\n* Garantii: 30 aastat koduseks kasutamiseks<\/p>\n","protected":false},"excerpt":{"rendered":"<p>T\u00e4nu pehmele soojusele, vaikusele ja vastupidavusele on vin\u00fc\u00fclplaadid turvaline valik nii elukeskkonda kui ka avalikku ruumi. Tippklassi vastupidavus koos libisemisvastase pinnaga teeb sellest suurep\u00e4rase valiku ka laste ja lemmikloomadega majapidamistesse.<\/p>\n<p>M\u00fc\u00fcme paki kaupa 2,23m2.<\/p>\n<p><strong>Hind m2 kohta.<\/strong><\/p>\n","protected":false},"featured_media":90219,"comment_status":"open","ping_status":"closed","template":"","meta":{"_acf_changed":false},"factory":[],"free-shipment":[],"product_brand":[],"product_cat":[1595,176],"product_tag":[1599,1600],"class_list":{"0":"post-17394","1":"product","2":"type-product","3":"status-publish","4":"has-post-thumbnail","6":"product_cat-vinuulporandad","7":"product_cat-porand","8":"product_tag-spc-vinyl-plank-6mm-tread-0-5-et","9":"product_tag-vynil-flooring-et","11":"first","12":"instock","13":"sale","14":"taxable","15":"shipping-taxable","16":"purchasable","17":"product-type-simple"},"acf":[],"_links":{"self":[{"href":"https:\/\/factory.sale\/et\/wp-json\/wp\/v2\/product\/17394","targetHints":{"allow":["GET"]}}],"collection":[{"href":"https:\/\/factory.sale\/et\/wp-json\/wp\/v2\/product"}],"about":[{"href":"https:\/\/factory.sale\/et\/wp-json\/wp\/v2\/types\/product"}],"replies":[{"embeddable":true,"href":"https:\/\/factory.sale\/et\/wp-json\/wp\/v2\/comments?post=17394"}],"wp:featuredmedia":[{"embeddable":true,"href":"https:\/\/factory.sale\/et\/wp-json\/wp\/v2\/media\/90219"}],"wp:attachment":[{"href":"https:\/\/factory.sale\/et\/wp-json\/wp\/v2\/media?parent=17394"}],"wp:term":[{"taxonomy":"factory","embeddable":true,"href":"https:\/\/factory.sale\/et\/wp-json\/wp\/v2\/factory?post=17394"},{"taxonomy":"free-shipment","embeddable":true,"href":"https:\/\/factory.sale\/et\/wp-json\/wp\/v2\/free-shipment?post=17394"},{"taxonomy":"product_brand","embeddable":true,"href":"https:\/\/factory.sale\/et\/wp-json\/wp\/v2\/product_brand?post=17394"},{"taxonomy":"product_cat","embeddable":true,"href":"https:\/\/factory.sale\/et\/wp-json\/wp\/v2\/product_cat?post=17394"},{"taxonomy":"product_tag","embeddable":true,"href":"https:\/\/factory.sale\/et\/wp-json\/wp\/v2\/product_tag?post=17394"}],"curies":[{"name":"wp","href":"https:\/\/api.w.org\/{rel}","templated":true}]}}