{"id":17349,"date":"2022-12-15T14:28:07","date_gmt":"2022-12-15T14:28:07","guid":{"rendered":"https:\/\/factory.sale\/product\/macht-haftgrund-primer-4l\/"},"modified":"2024-06-26T05:37:44","modified_gmt":"2024-06-26T05:37:44","slug":"macht-haftgrund-kruntvarv-4l","status":"publish","type":"product","link":"https:\/\/factory.sale\/et\/toode\/macht-haftgrund-kruntvarv-4l\/","title":{"rendered":"Macht Haftgrund kruntv\u00e4rv 4L"},"content":{"rendered":"<p>Tootekood: macha4<\/p>\n<p>TOOTETEAVE<\/p>\n<p>Toote omadused<br \/>\n\u2022 Lihtne pealekandmine<br \/>\n\u2022 Lahjendatud vahekorras 1:3<br \/>\n\u2022 V\u00e4ga tugev nakkuvus ja kiire kuivamine<br \/>\n\u2022 Suur liimimis- ja vastupidavusv\u00f5ime<br \/>\n\u2022 Suur l\u00e4bitungimis- ja puistem\u00e4\u00e4r<br \/>\n\u2022 Sobib igasuguste veebaasiliste v\u00e4rvidega<\/p>\n<p>Soovitused kasutamiseks<br \/>\nSeda kasutatakse k\u00f5igis interj\u00f6\u00f6rides, uutes, vanades ja v\u00e4rvitud seintes ja lagedes, varem v\u00e4rvitud tsemendi alusv\u00e4rviga, lubjaga, kipsiga jne. Enne v\u00e4rvi pealekandmist, n\u00e4iteks magamistoad, tualetid, elutoad, kontoriruumid, teenused jne. Enne ruumide v\u00e4rvimist.<\/p>\n<p>S\u00e4ilitamine<br \/>\n36 kuud, kui seda hoitakse kuivas kohas, eemal soojusallikatest, temperatuuril +5\u00b0C kuni +30\u00b0C. Kaitske seda k\u00fclma eest.<\/p>\n<p>M\u00e4rkmed<br \/>\n\u2022 V\u00e4rsketele betoonpindadele tuleks vahend peale kanda v\u00e4hemalt 30-40 p\u00e4eva p\u00e4rast.<br \/>\n\u2022 Soovitatav on v\u00e4ltida toote kasutamist temperatuuril alla 5\u00baC v\u00f5i vahetult enne vihma.<\/p>\n","protected":false},"excerpt":{"rendered":"<p>Seda kasutatakse k\u00f5igis interj\u00f6\u00f6rides, uutes, vanades ja v\u00e4rvitud seintes ja lagedes, varem v\u00e4rvitud tsemendi alusv\u00e4rviga, lubjaga, kipsiga jne.<\/p>\n","protected":false},"featured_media":17345,"comment_status":"open","ping_status":"closed","template":"","meta":{"_acf_changed":false},"factory":[],"free-shipment":[],"product_brand":[],"product_cat":[1574,814],"product_tag":[1578,1579],"class_list":{"0":"post-17349","1":"product","2":"type-product","3":"status-publish","4":"has-post-thumbnail","6":"product_cat-krunt","7":"product_cat-uldehitus","8":"product_tag-macht-haftgrund-primer-4l-et","9":"product_tag-paint-et","11":"first","12":"instock","13":"sale","14":"taxable","15":"shipping-taxable","16":"purchasable","17":"product-type-simple"},"acf":[],"_links":{"self":[{"href":"https:\/\/factory.sale\/et\/wp-json\/wp\/v2\/product\/17349","targetHints":{"allow":["GET"]}}],"collection":[{"href":"https:\/\/factory.sale\/et\/wp-json\/wp\/v2\/product"}],"about":[{"href":"https:\/\/factory.sale\/et\/wp-json\/wp\/v2\/types\/product"}],"replies":[{"embeddable":true,"href":"https:\/\/factory.sale\/et\/wp-json\/wp\/v2\/comments?post=17349"}],"wp:featuredmedia":[{"embeddable":true,"href":"https:\/\/factory.sale\/et\/wp-json\/wp\/v2\/media\/17345"}],"wp:attachment":[{"href":"https:\/\/factory.sale\/et\/wp-json\/wp\/v2\/media?parent=17349"}],"wp:term":[{"taxonomy":"factory","embeddable":true,"href":"https:\/\/factory.sale\/et\/wp-json\/wp\/v2\/factory?post=17349"},{"taxonomy":"free-shipment","embeddable":true,"href":"https:\/\/factory.sale\/et\/wp-json\/wp\/v2\/free-shipment?post=17349"},{"taxonomy":"product_brand","embeddable":true,"href":"https:\/\/factory.sale\/et\/wp-json\/wp\/v2\/product_brand?post=17349"},{"taxonomy":"product_cat","embeddable":true,"href":"https:\/\/factory.sale\/et\/wp-json\/wp\/v2\/product_cat?post=17349"},{"taxonomy":"product_tag","embeddable":true,"href":"https:\/\/factory.sale\/et\/wp-json\/wp\/v2\/product_tag?post=17349"}],"curies":[{"name":"wp","href":"https:\/\/api.w.org\/{rel}","templated":true}]}}