{"id":17095,"date":"2022-12-14T10:28:35","date_gmt":"2022-12-14T10:33:30","guid":{"rendered":"https:\/\/factory.sale\/?post_type=product&#038;p=17095"},"modified":"2025-08-28T13:01:05","modified_gmt":"2025-08-28T10:01:05","slug":"autotelk-pohjala-xxl","status":"publish","type":"product","link":"https:\/\/factory.sale\/et\/toode\/autotelk-pohjala-xxl\/","title":{"rendered":"Autotelk P\u00f5hjala XXL"},"content":{"rendered":"<p>Sinu s\u00f5iduki parim kaitse &#8211; P\u00f5hjala autotelk<br \/>\nKaitse oma s\u00f5idukit karmide ilmastikutingimuste eest P\u00f5hjala autotelgiga. T\u00e4nu tugevale PVC kattele ja tugevtsingitud terasest raamile peab ta h\u00e4sti vastu talvistes oludes ning kannatab suurt lumekoormust. P\u00f5hjala autotelk pakub ruumikat ja usaldusv\u00e4\u00e4rset kaitset aastaringselt. Praktiline lahendus, mis on v\u00e4ga\u00a0 vastupidav ja kaitseb sinu autot iga ilmaga!<\/p>\n<p>XXL 4,5&#215;7,8m H=4,2m; ukseava k\u00f5rgus ca 3,7m<\/p>\n<p><strong>Autotelk XXL tuleb viie pakina, kogukaal 211kg<\/strong><\/p>\n<p>65x59x32cm 57,6 kg<br \/>\n136x43x29cm 43kg<br \/>\n183x23x24 cm 45kg<br \/>\n184x24x18cm 29kg<br \/>\n184x28x18 cm 36kg<\/p>\n<p><strong>Materjal:<\/strong><\/p>\n<p>Tsingitud terasraam 32 x 1,1 mm<br \/>\nPVC kate 450g\/m2<\/p>\n<p>&nbsp;<\/p>\n<p><a href=\"https:\/\/factory.sale\/wp-content\/uploads\/2022\/12\/User-manual-Pohjala-XXL-Factory.Sale_.pdf\" target=\"_blank\" rel=\"noopener\">Kasutusjuhendi leiad siit<\/a><\/p>\n","protected":false},"excerpt":{"rendered":"<p>Kas otsid vastupidavat lahendust oma s\u00f5iduki kaitsmiseks karmide ilmastikutingimuste eest? P\u00f5hjala autotelk pakub tugeva terasraami ja vastupidava PVC kattega aastaringset kaitset. Ruumikas ja vastupidav telk kaitseb su autot ka k\u00f5ige karmimates tingimustes ning seda on v\u00e4ga lihtne kokku panna.<\/p>\n","protected":false},"featured_media":17072,"comment_status":"open","ping_status":"closed","template":"","meta":{"_acf_changed":false},"factory":[],"free-shipment":[],"product_brand":[],"product_cat":[924,936],"product_tag":[1481,1482,939],"class_list":{"0":"post-17095","1":"product","2":"type-product","3":"status-publish","4":"has-post-thumbnail","6":"product_cat-aiatooted","7":"product_cat-auto-varjualused","8":"product_tag-car-shade-et","9":"product_tag-car-tent-et","10":"product_tag-carport-et","12":"first","13":"instock","14":"sale","15":"taxable","16":"shipping-taxable","17":"purchasable","18":"product-type-simple"},"acf":[],"_links":{"self":[{"href":"https:\/\/factory.sale\/et\/wp-json\/wp\/v2\/product\/17095","targetHints":{"allow":["GET"]}}],"collection":[{"href":"https:\/\/factory.sale\/et\/wp-json\/wp\/v2\/product"}],"about":[{"href":"https:\/\/factory.sale\/et\/wp-json\/wp\/v2\/types\/product"}],"replies":[{"embeddable":true,"href":"https:\/\/factory.sale\/et\/wp-json\/wp\/v2\/comments?post=17095"}],"wp:featuredmedia":[{"embeddable":true,"href":"https:\/\/factory.sale\/et\/wp-json\/wp\/v2\/media\/17072"}],"wp:attachment":[{"href":"https:\/\/factory.sale\/et\/wp-json\/wp\/v2\/media?parent=17095"}],"wp:term":[{"taxonomy":"factory","embeddable":true,"href":"https:\/\/factory.sale\/et\/wp-json\/wp\/v2\/factory?post=17095"},{"taxonomy":"free-shipment","embeddable":true,"href":"https:\/\/factory.sale\/et\/wp-json\/wp\/v2\/free-shipment?post=17095"},{"taxonomy":"product_brand","embeddable":true,"href":"https:\/\/factory.sale\/et\/wp-json\/wp\/v2\/product_brand?post=17095"},{"taxonomy":"product_cat","embeddable":true,"href":"https:\/\/factory.sale\/et\/wp-json\/wp\/v2\/product_cat?post=17095"},{"taxonomy":"product_tag","embeddable":true,"href":"https:\/\/factory.sale\/et\/wp-json\/wp\/v2\/product_tag?post=17095"}],"curies":[{"name":"wp","href":"https:\/\/api.w.org\/{rel}","templated":true}]}}