{"id":17085,"date":"2022-12-14T09:45:43","date_gmt":"2022-12-14T09:45:43","guid":{"rendered":"https:\/\/factory.sale\/product\/car-tent-pohjala-xl\/"},"modified":"2025-08-28T13:01:07","modified_gmt":"2025-08-28T10:01:07","slug":"autotelk-pohjala-xl","status":"publish","type":"product","link":"https:\/\/factory.sale\/et\/toode\/autotelk-pohjala-xl\/","title":{"rendered":"Autotelk P\u00f5hjala XL"},"content":{"rendered":"<p>Sinu s\u00f5iduki parim kaitse &#8211; P\u00f5hjala autotelk<br \/>\nKaitse oma s\u00f5idukit karmide ilmastikutingimuste eest P\u00f5hjala autotelgiga. T\u00e4nu tugevale PVC kattele ja tugevtsingitud terasest raamile peab ta h\u00e4sti vastu talvistes oludes ning kannatab suurt lumekoormust. P\u00f5hjala autotelk pakub ruumikat ja usaldusv\u00e4\u00e4rset kaitset aastaringselt. Praktiline lahendus, mis on v\u00e4ga\u00a0 vastupidav ja kaitseb sinu autot iga ilmaga!<\/p>\n<p>XL 3,8&#215;6,5m H=4,0m; ukseava k\u00f5rgus ca 3 m<\/p>\n<p>Autotelk XL tuleb viie pakina, kogukaal 169kg.<\/p>\n<ul>\n<li>70x25x61 cm = 46kg<\/li>\n<li>135x45x25 cm = 36kg<\/li>\n<li>167x18x25 cm = 33kg<\/li>\n<li>167x22x20 cm = 27kg<\/li>\n<li>170x13x32 cm = 27kg<\/li>\n<\/ul>\n<p><strong>Materjal:<\/strong><\/p>\n<ul>\n<li>tsingitud terasraam 32 x 1,1 mm<\/li>\n<li>PVC kate 450g\/m2<\/li>\n<\/ul>\n<p><a href=\"https:\/\/factory.sale\/wp-content\/uploads\/2022\/12\/User-manual-Pohjala-XL-factory.sale_.pdf\" target=\"_blank\" rel=\"noopener\">Kasutusjuhendi leiad siit<\/a><\/p>\n","protected":false},"excerpt":{"rendered":"<p>Kas otsid vastupidavat lahendust oma s\u00f5iduki kaitsmiseks karmide ilmastikutingimuste eest? P\u00f5hjala autotelk pakub tugeva terasraami ja vastupidava PVC kattega aastaringset kaitset. Ruumikas ja vastupidav telk kaitseb su autot ka k\u00f5ige karmimates tingimustes ning seda on v\u00e4ga lihtne kokku panna.<\/p>\n","protected":false},"featured_media":17072,"comment_status":"open","ping_status":"closed","template":"","meta":{"_acf_changed":false},"factory":[],"free-shipment":[],"product_brand":[],"product_cat":[924,936],"product_tag":[1481,1482,939,1483,1484],"class_list":{"0":"post-17085","1":"product","2":"type-product","3":"status-publish","4":"has-post-thumbnail","6":"product_cat-aiatooted","7":"product_cat-auto-varjualused","8":"product_tag-car-shade-et","9":"product_tag-car-tent-et","10":"product_tag-carport-et","11":"product_tag-garden-et","12":"product_tag-yard-et","14":"first","15":"instock","16":"sale","17":"taxable","18":"shipping-taxable","19":"purchasable","20":"product-type-simple"},"acf":[],"_links":{"self":[{"href":"https:\/\/factory.sale\/et\/wp-json\/wp\/v2\/product\/17085","targetHints":{"allow":["GET"]}}],"collection":[{"href":"https:\/\/factory.sale\/et\/wp-json\/wp\/v2\/product"}],"about":[{"href":"https:\/\/factory.sale\/et\/wp-json\/wp\/v2\/types\/product"}],"replies":[{"embeddable":true,"href":"https:\/\/factory.sale\/et\/wp-json\/wp\/v2\/comments?post=17085"}],"wp:featuredmedia":[{"embeddable":true,"href":"https:\/\/factory.sale\/et\/wp-json\/wp\/v2\/media\/17072"}],"wp:attachment":[{"href":"https:\/\/factory.sale\/et\/wp-json\/wp\/v2\/media?parent=17085"}],"wp:term":[{"taxonomy":"factory","embeddable":true,"href":"https:\/\/factory.sale\/et\/wp-json\/wp\/v2\/factory?post=17085"},{"taxonomy":"free-shipment","embeddable":true,"href":"https:\/\/factory.sale\/et\/wp-json\/wp\/v2\/free-shipment?post=17085"},{"taxonomy":"product_brand","embeddable":true,"href":"https:\/\/factory.sale\/et\/wp-json\/wp\/v2\/product_brand?post=17085"},{"taxonomy":"product_cat","embeddable":true,"href":"https:\/\/factory.sale\/et\/wp-json\/wp\/v2\/product_cat?post=17085"},{"taxonomy":"product_tag","embeddable":true,"href":"https:\/\/factory.sale\/et\/wp-json\/wp\/v2\/product_tag?post=17085"}],"curies":[{"name":"wp","href":"https:\/\/api.w.org\/{rel}","templated":true}]}}