{"id":17055,"date":"2022-12-14T08:03:08","date_gmt":"2022-12-14T08:03:08","guid":{"rendered":"https:\/\/factory.sale\/product\/electric-floor-heater-harvia-forte-afb9-9-kw-steel\/"},"modified":"2024-06-26T19:00:54","modified_gmt":"2024-06-26T19:00:54","slug":"elektrikeris-harvia-forte-afb9-9kw-teras","status":"publish","type":"product","link":"https:\/\/factory.sale\/et\/toode\/elektrikeris-harvia-forte-afb9-9kw-teras\/","title":{"rendered":"ELEKTRIKERIS HARVIA FORTE AFB9, 9 kW TERAS"},"content":{"rendered":"<p>Harvia Forte on soojusttalletavate keriste uus ja t\u00e4nap\u00e4evasem versioon. \u00d6konoomsed funktsioonid on mahutatud elegantse disainiga korpusesse. Forte ainulaadne disain ja tehnika muudavad selle parimaks saadavalolevaks soojusttalletavaks keriseks.<\/p>\n<p>Fortele iseloomulik madal saunatemperatuur tagab meeldivalt niiske ja k\u00fcllusliku k\u00fcmbluse. Kerise omadused tulevad eriti h\u00e4sti esile saunades, kus on hea soojusisolatsioon ja puuduvad massiivsed materjalid (nt betoon, puupalgid v\u00f5i klaasplokid). T\u00f5hus soojusisolatsioon tagab madala energiakulu.<\/p>\n<p><strong>Elektrikeris vajab juurde\u00a0kerisekive.<\/strong><\/p>\n<p>Samuti saate Harvia Forte kerise roostevabast terasest krae abil lava sisse ehitada.<\/p>\n<p>Harvia Forte l\u00fclitid asuvad digitaalsel valgustatud juhtpaneelil. Nii saab h\u00f5lpsasti reguleerida nii temperatuuri kui ka kerise v\u00f5imsust. T\u00e4nu revolutsioonilisele tehnikale on Forte keris j\u00e4rgmiseks saunask\u00e4iguks valmis kiiremini, kui teised sarnased kerisemudelid. Muude soojusttalletavate keristega v\u00f5rreldes on Forte madal. Et kerise k\u00f5rgus ei ulatu \u00fcle 830 mm, jagub piisavalt soojust ka madalamal asuvatele pinkidele. Kivikamber on roostevabast terasest. K\u00f5igis kinnistes elektrilistes keristes tohib kasutada ainult suuri l\u00f5hestatud kerisekive (l\u00e4bim\u00f5\u00f5duga \u00fcle 10 cm).<\/p>\n<p>&nbsp;<\/p>\n<div class=\"sauna-page-hide-item\">\n<div class=\"sauna-page-hide-item\"><strong>Tehnilised andmed<\/strong><\/div>\n<table class=\"sauna-table-properties\">\n<tbody>\n<tr>\n<td>V\u00f5imsus, (kW)<\/td>\n<td class=\"sauna-properties-value-box \">9,0<\/td>\n<\/tr>\n<tr>\n<td class=\"hightLight\">Leiliruum, min. (m3)<\/td>\n<td class=\"sauna-properties-value-box hightLight\">10<\/td>\n<\/tr>\n<tr>\n<td>Leiliruum, maks. (m3)<\/td>\n<td class=\"sauna-properties-value-box \">15<\/td>\n<\/tr>\n<tr>\n<td class=\"hightLight\">M\u00f5\u00f5dud: laius, (mm)<\/td>\n<td class=\"sauna-properties-value-box hightLight\">500<\/td>\n<\/tr>\n<tr>\n<td>M\u00f5\u00f5dud: k\u00f5rgus, (mm)<\/td>\n<td class=\"sauna-properties-value-box \">830<\/td>\n<\/tr>\n<tr>\n<td class=\"hightLight\">M\u00f5\u00f5dud: s\u00fcgavus, (mm)<\/td>\n<td class=\"sauna-properties-value-box hightLight\">535<\/td>\n<\/tr>\n<tr>\n<td>Kaal, (kg)<\/td>\n<td class=\"sauna-properties-value-box \">30<\/td>\n<\/tr>\n<tr>\n<td class=\"hightLight\">Kivid, maks. (kg)<\/td>\n<td class=\"sauna-properties-value-box hightLight\">100<\/td>\n<\/tr>\n<tr>\n<td>Leiliruumi k\u00f5rgus, min. (cm)<\/td>\n<td class=\"sauna-properties-value-box \">190<\/td>\n<\/tr>\n<tr>\n<td class=\"hightLight\">Toitepinge, faasiline<\/td>\n<td class=\"sauna-properties-value-box hightLight\">400 V 3N<\/td>\n<\/tr>\n<tr>\n<td>Toitekaabel, (mm2)<\/td>\n<td class=\"sauna-properties-value-box \">5 x 2,5<\/td>\n<\/tr>\n<tr>\n<td class=\"hightLight\">Anduri kaabel, (mm2)<\/td>\n<td class=\"sauna-properties-value-box hightLight\">&#8211;<\/td>\n<\/tr>\n<tr>\n<td>Andmete \u00fcleandmiskaabel<\/td>\n<td class=\"sauna-properties-value-box \">&#8211;<\/td>\n<\/tr>\n<tr>\n<td class=\"hightLight\">Kaitse, (A)<\/td>\n<td class=\"sauna-properties-value-box hightLight\">3 x 16<\/td>\n<\/tr>\n<tr>\n<td>Juhtimiskeskus<\/td>\n<td class=\"sauna-properties-value-box \">Varustatud<\/td>\n<\/tr>\n<tr>\n<td class=\"hightLight\">Veemaht, (l)<\/td>\n<td class=\"sauna-properties-value-box hightLight\">&#8211;<\/td>\n<\/tr>\n<tr>\n<td>Aurustusv\u00f5ime<\/td>\n<td class=\"sauna-properties-value-box \">&#8211;<\/td>\n<\/tr>\n<tr>\n<td class=\"hightLight\">V\u00e4rv<\/td>\n<td class=\"sauna-properties-value-box hightLight\">Teras<\/td>\n<\/tr>\n<tr>\n<td>Kivid<\/td>\n<td class=\"sauna-properties-value-box \">Kivid ei kuulu komplekti<\/td>\n<\/tr>\n<\/tbody>\n<\/table>\n<\/div>\n<p><a href=\"https:\/\/factory.sale\/wp-content\/uploads\/2022\/12\/Harvia-Forte-AFB9.pdf\">Lae alla manuaal &#8211; Harvia Forte AFB9<\/a><\/p>\n","protected":false},"excerpt":{"rendered":"<p>Harvia Forte on eriti sobilik v\u00e4ikestele kodudele suurusj\u00e4rgus 10 &#8211; 15 m3. Ainulaadne disain ja tehnika muudavad selle parimaks saadavalolevaks soojusttalletavaks keriseks.<\/p>\n<p>Kerisega tuleb kaasa ka juhtpult!<\/p>\n","protected":false},"featured_media":17024,"comment_status":"open","ping_status":"closed","template":"","meta":{"_acf_changed":false},"factory":[],"free-shipment":[],"product_brand":[],"product_cat":[1420,306,784],"product_tag":[1461,1476,1442,1477],"class_list":{"0":"post-17055","1":"product","2":"type-product","3":"status-publish","4":"has-post-thumbnail","6":"product_cat-harvia-et","7":"product_cat-saunakerised","8":"product_cat-sanitaartehnika","9":"product_tag-9-kw-sauna-electric-heater-et","10":"product_tag-afb9-9kw-steel-et","11":"product_tag-floor-heater-et","12":"product_tag-harvia-forte-afb9-steel-et","14":"first","15":"instock","16":"sale","17":"taxable","18":"shipping-taxable","19":"purchasable","20":"product-type-simple"},"acf":[],"_links":{"self":[{"href":"https:\/\/factory.sale\/et\/wp-json\/wp\/v2\/product\/17055","targetHints":{"allow":["GET"]}}],"collection":[{"href":"https:\/\/factory.sale\/et\/wp-json\/wp\/v2\/product"}],"about":[{"href":"https:\/\/factory.sale\/et\/wp-json\/wp\/v2\/types\/product"}],"replies":[{"embeddable":true,"href":"https:\/\/factory.sale\/et\/wp-json\/wp\/v2\/comments?post=17055"}],"wp:featuredmedia":[{"embeddable":true,"href":"https:\/\/factory.sale\/et\/wp-json\/wp\/v2\/media\/17024"}],"wp:attachment":[{"href":"https:\/\/factory.sale\/et\/wp-json\/wp\/v2\/media?parent=17055"}],"wp:term":[{"taxonomy":"factory","embeddable":true,"href":"https:\/\/factory.sale\/et\/wp-json\/wp\/v2\/factory?post=17055"},{"taxonomy":"free-shipment","embeddable":true,"href":"https:\/\/factory.sale\/et\/wp-json\/wp\/v2\/free-shipment?post=17055"},{"taxonomy":"product_brand","embeddable":true,"href":"https:\/\/factory.sale\/et\/wp-json\/wp\/v2\/product_brand?post=17055"},{"taxonomy":"product_cat","embeddable":true,"href":"https:\/\/factory.sale\/et\/wp-json\/wp\/v2\/product_cat?post=17055"},{"taxonomy":"product_tag","embeddable":true,"href":"https:\/\/factory.sale\/et\/wp-json\/wp\/v2\/product_tag?post=17055"}],"curies":[{"name":"wp","href":"https:\/\/api.w.org\/{rel}","templated":true}]}}