{"id":17029,"date":"2022-12-14T07:18:27","date_gmt":"2022-12-14T07:18:27","guid":{"rendered":"https:\/\/factory.sale\/product\/electric-floor-heater-harvia-forte-afb4-4kw-steel\/"},"modified":"2024-06-26T15:53:34","modified_gmt":"2024-06-26T15:53:34","slug":"elektrikeris-harvia-forte-afb4-4kw-teras","status":"publish","type":"product","link":"https:\/\/factory.sale\/et\/toode\/elektrikeris-harvia-forte-afb4-4kw-teras\/","title":{"rendered":"ELEKTRIKERIS HARVIA FORTE AFB4, 4 kW TERAS"},"content":{"rendered":"<div class=\"sauna-short-description page-content\">\n<div>\n<div>Harvia Forte on soojusttalletavate keriste uus ja t\u00e4nap\u00e4evasem versioon. \u00d6konoomsed funktsioonid on mahutatud elegantse disainiga korpusesse. Forte ainulaadne disain ja tehnika muudavad selle parimaks saadavalolevaks soojusttalletavaks keriseks.<\/div>\n<div><\/div>\n<div>Fortele iseloomulik madal saunatemperatuur tagab meeldivalt niiske ja k\u00fcllusliku k\u00fcmbluse. Kerise omadused tulevad eriti h\u00e4sti esile saunades, kus on hea soojusisolatsioon ja puuduvad massiivsed materjalid (nt betoon, puupalgid v\u00f5i klaasplokid). T\u00f5hus soojusisolatsioon tagab madala energiakulu.<\/div>\n<\/div>\n<\/div>\n<div><\/div>\n<div>Elektrikeris vajab juurde\u00a0kerisekive.<\/div>\n<div class=\"sauna-short-description page-content\">\n<div><\/div>\n<\/div>\n<div id=\"product-description-container\">\n<div class=\"sauna-full-description page-content\">\n<div>\n<div>Samuti saate Harvia Forte kerise roostevabast terasest krae abil lava sisse ehitada.<\/div>\n<div><\/div>\n<div>Harvia Forte l\u00fclitid asuvad digitaalsel valgustatud juhtpaneelil. Nii saab h\u00f5lpsasti reguleerida nii temperatuuri kui ka kerise v\u00f5imsust. T\u00e4nu revolutsioonilisele tehnikale on Forte keris j\u00e4rgmiseks saunask\u00e4iguks valmis kiiremini, kui teised sarnased kerisemudelid. Muude soojusttalletavate keristega v\u00f5rreldes on Forte madal. Et kerise k\u00f5rgus ei ulatu \u00fcle 830 mm, jagub piisavalt soojust ka madalamal asuvatele pinkidele. Kivikamber on roostevabast terasest. K\u00f5igis kinnistes elektrilistes keristes tohib kasutada ainult suuri l\u00f5hestatud kerisekive (l\u00e4bim\u00f5\u00f5duga \u00fcle 10 cm).<\/div>\n<\/div>\n<\/div>\n<\/div>\n<div>\n<div id=\"product-description-container\">\n<div class=\"sauna-full-description page-content\">\n<div><\/div>\n<p>&nbsp;<\/p>\n<div class=\"sauna-page-hide-item\">Tehnilised andmed<\/div>\n<div><\/div>\n<table border=\"3\" width=\"30%\" cellspacing=\"0\" cellpadding=\"3\">\n<colgroup>\n<col width=\"80*\" \/>\n<col width=\"35*\" \/><\/colgroup>\n<tbody>\n<tr>\n<td>V\u00f5imsus, (kW)<\/td>\n<td class=\"sauna-properties-value-box \">4,0<\/td>\n<\/tr>\n<tr>\n<td class=\"hightLight\">Leiliruum, min. (m3)<\/td>\n<td class=\"sauna-properties-value-box hightLight\">5<\/td>\n<\/tr>\n<tr>\n<td>Leiliruum, maks. (m3)<\/td>\n<td class=\"sauna-properties-value-box \">8<\/td>\n<\/tr>\n<tr>\n<td class=\"hightLight\">M\u00f5\u00f5dud: laius, (mm)<\/td>\n<td class=\"sauna-properties-value-box hightLight\">500<\/td>\n<\/tr>\n<tr>\n<td>M\u00f5\u00f5dud: k\u00f5rgus, (mm)<\/td>\n<td class=\"sauna-properties-value-box \">830<\/td>\n<\/tr>\n<tr>\n<td class=\"hightLight\">M\u00f5\u00f5dud: s\u00fcgavus, (mm)<\/td>\n<td class=\"sauna-properties-value-box hightLight\">535<\/td>\n<\/tr>\n<tr>\n<td>Kaal, (kg)<\/td>\n<td class=\"sauna-properties-value-box \">30<\/td>\n<\/tr>\n<tr>\n<td class=\"hightLight\">Kivid, maks. (kg)<\/td>\n<td class=\"sauna-properties-value-box hightLight\">100<\/td>\n<\/tr>\n<tr>\n<td>Leiliruumi k\u00f5rgus, min. (cm)<\/td>\n<td class=\"sauna-properties-value-box \">190<\/td>\n<\/tr>\n<tr>\n<td class=\"hightLight\">Toitepinge, faasiline<\/td>\n<td class=\"sauna-properties-value-box hightLight\">400 V 3N<\/td>\n<\/tr>\n<tr>\n<td>Toitekaabel, (mm2)<\/td>\n<td class=\"sauna-properties-value-box \">5 x 1,5<\/td>\n<\/tr>\n<tr>\n<td class=\"hightLight\">Anduri kaabel, (mm2)<\/td>\n<td class=\"sauna-properties-value-box hightLight\">&#8211;<\/td>\n<\/tr>\n<tr>\n<td>Andmete \u00fcleandmiskaabel<\/td>\n<td class=\"sauna-properties-value-box \">&#8211;<\/td>\n<\/tr>\n<tr>\n<td class=\"hightLight\">Kaitse, (A)<\/td>\n<td class=\"sauna-properties-value-box hightLight\">3 x 10<\/td>\n<\/tr>\n<tr>\n<td>Juhtimiskeskus<\/td>\n<td class=\"sauna-properties-value-box \">Komplektis<\/td>\n<\/tr>\n<tr>\n<td class=\"hightLight\">Veemaht, (l)<\/td>\n<td class=\"sauna-properties-value-box hightLight\">&#8211;<\/td>\n<\/tr>\n<tr>\n<td>Aurustusv\u00f5ime<\/td>\n<td class=\"sauna-properties-value-box \">&#8211;<\/td>\n<\/tr>\n<tr>\n<td class=\"hightLight\">V\u00e4rv<\/td>\n<td class=\"sauna-properties-value-box hightLight\">Teras<\/td>\n<\/tr>\n<tr>\n<td>Kivid<\/td>\n<td class=\"sauna-properties-value-box \">Ei kuulu komplekti<\/td>\n<\/tr>\n<\/tbody>\n<\/table>\n<p><a href=\"https:\/\/factory.sale\/wp-content\/uploads\/2022\/12\/ELEKTRIKERIS-HARVIA-FORTE-AFB4_manuaal.pdf\" target=\"_blank\" rel=\"noopener\">Lae alla &#8211; ELEKTRIKERIS HARVIA FORTE AFB4_manuaal<\/a><\/p>\n<div><\/div>\n<\/div>\n<\/div>\n<\/div>\n","protected":false},"excerpt":{"rendered":"<p>Harvia Forte on eriti sobilik v\u00e4ikestele kodudele suurusj\u00e4rgus 5 &#8211; 8 m3. Ainulaadne disain ja tehnika muudavad selle parimaks saadavalolevaks soojusttalletavaks keriseks.<\/p>\n","protected":false},"featured_media":17024,"comment_status":"open","ping_status":"closed","template":"","meta":{"_acf_changed":false},"factory":[],"free-shipment":[],"product_brand":[],"product_cat":[1420,306,784],"product_tag":[1466,1442,1444],"class_list":{"0":"post-17029","1":"product","2":"type-product","3":"status-publish","4":"has-post-thumbnail","6":"product_cat-harvia-et","7":"product_cat-saunakerised","8":"product_cat-sanitaartehnika","9":"product_tag-electric-floor-heater-4-kw-et","10":"product_tag-floor-heater-et","11":"product_tag-harvia-forte-afb4-et","13":"first","14":"instock","15":"sale","16":"taxable","17":"shipping-taxable","18":"purchasable","19":"product-type-simple"},"acf":[],"_links":{"self":[{"href":"https:\/\/factory.sale\/et\/wp-json\/wp\/v2\/product\/17029","targetHints":{"allow":["GET"]}}],"collection":[{"href":"https:\/\/factory.sale\/et\/wp-json\/wp\/v2\/product"}],"about":[{"href":"https:\/\/factory.sale\/et\/wp-json\/wp\/v2\/types\/product"}],"replies":[{"embeddable":true,"href":"https:\/\/factory.sale\/et\/wp-json\/wp\/v2\/comments?post=17029"}],"wp:featuredmedia":[{"embeddable":true,"href":"https:\/\/factory.sale\/et\/wp-json\/wp\/v2\/media\/17024"}],"wp:attachment":[{"href":"https:\/\/factory.sale\/et\/wp-json\/wp\/v2\/media?parent=17029"}],"wp:term":[{"taxonomy":"factory","embeddable":true,"href":"https:\/\/factory.sale\/et\/wp-json\/wp\/v2\/factory?post=17029"},{"taxonomy":"free-shipment","embeddable":true,"href":"https:\/\/factory.sale\/et\/wp-json\/wp\/v2\/free-shipment?post=17029"},{"taxonomy":"product_brand","embeddable":true,"href":"https:\/\/factory.sale\/et\/wp-json\/wp\/v2\/product_brand?post=17029"},{"taxonomy":"product_cat","embeddable":true,"href":"https:\/\/factory.sale\/et\/wp-json\/wp\/v2\/product_cat?post=17029"},{"taxonomy":"product_tag","embeddable":true,"href":"https:\/\/factory.sale\/et\/wp-json\/wp\/v2\/product_tag?post=17029"}],"curies":[{"name":"wp","href":"https:\/\/api.w.org\/{rel}","templated":true}]}}