{"id":1666,"date":"2020-04-16T10:57:46","date_gmt":"2020-04-16T10:57:46","guid":{"rendered":"https:\/\/factory.sale\/product\/standard-180-polycarbonate-greenhouse\/"},"modified":"2025-11-19T16:13:07","modified_gmt":"2025-11-19T13:13:07","slug":"polukarbonaadist-kasvuhoone-standard-180","status":"publish","type":"product","link":"https:\/\/factory.sale\/et\/toode\/polukarbonaadist-kasvuhoone-standard-180\/","title":{"rendered":"Pol\u00fckarbonaadist kasvuhoone Standard 180"},"content":{"rendered":"<div>\n<div>Esimest korda oli kasutatud karkassi eriti koormatud piirkondades ja laia v\u00f5imendatud profiili, mis kannatab raskeid lumekoormaid.<\/div>\n<div>T\u00e4nu uuele laia profiili kasutamisele sai v\u00f5imalikuks detailide arvu v\u00e4hendamine, mis h\u00f5lbustab kokkupanekut ning suurendab ehitise kandev\u00f5imet, hinda t\u00f5stmata.<\/div>\n<div><\/div>\n<div>Kasvuhoone laius on optimaalne kolme peenra jaoks. Kasvuhoone geomeetria on l\u00e4bim\u00f5eldud nii, et seda saaks j\u00e4rgnevalt t\u00e4iendada erinevate aksessuaaridega: peenardega, k\u00fclgriiulitega seemikute jaoks.<\/div>\n<div>K\u00f5ik see v\u00f5imaldas luua uue k\u00f5rgkvaliteetse ning perspektiivse mudeli madala hinnaga .<\/div>\n<div><\/div>\n<div>Karkass koos t\u00e4iskomplekteerimisega, pingutiga ja k\u00fcljetoega kannatab maksimaalselt 180kg \u00a0lund 1m2 \u00a0maa horisontaalpinna kohta, mis v\u00f5rdub 1,4m alles sadanud v\u00f5i 0,7m seisnud lumega.<\/div>\n<\/div>\n<div><\/div>\n<div>\n<h4>Tehnilised andmed:<\/h4>\n<div>\u2022 Maksimaalne lumekoormus 180kg\/m2<\/div>\n<div>\u2022 Laiem profiil<\/div>\n<div>\u2022 Laius- 3m; K\u00f5rgus- 2,1m; Pikkus &#8211; 4, 6, 8, 10, 12m &#8230;<\/div>\n<\/div>\n<div>\n<div class=\"row\">\n<p>Artikkel:\u00a0<span class=\"js-product-articul\">0000000000566<\/span><\/p>\n<p>M\u00f5\u00f5dud ja hinnad:<\/p>\n<\/div>\n<\/div>\n<div>\n<div class=\"row margint10\">\n<div class=\"js-color-sizes js-color-sizes-1\">\n<div class=\"js-color-sizes js-color-sizes-1\">\n<div>\n<div class=\"js-color-sizes js-color-sizes-1\"><strong><label class=\"marginr15\">4mm &#8211; 3 x 2.1 x 4 m &#8211; 489 EUR <label class=\"marginr15\"><label class=\"marginr15\"><span class=\"js-product-extra-price\">(ei sisalda KM).<\/span><\/label><\/label><\/label><\/strong><\/div>\n<div class=\"js-color-sizes js-color-sizes-1\"><strong><label class=\"marginr15\">4mm &#8211; 3 x 2.1 x 6 m &#8211; 619 EUR <label class=\"marginr15\"><label class=\"marginr15\"><span class=\"js-product-extra-price\">(ei sisalda KM).<\/span><\/label><\/label><\/label><\/strong><\/div>\n<div class=\"js-color-sizes js-color-sizes-1\"><strong><label class=\"marginr15\">4mm &#8211; 3 x 2.1 x 8 m &#8211; 749 EUR <label class=\"marginr15\"><label class=\"marginr15\"><span class=\"js-product-extra-price\">(ei sisalda KM).<\/span><\/label><\/label><\/label><\/strong><\/div>\n<div class=\"js-color-sizes js-color-sizes-1\"><strong><label class=\"marginr15\">4mm &#8211; 3 x 2.1 x 10 m &#8211; 879 EUR <label class=\"marginr15\"><label class=\"marginr15\"><span class=\"js-product-extra-price\">(ei sisalda KM).<\/span><\/label><\/label><\/label><\/strong><\/div>\n<div class=\"js-color-sizes js-color-sizes-1\"><strong><label class=\"marginr15\">6mm &#8211; 3 x 2.1 x 4 m &#8211; 589 EUR <label class=\"marginr15\"><label class=\"marginr15\"><span class=\"js-product-extra-price\">(ei sisalda KM).<\/span><\/label><\/label><\/label><\/strong><\/div>\n<div class=\"js-color-sizes js-color-sizes-1\"><strong><label class=\"marginr15\">6mm &#8211; 3 x 2.1 x 6 m &#8211; 749 EUR <label class=\"marginr15\"><label class=\"marginr15\"><span class=\"js-product-extra-price\">(ei sisalda KM).<\/span><\/label><\/label><\/label><\/strong><\/div>\n<div class=\"js-color-sizes js-color-sizes-1\"><strong><label class=\"marginr15\">6mm &#8211; 3 x 2.1 x 8 m &#8211; 909 EUR <label class=\"marginr15\"><label class=\"marginr15\"><span class=\"js-product-extra-price\">(ei sisalda KM).<\/span><\/label><\/label><\/label><\/strong><\/div>\n<div class=\"js-color-sizes js-color-sizes-1\"><strong><label class=\"marginr15\">6mm &#8211; 3 x 2.1 x 10 m &#8211; 1069 EUR <label class=\"marginr15\"><label class=\"marginr15\"><span class=\"js-product-extra-price\">(ei sisalda KM).<\/span><\/label><\/label><\/label><\/strong><\/div>\n<\/div>\n<div class=\"js-color-sizes js-color-sizes-1\"><\/div>\n<\/div>\n<\/div>\n<div><\/div>\n<\/div>\n<div class=\"row margint10\">\n<div class=\"row margint10\">\n<p>Lumeraskus, kg\/m<sup>2<\/sup>: 180<\/p>\n<\/div>\n<\/div>\n<\/div>\n<div>\n<div class=\"row margint10\">\n<div class=\"row margint20\">\n<div class=\"row margint10\">\n<div class=\"row margint20\">Lisaks:<\/div>\n<div class=\"row row-extra js-extra js-extra-1695\"><strong><label class=\"marginr15\">\u00d5huaken &#8211; 35<span class=\"js-product-extra-price\">\u00a0EUR (ei sisalda KM).<\/span><\/label><\/strong><\/div>\n<div class=\"row row-extra js-extra js-extra-1695\"><strong><label class=\"marginr15\">Automaatika &#8211; 29<span class=\"js-product-extra-price\">\u00a0EUR <label class=\"marginr15\">(ei sisalda KM).<\/label><\/span><\/label><\/strong><\/div>\n<div class=\"row row-extra js-extra js-extra-1695\"><strong><label class=\"marginr15\">Tilkkastmise s\u00fcsteem &#8211; 65<span class=\"js-product-extra-price\">\u00a0EUR <label class=\"marginr15\">(ei sisalda KM).<\/label><\/span><\/label><\/strong><\/div>\n<div class=\"row row-extra js-extra js-extra-1695\"><strong><label class=\"marginr15\">Tsingitud peenar 0,7m &#8211; 53<span class=\"js-product-extra-price\">\u00a0EUR <label class=\"marginr15\">(ei sisalda KM).<\/label><\/span><\/label><\/strong><\/div>\n<\/div>\n<div class=\"row row-extra js-extra js-extra-1695\">\n<p><strong>Me pakume ka paigaldust ja transporti. Pakkumise saamiseks saatke meile oma aadress.<\/strong><\/p>\n<p><strong>NB! 6mm pol\u00fckarbonaadiga kasvuhoonel otsad 4mm valmistatud pol\u00fckarbonaadist.<\/strong><\/p>\n<\/div>\n<\/div>\n<\/div>\n<\/div>\n","protected":false},"excerpt":{"rendered":"<div>Esimest korda oli kasutatud karkassi eriti koormatud piirkondades ja laia v\u00f5imendatud profiili, mis kannatab raskeid lumekoormaid.<\/div>\n<div>T\u00e4nu uuele laia profiili kasutamisele sai v\u00f5imalikuks detailide arvu v\u00e4hendamine, mis h\u00f5lbustab kokkupanekut ning suurendab ehitise kandev\u00f5imet, hinda t\u00f5stmata.<\/div>\n<div>Kasvuhoone laius on optimaalne kolme peenra jaoks. Kasvuhoone geomeetria on l\u00e4bim\u00f5eldud nii, et seda saaks j\u00e4rgnevalt t\u00e4iendada erinevate aksessuaaridega: peenardega, k\u00fclgriiulitega seemikute jaoks.<\/div>\n<div>K\u00f5ik see v\u00f5imaldas luua uue k\u00f5rgkvaliteetse ning perspektiivse mudeli madala hinnaga.<\/div>\n<div>Karkass koos t\u00e4iskomplekteerimisega, pingutiga ja k\u00fcljetoega kannatab maksimaalselt 180kg \u00a0lund 1m2 \u00a0maa horisontaalpinna kohta, mis v\u00f5rdub 1,4m alles sadanud v\u00f5i 0,7m seisnud lumega.<\/div>\n","protected":false},"featured_media":1687,"comment_status":"open","ping_status":"closed","template":"","meta":{"_acf_changed":false},"factory":[],"free-shipment":[],"product_brand":[],"product_cat":[924,221],"product_tag":[222],"class_list":{"0":"post-1666","1":"product","2":"type-product","3":"status-publish","4":"has-post-thumbnail","6":"product_cat-aiatooted","7":"product_cat-kasvuhooned","8":"product_tag-greenhouse-et-2","10":"first","11":"instock","12":"sale","13":"taxable","14":"shipping-taxable","15":"purchasable","16":"product-type-simple"},"acf":[],"_links":{"self":[{"href":"https:\/\/factory.sale\/et\/wp-json\/wp\/v2\/product\/1666","targetHints":{"allow":["GET"]}}],"collection":[{"href":"https:\/\/factory.sale\/et\/wp-json\/wp\/v2\/product"}],"about":[{"href":"https:\/\/factory.sale\/et\/wp-json\/wp\/v2\/types\/product"}],"replies":[{"embeddable":true,"href":"https:\/\/factory.sale\/et\/wp-json\/wp\/v2\/comments?post=1666"}],"wp:featuredmedia":[{"embeddable":true,"href":"https:\/\/factory.sale\/et\/wp-json\/wp\/v2\/media\/1687"}],"wp:attachment":[{"href":"https:\/\/factory.sale\/et\/wp-json\/wp\/v2\/media?parent=1666"}],"wp:term":[{"taxonomy":"factory","embeddable":true,"href":"https:\/\/factory.sale\/et\/wp-json\/wp\/v2\/factory?post=1666"},{"taxonomy":"free-shipment","embeddable":true,"href":"https:\/\/factory.sale\/et\/wp-json\/wp\/v2\/free-shipment?post=1666"},{"taxonomy":"product_brand","embeddable":true,"href":"https:\/\/factory.sale\/et\/wp-json\/wp\/v2\/product_brand?post=1666"},{"taxonomy":"product_cat","embeddable":true,"href":"https:\/\/factory.sale\/et\/wp-json\/wp\/v2\/product_cat?post=1666"},{"taxonomy":"product_tag","embeddable":true,"href":"https:\/\/factory.sale\/et\/wp-json\/wp\/v2\/product_tag?post=1666"}],"curies":[{"name":"wp","href":"https:\/\/api.w.org\/{rel}","templated":true}]}}