{"id":1653,"date":"2020-04-16T10:28:32","date_gmt":"2020-04-16T10:28:32","guid":{"rendered":"https:\/\/factory.sale\/product\/compact-240-polycarbonate-greenhouses\/"},"modified":"2024-06-26T12:57:23","modified_gmt":"2024-06-26T12:57:23","slug":"polukarbonaadist-kasvuhooned-kompakt-240","status":"publish","type":"product","link":"https:\/\/factory.sale\/et\/toode\/polukarbonaadist-kasvuhooned-kompakt-240\/","title":{"rendered":"Pol\u00fckarbonaadist kasvuhooned Kompakt 240"},"content":{"rendered":"<div>\n<div>Kasvuhoone &#8220;Kompakt 240&#8221; on kavandatud nii, et luua mikrokliima, mis soodustab aiakultuuri kasvamist suvilates ning aedades. Kasvuhoone v\u00f5ib omada erinevat pikkust, vastavalt kliendi soovile.<\/div>\n<div><\/div>\n<div>Paigaldatud kasvuhoone k\u00f5rgus \u2013 2,2 m. Kasvuhoone karkass on valmistatud tsingitud metallist ning teda kinnitatakse mutrite ja poltide abil. Vundamenti kasvuhoone ei n\u00f5ua, kuid vundamendi peale paigaldus on lubatud. Kasvuhoone kinnitatakse pinna k\u00fclge spetsiaalsete kinnitusjalgadega maasse sisendades.<\/div>\n<div><\/div>\n<div>Komplekt sisaldab k\u00f5ike vajalikku, et kinnitada katted. Kasvuhoone omab m\u00f5lemas otsas ukseava ja \u00f5hutusaknaid. Kasvuhoone karkass on valmistatud tsingitud metallist ja pannakse kokku poltide ja mutrite abil.<\/div>\n<\/div>\n<div>\n<h4>Tehnilised andmed:<\/h4>\n<div>\u2022 Maksimaalne lumekoormus 240kg\/m2<\/div>\n<div>\u2022 Laius- 2m; K\u00f5rgus- 2,2m; Pikkus &#8211; 2, 4, 6, 8m &#8230;<\/div>\n<\/div>\n<div>\n<div class=\"row\">\n<p>Artikkel:\u00a0<span class=\"js-product-articul\">0000000000565<\/span><\/p>\n<\/div>\n<div class=\"row margint10\">M\u00f5\u00f5dud ja hinnad:<\/div>\n<div>\n<div class=\"js-color-sizes js-color-sizes-1\"><strong><label class=\"marginr15\">4mm &#8211; 2 x 2.2 x 2 m &#8211; 329 EUR <label class=\"marginr15\"><label class=\"marginr15\"><span class=\"js-product-extra-price\">(ei sisalda KM).<\/span><\/label><\/label><\/label><\/strong><\/div>\n<div class=\"js-color-sizes js-color-sizes-1\"><strong><label class=\"marginr15\">4mm &#8211; 2 x 2.2 x 4 m &#8211; 449 EUR <label class=\"marginr15\"><label class=\"marginr15\"><span class=\"js-product-extra-price\">(ei sisalda KM).<\/span><\/label><\/label><\/label><\/strong><\/div>\n<div class=\"js-color-sizes js-color-sizes-1\"><strong><label class=\"marginr15\">4mm &#8211; 2 x 2.2 x 6 m &#8211; 569 EUR <label class=\"marginr15\"><label class=\"marginr15\"><span class=\"js-product-extra-price\">(ei sisalda KM).<\/span><\/label><\/label><\/label><\/strong><\/div>\n<div class=\"js-color-sizes js-color-sizes-1\"><strong><label class=\"marginr15\">4mm &#8211; 2 x 2.2 x 8 m &#8211; 689 EUR <label class=\"marginr15\"><label class=\"marginr15\"><span class=\"js-product-extra-price\">(ei sisalda KM).<\/span><\/label><\/label><\/label><\/strong><\/div>\n<div class=\"js-color-sizes js-color-sizes-1\"><strong><label class=\"marginr15\">4mm &#8211; 2 x 2.2 x 10 m &#8211; 809 EUR <label class=\"marginr15\"><label class=\"marginr15\"><span class=\"js-product-extra-price\">(ei sisalda KM).<\/span><\/label><\/label><\/label><\/strong><\/div>\n<div class=\"js-color-sizes js-color-sizes-1\"><strong><label class=\"marginr15\">6mm &#8211; 2 x 2.2 x 2 m &#8211; 399 EUR <label class=\"marginr15\"><label class=\"marginr15\"><span class=\"js-product-extra-price\">(ei sisalda KM).<\/span><\/label><\/label><\/label><\/strong><\/div>\n<div class=\"js-color-sizes js-color-sizes-1\"><strong><label class=\"marginr15\">6mm &#8211; 2 x 2.2 x 4 m &#8211; 549 EUR <label class=\"marginr15\"><label class=\"marginr15\"><span class=\"js-product-extra-price\">(ei sisalda KM).<\/span><\/label><\/label><\/label><\/strong><\/div>\n<div class=\"js-color-sizes js-color-sizes-1\"><strong><label class=\"marginr15\">6mm &#8211; 2 x 2.2 x 6 m &#8211; 699 EUR <label class=\"marginr15\"><label class=\"marginr15\"><span class=\"js-product-extra-price\">(ei sisalda KM).<\/span><\/label><\/label><\/label><\/strong><\/div>\n<div class=\"js-color-sizes js-color-sizes-1\"><strong><label class=\"marginr15\">6mm &#8211; 2 x 2.2 x 8 m &#8211; 849 EUR <label class=\"marginr15\"><label class=\"marginr15\"><span class=\"js-product-extra-price\">(ei sisalda KM).<\/span><\/label><\/label><\/label><\/strong><\/div>\n<div class=\"js-color-sizes js-color-sizes-1\"><strong><label class=\"marginr15\">6mm &#8211; 2 x 2.2 x 10 m &#8211; 999 EUR <label class=\"marginr15\"><label class=\"marginr15\"><span class=\"js-product-extra-price\">(ei sisalda KM).<\/span><\/label><\/label><\/label><\/strong><\/div>\n<\/div>\n<\/div>\n<div>\n<div>\n<div class=\"row margint10\">\n<div class=\"js-color-sizes js-color-sizes-1\">\n<div class=\"js-color-sizes js-color-sizes-1\">\n<div class=\"js-color-sizes js-color-sizes-1\"><\/div>\n<\/div>\n<\/div>\n<\/div>\n<div class=\"row margint10\">\n<p>Lumeraskus, kg\/m<sup>2<\/sup>: 240<\/p>\n<\/div>\n<div class=\"row margint20\">\n<div class=\"row margint20\">Lisaks:<\/div>\n<div class=\"row row-extra js-extra js-extra-3158\">\n<div class=\"row row-extra js-extra js-extra-1695\"><strong><label class=\"marginr15\">\u00d5huaken \u2013 25<span class=\"js-product-extra-price\">\u00a0EUR (ei sisalda KM).<\/span><\/label><\/strong><\/div>\n<div class=\"row row-extra js-extra js-extra-1695\"><strong><label class=\"marginr15\">Automaatika \u2013 29<span class=\"js-product-extra-price\">\u00a0EUR\u00a0<label class=\"marginr15\">(ei sisalda KM).<\/label><\/span><\/label><\/strong><\/div>\n<div class=\"row row-extra js-extra js-extra-1695\"><strong><label class=\"marginr15\">Tilkkastmise s\u00fcsteem \u2013 65<span class=\"js-product-extra-price\">\u00a0EUR\u00a0<label class=\"marginr15\">(ei sisalda KM).<\/label><\/span><\/label><\/strong><\/div>\n<div class=\"row row-extra js-extra js-extra-1695\"><strong><label class=\"marginr15\">Tsingitud peenar 0,7m \u2013 53<span class=\"js-product-extra-price\">\u00a0EUR\u00a0<label class=\"marginr15\">(ei sisalda KM).<\/label><\/span><\/label><\/strong><\/div>\n<\/div>\n<\/div>\n<\/div>\n<div>\n<div class=\"row margint10\"><strong><strong><br \/>\nMe pakume ka paigaldust ja transporti. Pakkumise saamiseks saatke meile oma aadress.<\/strong><\/strong><\/div>\n<\/div>\n<\/div>\n<div>\n<div class=\"row margint10\"><strong>NB! 6mm pol\u00fckarbonaadiga kasvuhoonel otsad 4mm valmistatud pol\u00fckarbonaadist.<br \/>\n<\/strong><\/div>\n<div><\/div>\n<\/div>\n","protected":false},"excerpt":{"rendered":"<div>Kasvuhoone &#8220;Kompakt 240&#8221; on kavandatud nii, et luua mikrokliima, mis soodustab aiakultuuri kasvamist suvilates ning aedades. Kasvuhoone v\u00f5ib omada erinevat pikkust, vastavalt kliendi soovile. Paigaldatud kasvuhoone k\u00f5rgus \u2013 2,2 m. Kasvuhoone karkass on valmistatud tsingitud metallist ning teda kinnitatakse mutrite ja poltide abil. Vundamenti kasvuhoone ei n\u00f5ua, kuid vundamendi peale paigaldus on lubatud. Kasvuhoone kinnitatakse pinna k\u00fclge spetsiaalsete kinnitusjalgadega maasse sisendades. Komplekt sisaldab k\u00f5ike vajalikku, et kinnitada katted. Kasvuhoone omab m\u00f5lemas otsas ukseava ja \u00f5hutusaknaid. Kasvuhoone karkass on valmistatud tsingitud metallist ja pannakse kokku poltide ja mutrite abil.<\/div>\n","protected":false},"featured_media":1671,"comment_status":"open","ping_status":"closed","template":"","meta":{"_acf_changed":false},"factory":[],"free-shipment":[],"product_brand":[],"product_cat":[924,221],"product_tag":[222],"class_list":{"0":"post-1653","1":"product","2":"type-product","3":"status-publish","4":"has-post-thumbnail","6":"product_cat-aiatooted","7":"product_cat-kasvuhooned","8":"product_tag-greenhouse-et-2","10":"first","11":"instock","12":"sale","13":"taxable","14":"shipping-taxable","15":"purchasable","16":"product-type-simple"},"acf":[],"_links":{"self":[{"href":"https:\/\/factory.sale\/et\/wp-json\/wp\/v2\/product\/1653","targetHints":{"allow":["GET"]}}],"collection":[{"href":"https:\/\/factory.sale\/et\/wp-json\/wp\/v2\/product"}],"about":[{"href":"https:\/\/factory.sale\/et\/wp-json\/wp\/v2\/types\/product"}],"replies":[{"embeddable":true,"href":"https:\/\/factory.sale\/et\/wp-json\/wp\/v2\/comments?post=1653"}],"wp:featuredmedia":[{"embeddable":true,"href":"https:\/\/factory.sale\/et\/wp-json\/wp\/v2\/media\/1671"}],"wp:attachment":[{"href":"https:\/\/factory.sale\/et\/wp-json\/wp\/v2\/media?parent=1653"}],"wp:term":[{"taxonomy":"factory","embeddable":true,"href":"https:\/\/factory.sale\/et\/wp-json\/wp\/v2\/factory?post=1653"},{"taxonomy":"free-shipment","embeddable":true,"href":"https:\/\/factory.sale\/et\/wp-json\/wp\/v2\/free-shipment?post=1653"},{"taxonomy":"product_brand","embeddable":true,"href":"https:\/\/factory.sale\/et\/wp-json\/wp\/v2\/product_brand?post=1653"},{"taxonomy":"product_cat","embeddable":true,"href":"https:\/\/factory.sale\/et\/wp-json\/wp\/v2\/product_cat?post=1653"},{"taxonomy":"product_tag","embeddable":true,"href":"https:\/\/factory.sale\/et\/wp-json\/wp\/v2\/product_tag?post=1653"}],"curies":[{"name":"wp","href":"https:\/\/api.w.org\/{rel}","templated":true}]}}