{"id":1628,"date":"2020-04-16T08:23:47","date_gmt":"2020-04-16T12:11:54","guid":{"rendered":"https:\/\/factory.sale\/?post_type=product&#038;p=1628"},"modified":"2023-10-05T12:29:31","modified_gmt":"2023-10-05T12:29:31","slug":"polukarbonaadist-kasvuhoone-premium-450","status":"publish","type":"product","link":"https:\/\/factory.sale\/et\/toode\/polukarbonaadist-kasvuhoone-premium-450\/","title":{"rendered":"Pol\u00fckarbonaadist kasvuhoone Premium 450"},"content":{"rendered":"<div>Uus v\u00f5imas tsingitud profiil. Karkassi k\u00f5rgus sobib ideaalselt k\u00f5rge kasvuga taimede kasvatamiseks, aga laius on optimaalne kahe viiru jaoks.<\/div>\n<div>Karkass koos t\u00e4iskomplekteerimisega, pingutiga ja \u00a0k\u00fcljetoega kannatab maksimaalselt 450kg \u00a0lund 1m2 \u00a0maa horisontaalpinna kohta, mis v\u00f5rdub 1,4m alles sadanud v\u00f5i 0,7m seisnud lumega.<\/div>\n<div><\/div>\n<div>Kasvuhoone \u201ePremium 450\u201c on m\u00f5eldud mikrokliima loomiseks, mis on hea aiamaa kultuuride kasvatamiseks suvilates ja aiamaal. Kaetava krundi pindala s\u00f5ltub kasvuhoone pikkusest. Kasvuhoone v\u00f5ib olla erineva pikkusega s\u00f5ltuvalt ostja soovist.<\/div>\n<div><\/div>\n<div>Kasvuhoone karkass on valmistatud tsingitud terasest ja pannakse kokku poltide ja mutrite abil. Kasvuhoone kinnitatakse krundi k\u00fclge kaevates karkassi T-kujulised otsad maapinna sisse. Komplekti kuulub k\u00f5ik vajalik katte kinnitamiseks. Kasvuhoones on kaks ukseava vastastikustes otstes.<\/div>\n<div><\/div>\n<div>\n<h4>Tehnilised andmed:<\/h4>\n<div>\u2022 Maksimaalne lumekoormus 450kg\/m2<\/div>\n<div>\u2022 Laius- 2,6m; K\u00f5rgus- 2,5m; Pikkus &#8211; 4, 6, 8m &#8230;<\/div>\n<\/div>\n<div><\/div>\n<div>\n<div class=\"row\">\n<p>Artikkel:\u00a0<span class=\"js-product-articul\">0000000000563<\/span><\/p>\n<p>M\u00f5\u00f5dud ja hinnad:<\/p>\n<p><strong><label class=\"marginr15\">4mm &#8211; 2.6 x 2.5 x 4 m &#8211; 729 EUR <label class=\"marginr15\"><label class=\"marginr15\"><label class=\"marginr15\">(ei sisalda KM).<\/label><\/label><\/label><br \/>\n<\/label><label class=\"marginr15\">4mm &#8211; 2.6 x 2.5 x 6 m &#8211; 919 EUR <label class=\"marginr15\"><label class=\"marginr15\"><label class=\"marginr15\">(ei sisalda KM).<\/label><\/label><\/label><br \/>\n<\/label><label class=\"marginr15\">4mm &#8211; 2.6 x 2.5 x 8 m &#8211; 1109 EUR <label class=\"marginr15\"><label class=\"marginr15\"><label class=\"marginr15\">(ei sisalda KM).<\/label><\/label><\/label><br \/>\n<\/label><label class=\"marginr15\">4mm &#8211; 2.6 x 2.5 x 10 m &#8211; 1299 EUR <label class=\"marginr15\"><label class=\"marginr15\"><label class=\"marginr15\">(ei sisalda KM).<\/label><\/label><\/label><br \/>\n<\/label><label class=\"marginr15\">6mm &#8211; 2.6 x 2.5 x 4 m &#8211; 829 EUR <label class=\"marginr15\"><label class=\"marginr15\"><label class=\"marginr15\">(ei sisalda KM).<\/label><\/label><\/label><br \/>\n<\/label><label class=\"marginr15\">6mm &#8211; 2.6 x 2.5 x 6 m &#8211; 1049 EUR <label class=\"marginr15\"><label class=\"marginr15\"><label class=\"marginr15\">(ei sisalda KM).<\/label><\/label><\/label><br \/>\n<\/label><label class=\"marginr15\">6mm &#8211; 2.6 x 2.5 x 8 m &#8211; 1269 EUR <label class=\"marginr15\"><label class=\"marginr15\"><label class=\"marginr15\">(ei sisalda KM).<\/label><\/label><\/label><br \/>\n<\/label><label class=\"marginr15\">6mm &#8211; 2.6 x 2.5 x 10 m &#8211; 1489 EUR <label class=\"marginr15\"><label class=\"marginr15\"><label class=\"marginr15\">(ei sisalda KM).<\/label><\/label><\/label><\/label><\/strong><\/p>\n<p>&nbsp;<\/p>\n<\/div>\n<\/div>\n<div>\n<div class=\"row margint10\">\n<p>Lumeraskus, kg\/m<sup>2<\/sup>: 450<\/p>\n<\/div>\n<div class=\"row margint20\">Lisaks:<\/div>\n<div class=\"row row-extra js-extra js-extra-1676\">\n<div class=\"row row-extra js-extra js-extra-1695\"><strong><label class=\"marginr15\">\u00d5huaken \u2013 25<span class=\"js-product-extra-price\">\u00a0EUR (ei sisalda KM).<\/span><\/label><\/strong><\/div>\n<div class=\"row row-extra js-extra js-extra-1695\"><strong><label class=\"marginr15\">Automaatika \u2013 29<span class=\"js-product-extra-price\">\u00a0EUR\u00a0<label class=\"marginr15\">(ei sisalda KM).<\/label><\/span><\/label><\/strong><\/div>\n<div class=\"row row-extra js-extra js-extra-1695\"><strong><label class=\"marginr15\">Tilkkastmise s\u00fcsteem \u2013 65<span class=\"js-product-extra-price\">\u00a0EUR\u00a0<label class=\"marginr15\">(ei sisalda KM).<\/label><\/span><\/label><\/strong><\/div>\n<div class=\"row row-extra js-extra js-extra-1695\"><strong><label class=\"marginr15\">Tsingitud peenar 0,7m \u2013 53<span class=\"js-product-extra-price\">\u00a0EUR\u00a0<label class=\"marginr15\">(ei sisalda KM).<\/label><\/span><\/label><\/strong><\/div>\n<\/div>\n<\/div>\n<div>\n<div>\n<div>\n<div class=\"row margint10\"><strong><br \/>\nMe pakume ka paigaldust ja transporti. Pakkumise saamiseks saatke meile oma aadress.<br \/>\n<\/strong><\/div>\n<\/div>\n<\/div>\n<div><strong><br \/>\nNB! 6mm pol\u00fckarbonaadiga kasvuhoonel otsad 4mm valmistatud pol\u00fckarbonaadist.<\/strong><\/div>\n<\/div>\n","protected":false},"excerpt":{"rendered":"<div>Uus v\u00f5imas tsingitud profiil. Karkassi k\u00f5rgus sobib ideaalselt k\u00f5rge kasvuga taimede kasvatamiseks, aga laius on optimaalne kahe viiru jaoks. Karkass koos t\u00e4iskomplekteerimisega, pingutiga ja \u00a0k\u00fcljetoega kannatab maksimaalselt 450kg \u00a0lund 1m2 \u00a0maa horisontaalpinna kohta, mis v\u00f5rdub 1,4m alles sadanud v\u00f5i 0,7m seisnud lumega.<\/div>\n<div>Kasvuhoone \u201ePremium 450\u201c on m\u00f5eldud mikrokliima loomiseks, mis on hea aiamaa kultuuride kasvatamiseks suvilates ja aiamaal. Kaetava krundi pindala s\u00f5ltub kasvuhoone pikkusest. Kasvuhoone v\u00f5ib olla erineva pikkusega s\u00f5ltuvalt ostja soovist.<\/div>\n<div>Kasvuhoone karkass on valmistatud tsingitud terasest ja pannakse kokku poltide ja mutrite abil. Kasvuhoone kinnitatakse krundi k\u00fclge kaevates karkassi T-kujulised otsad maapinna sisse. Komplekti kuulub k\u00f5ik vajalik katte kinnitamiseks. Kasvuhoones on kaks ukseava vastastikustes otstes.<\/div>\n","protected":false},"featured_media":1657,"comment_status":"closed","ping_status":"closed","template":"","meta":{"_acf_changed":false},"factory":[],"free-shipment":[],"product_brand":[],"product_cat":[924,221],"product_tag":[222],"class_list":{"0":"post-1628","1":"product","2":"type-product","3":"status-publish","4":"has-post-thumbnail","6":"product_cat-aiatooted","7":"product_cat-kasvuhooned","8":"product_tag-greenhouse-et-2","10":"first","11":"instock","12":"sale","13":"taxable","14":"shipping-taxable","15":"purchasable","16":"product-type-simple"},"acf":[],"_links":{"self":[{"href":"https:\/\/factory.sale\/et\/wp-json\/wp\/v2\/product\/1628","targetHints":{"allow":["GET"]}}],"collection":[{"href":"https:\/\/factory.sale\/et\/wp-json\/wp\/v2\/product"}],"about":[{"href":"https:\/\/factory.sale\/et\/wp-json\/wp\/v2\/types\/product"}],"replies":[{"embeddable":true,"href":"https:\/\/factory.sale\/et\/wp-json\/wp\/v2\/comments?post=1628"}],"wp:featuredmedia":[{"embeddable":true,"href":"https:\/\/factory.sale\/et\/wp-json\/wp\/v2\/media\/1657"}],"wp:attachment":[{"href":"https:\/\/factory.sale\/et\/wp-json\/wp\/v2\/media?parent=1628"}],"wp:term":[{"taxonomy":"factory","embeddable":true,"href":"https:\/\/factory.sale\/et\/wp-json\/wp\/v2\/factory?post=1628"},{"taxonomy":"free-shipment","embeddable":true,"href":"https:\/\/factory.sale\/et\/wp-json\/wp\/v2\/free-shipment?post=1628"},{"taxonomy":"product_brand","embeddable":true,"href":"https:\/\/factory.sale\/et\/wp-json\/wp\/v2\/product_brand?post=1628"},{"taxonomy":"product_cat","embeddable":true,"href":"https:\/\/factory.sale\/et\/wp-json\/wp\/v2\/product_cat?post=1628"},{"taxonomy":"product_tag","embeddable":true,"href":"https:\/\/factory.sale\/et\/wp-json\/wp\/v2\/product_tag?post=1628"}],"curies":[{"name":"wp","href":"https:\/\/api.w.org\/{rel}","templated":true}]}}