{"id":160104,"date":"2026-04-30T11:49:21","date_gmt":"2026-04-30T09:10:31","guid":{"rendered":"https:\/\/factory.sale\/?post_type=product&#038;p=160104"},"modified":"2026-04-30T12:48:26","modified_gmt":"2026-04-30T09:48:26","slug":"vision-saun-ovaalne-valisaun-8-inimesele","status":"publish","type":"product","link":"https:\/\/factory.sale\/et\/toode\/vision-saun-ovaalne-valisaun-8-inimesele\/","title":{"rendered":"Vision saun &#8211; ovaalne v\u00e4lisaun 8-inimesele"},"content":{"rendered":"<p><strong>Panoraamvaade<\/strong><\/p>\n<p>Vision saun loob uue taseme l\u00f5\u00f5gastumiseks, \u00fchendades siseruumi soojuse looduse iluga. Selle kaarjas ja avar klaasist esisein loob lummava panoraamvaate, tuues lumised orud, vaiksed j\u00e4rved ja kuldsed p\u00e4ikeseloojangud otse sinu saunaelamusse.<br \/>\nLavad on l\u00e4bim\u00f5eldult suunatud vaate poole, et iga saunaline saaks nautida parimat ja takistusteta vaadet \u00fcmbritsevale maastikule. Iga saunakord muutub rahulikuks, kaasahaaravaks ja meditatiivseks \u00fchenduseks loodusega.<\/p>\n<p>&nbsp;<\/p>\n<p><strong>L\u00e4bim\u00f5eldud ergonoomika<\/strong><\/p>\n<p>Vision sauna iga detail on loodud mugavaks ja pingevabaks kasutamiseks ka pikemate saunaseansside ajal. Mitmetasandilised nurgaga paigutatud lavad pakuvad paindlikke istumisv\u00f5imalusi \u2013 istu sirgelt, siruta end v\u00e4lja v\u00f5i lihtsalt l\u00f5\u00f5gastu.<br \/>\nKaarjas siselahendus, siledad pinnad ja t\u00f5hus soojuse liikumine loovad \u00fchtlase soojuse ning avara tunde, v\u00f5imaldades t\u00e4ielikult l\u00f5\u00f5gastuda s\u00fcgavas ja taastavas mugavuses.<\/p>\n<p>&nbsp;<\/p>\n<p><strong>Premium-klassi materjalid<\/strong><\/p>\n<p>Lavad on valmistatud kvaliteetsest lepapuidust, mis sobib sauna suurep\u00e4raselt t\u00e4nu heale niiskuskindlusele, madalale soojusjuhtivusele ja soojale, v\u00e4\u00e4rikale toonile.<br \/>\nKoos vastupidava termopuidust saunakorpusega \u2013 mis on tuntud oma pika kasutusea, stabiilsuse ja loomuliku k\u00f5dunemiskindluse poolest \u2013 tagab see materjalivalik kestva toimivuse ka n\u00f5udlikes v\u00e4listingimustes. Lepapuidust lavad lisavad mugavust pikematel saunaseanssidel ning loovad elegantse ja luksusliku atmosf\u00e4\u00e4ri.<\/p>\n<p>&nbsp;<\/p>\n<p>&nbsp;<\/p>\n<p><strong>Individuaalne stiil<\/strong><\/p>\n<p>Vision saun on saadaval nelja elegantse klaasivalikuga: l\u00e4bipaistev, peegelklaas, pronksitooniga ja must toonitud klaas. Iga valik aitab kujundada privaatsust, valguse hulka ja sauna \u00fcldist visuaalset iseloomu.<br \/>\nL\u00e4bipaistev klaas pakub puhast ja takistusteta vaadet \u00fcmbritsevale maastikule. Peegelklaas lisab privaatsust ning loob elegantse peegelduva ilme. Pronksitooniga klaas t\u00e4idab ruumi sooja kuldse varjundiga, must toonitud klaas aga loob modernse, privaatse ja intiimse atmosf\u00e4\u00e4ri.<\/p>\n<p>&nbsp;<\/p>\n<p><strong>Tehnilised andmed:<\/strong><\/p>\n<div class=\"TyagGW_tableContainer\">\n<div class=\"group TyagGW_tableWrapper flex flex-col-reverse w-fit\" tabindex=\"-1\">\n<table class=\"w-fit min-w-(--thread-content-width)\" style=\"height: 244px;\" width=\"501\" data-start=\"2602\" data-end=\"2893\">\n<thead data-start=\"2602\" data-end=\"2633\">\n<tr data-start=\"2602\" data-end=\"2633\">\n<th class=\"\" data-start=\"2602\" data-end=\"2622\" data-col-size=\"sm\"><\/th>\n<th class=\"\" data-start=\"2622\" data-end=\"2633\" data-col-size=\"sm\"><\/th>\n<\/tr>\n<\/thead>\n<tbody data-start=\"2645\" data-end=\"2893\">\n<tr data-start=\"2645\" data-end=\"2700\">\n<td data-start=\"2645\" data-end=\"2678\" data-col-size=\"sm\">Kokkupandud m\u00f5\u00f5dud (P \u00d7 L \u00d7 K)<\/td>\n<td data-col-size=\"sm\" data-start=\"2678\" data-end=\"2700\">240 \u00d7 310 \u00d7 230 cm<\/td>\n<\/tr>\n<tr data-start=\"2701\" data-end=\"2762\">\n<td data-start=\"2701\" data-end=\"2740\" data-col-size=\"sm\">Transpordipakendi m\u00f5\u00f5dud (P \u00d7 L \u00d7 K)<\/td>\n<td data-col-size=\"sm\" data-start=\"2740\" data-end=\"2762\">240 \u00d7 120 \u00d7 150 cm<\/td>\n<\/tr>\n<tr data-start=\"2763\" data-end=\"2790\">\n<td data-start=\"2763\" data-end=\"2781\" data-col-size=\"sm\">Leiliruumi maht<\/td>\n<td data-col-size=\"sm\" data-start=\"2781\" data-end=\"2790\">14 m\u00b3<\/td>\n<\/tr>\n<tr data-start=\"2791\" data-end=\"2809\">\n<td data-start=\"2791\" data-end=\"2798\" data-col-size=\"sm\">Kaal<\/td>\n<td data-col-size=\"sm\" data-start=\"2798\" data-end=\"2809\">~710 kg<\/td>\n<\/tr>\n<tr data-start=\"2810\" data-end=\"2847\">\n<td data-start=\"2810\" data-end=\"2833\" data-col-size=\"sm\">Leiliruumi mahutavus<\/td>\n<td data-col-size=\"sm\" data-start=\"2833\" data-end=\"2847\">~8 inimest<\/td>\n<\/tr>\n<tr data-start=\"2848\" data-end=\"2872\">\n<td data-start=\"2848\" data-end=\"2863\" data-col-size=\"sm\">Puidu paksus<\/td>\n<td data-start=\"2863\" data-end=\"2872\" data-col-size=\"sm\">40 mm<\/td>\n<\/tr>\n<tr data-start=\"2873\" data-end=\"2893\">\n<td data-start=\"2873\" data-end=\"2885\" data-col-size=\"sm\">K\u00fctmisaeg<\/td>\n<td data-start=\"2885\" data-end=\"2893\" data-col-size=\"sm\">~1 h<\/td>\n<\/tr>\n<\/tbody>\n<\/table>\n<\/div>\n<\/div>\n<p>&nbsp;<\/p>\n<p><strong>Baaskomplekt sisaldab:<\/strong><\/p>\n<ul>\n<li>Termopuidust saunakorpus, puidu paksus 40 mm<\/li>\n<li>Musta v\u00e4rvi bituumensindelkatus<\/li>\n<li>Kerisekivid, ainult koos kerisega ostes<\/li>\n<li>Lepapuidust lavad<\/li>\n<li>V\u00e4limine puidust uks klaasakna ja lukuga<\/li>\n<li>Dekoratiivsed puidust vitsad ees ja taga<\/li>\n<li>L\u00e4bipaistev panoraamaken<\/li>\n<li>Roostevabast terasest vitsad, 2 tk<\/li>\n<\/ul>\n<p>&nbsp;<\/p>\n<p>&nbsp;<\/p>\n<p><strong>Lisavalikud (hinnad ilma KM):<\/strong><\/p>\n<div class=\"TyagGW_tableContainer\">\n<div class=\"group TyagGW_tableWrapper flex flex-col-reverse w-fit\" tabindex=\"-1\">\n<table class=\"w-fit min-w-(--thread-content-width)\" style=\"height: 203px;\" width=\"363\" data-start=\"3307\" data-end=\"3520\">\n<thead data-start=\"3307\" data-end=\"3327\">\n<tr data-start=\"3307\" data-end=\"3327\">\n<th class=\"\" data-start=\"3307\" data-end=\"3319\" data-col-size=\"sm\"><\/th>\n<th class=\"\" data-start=\"3319\" data-end=\"3327\" data-col-size=\"sm\"><\/th>\n<\/tr>\n<\/thead>\n<tbody data-start=\"3339\" data-end=\"3520\">\n<tr data-start=\"3339\" data-end=\"3359\">\n<td data-start=\"3339\" data-end=\"3348\" data-col-size=\"sm\">P\u00f5rand<\/td>\n<td data-start=\"3348\" data-end=\"3359\" data-col-size=\"sm\">220 EUR<\/td>\n<\/tr>\n<tr data-start=\"3360\" data-end=\"3393\">\n<td data-start=\"3360\" data-end=\"3382\" data-col-size=\"sm\">Mitteavatavad aknad<\/td>\n<td data-start=\"3382\" data-end=\"3393\" data-col-size=\"sm\">104 EUR<\/td>\n<\/tr>\n<tr data-start=\"3394\" data-end=\"3422\">\n<td data-start=\"3394\" data-end=\"3411\" data-col-size=\"sm\">Avatavad aknad<\/td>\n<td data-start=\"3411\" data-end=\"3422\" data-col-size=\"sm\">173 EUR<\/td>\n<\/tr>\n<tr data-start=\"3423\" data-end=\"3459\">\n<td data-start=\"3423\" data-end=\"3448\" data-col-size=\"sm\">Sisemine LED-valgustus<\/td>\n<td data-start=\"3448\" data-end=\"3459\" data-col-size=\"sm\">334 EUR<\/td>\n<\/tr>\n<tr data-start=\"3460\" data-end=\"3496\">\n<td data-start=\"3460\" data-end=\"3485\" data-col-size=\"sm\">V\u00e4limine LED-valgustus<\/td>\n<td data-col-size=\"sm\" data-start=\"3485\" data-end=\"3496\">219 EUR<\/td>\n<\/tr>\n<tr data-start=\"3497\" data-end=\"3520\">\n<td data-start=\"3497\" data-end=\"3509\" data-col-size=\"sm\">V\u00e4rvimine<\/td>\n<td data-start=\"3509\" data-end=\"3520\" data-col-size=\"sm\">140 EUR<\/td>\n<\/tr>\n<\/tbody>\n<\/table>\n<\/div>\n<\/div>\n<p data-section-id=\"cu44fi\" data-start=\"3527\" data-end=\"3544\"><strong>Kerise valikud:<\/strong><\/p>\n<div class=\"TyagGW_tableContainer\">\n<div class=\"group TyagGW_tableWrapper flex flex-col-reverse w-fit\" tabindex=\"-1\">\n<table class=\"w-fit min-w-(--thread-content-width)\" style=\"height: 116px;\" width=\"367\" data-start=\"3546\" data-end=\"3661\">\n<thead data-start=\"3546\" data-end=\"3562\">\n<tr data-start=\"3546\" data-end=\"3562\">\n<th class=\"\" data-start=\"3546\" data-end=\"3554\" data-col-size=\"sm\"><\/th>\n<th class=\"\" data-start=\"3554\" data-end=\"3562\" data-col-size=\"sm\"><\/th>\n<\/tr>\n<\/thead>\n<tbody data-start=\"3574\" data-end=\"3661\">\n<tr data-start=\"3574\" data-end=\"3607\">\n<td data-start=\"3574\" data-end=\"3594\" data-col-size=\"sm\">Huum Hive Mini 11<\/td>\n<td data-start=\"3594\" data-end=\"3607\" data-col-size=\"sm\">1 714 EUR<\/td>\n<\/tr>\n<tr data-start=\"3608\" data-end=\"3631\">\n<td data-start=\"3608\" data-end=\"3618\" data-col-size=\"sm\">Cozy 18<\/td>\n<td data-start=\"3618\" data-end=\"3631\" data-col-size=\"sm\">1 288 EUR<\/td>\n<\/tr>\n<tr data-start=\"3632\" data-end=\"3661\">\n<td data-start=\"3632\" data-end=\"3648\" data-col-size=\"sm\">Harvia 20 Pro<\/td>\n<td data-start=\"3648\" data-end=\"3661\" data-col-size=\"sm\">1 127 EUR<\/td>\n<\/tr>\n<\/tbody>\n<\/table>\n<\/div>\n<\/div>\n<p data-section-id=\"193wp9s\" data-start=\"3668\" data-end=\"3684\"><strong>Klaasivalikud:<\/strong><\/p>\n<div class=\"TyagGW_tableContainer\">\n<div class=\"group TyagGW_tableWrapper flex flex-col-reverse w-fit\" tabindex=\"-1\">\n<table class=\"w-fit min-w-(--thread-content-width)\" style=\"height: 124px;\" width=\"373\" data-start=\"3686\" data-end=\"3818\">\n<thead data-start=\"3686\" data-end=\"3708\">\n<tr data-start=\"3686\" data-end=\"3708\">\n<th class=\"\" data-start=\"3686\" data-end=\"3700\" data-col-size=\"sm\"><\/th>\n<th class=\"\" data-start=\"3700\" data-end=\"3708\" data-col-size=\"sm\"><\/th>\n<\/tr>\n<\/thead>\n<tbody data-start=\"3720\" data-end=\"3818\">\n<tr data-start=\"3720\" data-end=\"3754\">\n<td data-start=\"3720\" data-end=\"3743\" data-col-size=\"sm\">Pronksitooniga klaas<\/td>\n<td data-start=\"3743\" data-end=\"3754\" data-col-size=\"sm\">104 EUR<\/td>\n<\/tr>\n<tr data-start=\"3755\" data-end=\"3780\">\n<td data-start=\"3755\" data-end=\"3769\" data-col-size=\"sm\">Peegelklaas<\/td>\n<td data-start=\"3769\" data-end=\"3780\" data-col-size=\"sm\">355 EUR<\/td>\n<\/tr>\n<tr data-start=\"3781\" data-end=\"3818\">\n<td data-start=\"3781\" data-end=\"3807\" data-col-size=\"sm\">Tumehall toonitud klaas<\/td>\n<td data-start=\"3807\" data-end=\"3818\" data-col-size=\"sm\">288 EUR<\/td>\n<\/tr>\n<\/tbody>\n<\/table>\n<\/div>\n<\/div>\n<p>&nbsp;<\/p>\n<p>&nbsp;<\/p>\n<p><strong>Tarne- ja paigaldusinfo:<\/strong><\/p>\n<p><em>Sauna saab osta ainult kokkupanemata kujul.<\/em><\/p>\n<p><em>Tarne toimub ainult 17 m ilma t\u00f5stukita veoautoga. Klient peab mahalaadimiseks vajaliku tehnika eelnevalt ette valmistama.<\/em><\/p>\n<p>&nbsp;<\/p>\n<p>&nbsp;<\/p>\n<p>&nbsp;<\/p>\n","protected":false},"excerpt":{"rendered":"<p>P\u00f5gene t\u00e4ielikku rahusse Vision saunaga, mille kaarjas panoraamklaasiga esiosa \u00fchendab siseruumi soojuse hingematvate v\u00e4livaadetega. Olgu vaateks lumised orud, vaiksed j\u00e4rved v\u00f5i kuldsed p\u00e4ikeseloojangud \u2013 Vision muudab iga saunask\u00e4igu rahustavaks ja taastavaks \u00fchenduseks loodusega.<br \/>\nKvaliteetsest termopuidust valmistatud ning luksuslike lepalaudadega varustatud saun pakub ergonoomilist mugavust, \u00fchtlast soojusjaotust ja ajatut elegantsi. Nelja viimistletud klaasivalikuga saab Vision sauna kohandada vastavalt soovitud privaatsusele, valgusele ja stiilile.<\/p>\n","protected":false},"featured_media":160111,"comment_status":"open","ping_status":"closed","template":"","meta":{"_acf_changed":false},"factory":[],"free-shipment":[],"product_brand":[],"product_cat":[826,1643],"product_tag":[1648,1908,811],"class_list":{"0":"post-160104","1":"product","2":"type-product","3":"status-publish","4":"has-post-thumbnail","6":"product_cat-saunas-et","7":"product_cat-tunnisaun","8":"product_tag-barrel-sauna-et","9":"product_tag-outdoor-sauna-et","10":"product_tag-sauna-et","12":"first","13":"instock","14":"sale","15":"taxable","16":"shipping-taxable","17":"purchasable","18":"product-type-simple"},"acf":[],"_links":{"self":[{"href":"https:\/\/factory.sale\/et\/wp-json\/wp\/v2\/product\/160104","targetHints":{"allow":["GET"]}}],"collection":[{"href":"https:\/\/factory.sale\/et\/wp-json\/wp\/v2\/product"}],"about":[{"href":"https:\/\/factory.sale\/et\/wp-json\/wp\/v2\/types\/product"}],"replies":[{"embeddable":true,"href":"https:\/\/factory.sale\/et\/wp-json\/wp\/v2\/comments?post=160104"}],"wp:featuredmedia":[{"embeddable":true,"href":"https:\/\/factory.sale\/et\/wp-json\/wp\/v2\/media\/160111"}],"wp:attachment":[{"href":"https:\/\/factory.sale\/et\/wp-json\/wp\/v2\/media?parent=160104"}],"wp:term":[{"taxonomy":"factory","embeddable":true,"href":"https:\/\/factory.sale\/et\/wp-json\/wp\/v2\/factory?post=160104"},{"taxonomy":"free-shipment","embeddable":true,"href":"https:\/\/factory.sale\/et\/wp-json\/wp\/v2\/free-shipment?post=160104"},{"taxonomy":"product_brand","embeddable":true,"href":"https:\/\/factory.sale\/et\/wp-json\/wp\/v2\/product_brand?post=160104"},{"taxonomy":"product_cat","embeddable":true,"href":"https:\/\/factory.sale\/et\/wp-json\/wp\/v2\/product_cat?post=160104"},{"taxonomy":"product_tag","embeddable":true,"href":"https:\/\/factory.sale\/et\/wp-json\/wp\/v2\/product_tag?post=160104"}],"curies":[{"name":"wp","href":"https:\/\/api.w.org\/{rel}","templated":true}]}}