{"id":159751,"date":"2026-04-25T23:07:32","date_gmt":"2026-04-25T20:18:53","guid":{"rendered":"https:\/\/factory.sale\/?post_type=product&#038;p=159751"},"modified":"2026-04-25T23:40:54","modified_gmt":"2026-04-25T20:40:54","slug":"caliskan-304-garden-puukuttega-ahi","status":"publish","type":"product","link":"https:\/\/factory.sale\/et\/toode\/caliskan-304-garden-puukuttega-ahi\/","title":{"rendered":"\u00c7al\u0131\u015fkan 304 Garden puuk\u00fcttega ahi"},"content":{"rendered":"<p>Too oma aeda v\u00f5i terrassile soojust, hubast atmosf\u00e4\u00e4ri ja praktilist k\u00fctet \u00c7al\u0131\u015fkan 304 Garden puuk\u00fcttega ahjuga. V\u00e4litingimustesse loodud stiilne ja vastupidav ahi \u00fchendab t\u00f5husa k\u00fcttev\u00f5imsuse ning elegantse panoraamvaate leegile.<br \/>\nValmistatud 3 mm paksusest metalllehest, tagab ahi suurep\u00e4rase vastupidavuse ja pika kasutusea. Selle k\u00f5rgetele temperatuuridele vastupidav tulekindel v\u00e4rvkate kaitseb pinda ning tagab usaldusv\u00e4\u00e4rse kasutuse muutlikes ilmastikuoludes.<\/p>\n<p>7,23 kW k\u00fcttev\u00f5imsusega ahi annab tugevat soojust ning sobib ideaalselt terrassidele, aedadesse, \u00f5ue puhkealadele ja vaba aja veetmise kohtadesse. K\u00f5igil neljal k\u00fcljel paiknevad keraamilised klaaspaneelid pakuvad t\u00e4ielikku vaadet tulele ning loovad sooja ja kutsuva atmosf\u00e4\u00e4ri.<\/p>\n<p>Kuumuskindel keraamiline klaas on loodud taluma temperatuurik\u00f5ikumisi, tagades nii ohutuse kui vastupidavuse. Lisaks on ahi loodud lihtsasti puhastatavaks, muutes hoolduse mugavaks ja kiireks.<br \/>\nT\u00e4ieliku kasutusmugavuse tagamiseks kuulub komplekti neli 33 cm emailkattega korstnatoru, korstnam\u00fcts ning veekindel kaitsekate hoiustamiseks ja ilmastikukaitseks.<\/p>\n<p>Moodsa disaini, tugeva konstruktsiooni ja t\u00f5husa puuk\u00fctte \u00fchendamisel on \u00c7al\u0131\u015fkan 304 Garden suurep\u00e4rane v\u00e4litingimustes mugavuse loomiseks.<\/p>\n<p>&nbsp;<\/p>\n<p>&nbsp;<\/p>\n<p><strong>Tehnilised andmed:<\/strong><\/p>\n<ul>\n<li>Laius: 34 cm<\/li>\n<li>S\u00fcgavus: 52 cm<\/li>\n<li>K\u00f5rgus: 82 cm<\/li>\n<li>Kaal: 58,5 kg<\/li>\n<li>K\u00fcttev\u00f5imsus: 7,23 kW<\/li>\n<li>K\u00fctuseliik: puit<\/li>\n<li>Materjal: 3 mm paksune metallleht<\/li>\n<li>Viimistlus: k\u00f5rgetele temperatuuridele vastupidav tulekindel v\u00e4rvkate<\/li>\n<li>Suitsutoru l\u00e4bim\u00f5\u00f5t: 130 mm<\/li>\n<li>Klaas: keraamiline termo\u0161okikindel klaas k\u00f5igil neljal k\u00fcljel<\/li>\n<li>Komplektis: 4 emailkattega korstnatoru (iga\u00fcks 33 cm), korstnam\u00fcts, veekindel kaitsekate<\/li>\n<li>Omadused: lihtne puhastada<\/li>\n<\/ul>\n<p>&nbsp;<\/p>\n<div style=\"position: relative; padding-bottom: 56.25%; height: 0; overflow: hidden; max-width: 100%;\"><iframe loading=\"lazy\" style=\"position: absolute; top: 0; left: 0; width: 100%; height: 100%;\" title=\"YouTube video player\" src=\"\/\/www.youtube.com\/embed\/PCKF3H48tss?autoplay=1&amp;mute=1&amp;loop=1&amp;playlist=PCKF3H48tss&amp;controls=1&amp;rel=0&amp;playsinline=1\" width=\"560\" height=\"314\" frameborder=\"0\" allowfullscreen=\"allowfullscreen\" data-mce-fragment=\"1\"><br \/>\n  <\/iframe><\/div>\n","protected":false},"excerpt":{"rendered":"<p>Too oma aeda v\u00f5i terrassile soojust, hubast atmosf\u00e4\u00e4ri ja praktilist k\u00fctet \u00c7al\u0131\u015fkan 304 Garden puuk\u00fcttega ahjuga. V\u00f5imas 7,23 kW ahi keraamiliste klaask\u00fclgede, korstnakomplekti, ilmastikukatte ja vastupidava teraskonstruktsiooniga.<\/p>\n","protected":false},"featured_media":159733,"comment_status":"open","ping_status":"closed","template":"","meta":{"_acf_changed":false},"factory":[],"free-shipment":[],"product_brand":[],"product_cat":[1247,2786],"product_tag":[1892],"class_list":{"0":"post-159751","1":"product","2":"type-product","3":"status-publish","4":"has-post-thumbnail","6":"product_cat-ahjud","7":"product_cat-caliskan-et","8":"product_tag-stove-et","10":"first","11":"instock","12":"sale","13":"taxable","14":"shipping-taxable","15":"purchasable","16":"product-type-simple"},"acf":[],"_links":{"self":[{"href":"https:\/\/factory.sale\/et\/wp-json\/wp\/v2\/product\/159751","targetHints":{"allow":["GET"]}}],"collection":[{"href":"https:\/\/factory.sale\/et\/wp-json\/wp\/v2\/product"}],"about":[{"href":"https:\/\/factory.sale\/et\/wp-json\/wp\/v2\/types\/product"}],"replies":[{"embeddable":true,"href":"https:\/\/factory.sale\/et\/wp-json\/wp\/v2\/comments?post=159751"}],"wp:featuredmedia":[{"embeddable":true,"href":"https:\/\/factory.sale\/et\/wp-json\/wp\/v2\/media\/159733"}],"wp:attachment":[{"href":"https:\/\/factory.sale\/et\/wp-json\/wp\/v2\/media?parent=159751"}],"wp:term":[{"taxonomy":"factory","embeddable":true,"href":"https:\/\/factory.sale\/et\/wp-json\/wp\/v2\/factory?post=159751"},{"taxonomy":"free-shipment","embeddable":true,"href":"https:\/\/factory.sale\/et\/wp-json\/wp\/v2\/free-shipment?post=159751"},{"taxonomy":"product_brand","embeddable":true,"href":"https:\/\/factory.sale\/et\/wp-json\/wp\/v2\/product_brand?post=159751"},{"taxonomy":"product_cat","embeddable":true,"href":"https:\/\/factory.sale\/et\/wp-json\/wp\/v2\/product_cat?post=159751"},{"taxonomy":"product_tag","embeddable":true,"href":"https:\/\/factory.sale\/et\/wp-json\/wp\/v2\/product_tag?post=159751"}],"curies":[{"name":"wp","href":"https:\/\/api.w.org\/{rel}","templated":true}]}}