{"id":159729,"date":"2026-04-25T22:13:52","date_gmt":"2026-04-25T19:16:02","guid":{"rendered":"https:\/\/factory.sale\/?post_type=product&#038;p=159729"},"modified":"2026-04-25T22:16:04","modified_gmt":"2026-04-25T19:16:04","slug":"caliskan-602-ratastega-korv-kuttepuude-hoiustamiseks","status":"publish","type":"product","link":"https:\/\/factory.sale\/et\/toode\/caliskan-602-ratastega-korv-kuttepuude-hoiustamiseks\/","title":{"rendered":"\u00c7al\u0131\u015fkan 602 ratastega korv k\u00fcttepuude hoiustamiseks"},"content":{"rendered":"<p>Hoia oma k\u00fcttepuud korrastatult ja alati k\u00e4ep\u00e4rast \u00c7al\u0131\u015fkan 602 k\u00fcttepuude korviga. Praktilisuse ja stiili \u00fchendamiseks loodud vastupidav alus k\u00fcttepuudele on ideaalne lahendus kamina, pliidi, sauna v\u00f5i v\u00e4lisk\u00fctteala k\u00f5rvale.<\/p>\n<p>Selle kompaktne, kuid mahukas disain pakub 80-liitrist mahutavust, v\u00f5imaldades hoiustada piisava koguse k\u00fcttepuid ning hoida ruum puhta ja organiseerituna. T\u00e4nu liikuvatele ratastele saab korvi mugavalt ja vaevata liigutada t\u00e4pselt sinna, kus seda parasjagu vajad.<\/p>\n<p>Toode on viimistletud l\u00f6\u00f6gikindla mati elektrostaatilise pol\u00fcmeerv\u00e4rviga, mis tagab suure vastupidavuse igap\u00e4evasele kasutamisele ning annab elegantse kaasaegse v\u00e4limuse.<br \/>\nPikaajaliseks kasutamiseks loodud \u00c7al\u0131\u015fkan 602 korv k\u00fcttepuudele \u00fchendab vastupidavuse, liikuvuse ja stiilse praktilisuse.<\/p>\n<p>&nbsp;<\/p>\n<p>&nbsp;<\/p>\n<p><strong>Tehnilised andmed:<\/strong><\/p>\n<ul>\n<li>M\u00f5\u00f5dud: s\u00fcgavus 46 \u00d7 laius 40 \u00d7 k\u00f5rgus 72 cm<\/li>\n<li>Mahutavus: 80 liitrit<\/li>\n<li>Kaal: 16 kg<\/li>\n<li>Viimistlus: l\u00f6\u00f6gikindel matt elektrostaatiline pol\u00fcmeerv\u00e4rv<\/li>\n<li>Omadused: rattad lihtsaks liigutamiseks<\/li>\n<\/ul>\n","protected":false},"excerpt":{"rendered":"<p>\u00c7al\u0131\u015fkan 602 ratastega k\u00fcttepuude korv. Stiilne ja vastupidav 80 liitrise mahutavusega alus k\u00fcttepuude hoiustamiseks. Ideaalne kamina, pliidi v\u00f5i sauna k\u00f5rvale.<\/p>\n","protected":false},"featured_media":159715,"comment_status":"open","ping_status":"closed","template":"","meta":{"_acf_changed":false},"factory":[],"free-shipment":[],"product_brand":[],"product_cat":[1247,2786],"product_tag":[1892,301],"class_list":{"0":"post-159729","1":"product","2":"type-product","3":"status-publish","4":"has-post-thumbnail","6":"product_cat-ahjud","7":"product_cat-caliskan-et","8":"product_tag-stove-et","9":"product_tag-wood-et-2","11":"first","12":"instock","13":"sale","14":"taxable","15":"shipping-taxable","16":"purchasable","17":"product-type-simple"},"acf":[],"_links":{"self":[{"href":"https:\/\/factory.sale\/et\/wp-json\/wp\/v2\/product\/159729","targetHints":{"allow":["GET"]}}],"collection":[{"href":"https:\/\/factory.sale\/et\/wp-json\/wp\/v2\/product"}],"about":[{"href":"https:\/\/factory.sale\/et\/wp-json\/wp\/v2\/types\/product"}],"replies":[{"embeddable":true,"href":"https:\/\/factory.sale\/et\/wp-json\/wp\/v2\/comments?post=159729"}],"wp:featuredmedia":[{"embeddable":true,"href":"https:\/\/factory.sale\/et\/wp-json\/wp\/v2\/media\/159715"}],"wp:attachment":[{"href":"https:\/\/factory.sale\/et\/wp-json\/wp\/v2\/media?parent=159729"}],"wp:term":[{"taxonomy":"factory","embeddable":true,"href":"https:\/\/factory.sale\/et\/wp-json\/wp\/v2\/factory?post=159729"},{"taxonomy":"free-shipment","embeddable":true,"href":"https:\/\/factory.sale\/et\/wp-json\/wp\/v2\/free-shipment?post=159729"},{"taxonomy":"product_brand","embeddable":true,"href":"https:\/\/factory.sale\/et\/wp-json\/wp\/v2\/product_brand?post=159729"},{"taxonomy":"product_cat","embeddable":true,"href":"https:\/\/factory.sale\/et\/wp-json\/wp\/v2\/product_cat?post=159729"},{"taxonomy":"product_tag","embeddable":true,"href":"https:\/\/factory.sale\/et\/wp-json\/wp\/v2\/product_tag?post=159729"}],"curies":[{"name":"wp","href":"https:\/\/api.w.org\/{rel}","templated":true}]}}