{"id":152102,"date":"2026-04-13T10:29:13","date_gmt":"2026-04-13T07:29:14","guid":{"rendered":"https:\/\/factory.sale\/?post_type=product&#038;p=152102"},"modified":"2026-04-13T12:58:51","modified_gmt":"2026-04-13T09:58:51","slug":"estadesign-premium-voodiliistud-120x200","status":"publish","type":"product","link":"https:\/\/factory.sale\/et\/toode\/estadesign-premium-voodiliistud-120x200\/","title":{"rendered":"Estadesign Premium Voodiliistud 120&#215;200"},"content":{"rendered":"<p>Premium voodilipid \u00fclimaks tugevuseks ja mugavuseks<\/p>\n<h2><span style=\"font-size: 14pt;\">Estadesign Premium Voodiliistud &#8211; kindel ja taskukohane lahendus<\/span><\/h2>\n<p>Voodiliistud on valmistatud 100% FSC-sertifitseeritud kase t\u00e4ispuidust. Need on usaldusv\u00e4\u00e4rne ja taskukohane lahendus, mis pakub kindlat tuge igap\u00e4evaseks kasutuseks. Liistude paigutus on optimaalne, et tagada madratsile stabiilsus ja voodi alusele \u00f5huline struktuur. K\u00f5ik voodilipid on l\u00e4binud vastupidavustestid, mis kinnitavad nende t\u00f6\u00f6kindlust ja pikaealisust.<\/p>\n<p><strong>Peamised eelised:<\/strong><\/p>\n<ul>\n<li>Vastupidavus &#8211; talub kuni 1000 kg koormust<\/li>\n<li>Testitud t\u00f6\u00f6kindlus &#8211; l\u00e4binud vastupidavustestid igap\u00e4evaseks kasutuseks<\/li>\n<li>Keskkonnas\u00f5bralik &#8211; naturaalsed materjalid, ilma keemiliste lisandita<\/li>\n<li>\u00d5huringlus &#8211; tagab hea ventilatsiooni voodi all<\/li>\n<li>Lihtne paigaldus &#8211; tarnitakse valmis kujul, t\u00f6\u00f6riistu pole vaja<\/li>\n<li>Universaalne kogemus &#8211; erinevates laiustes 70-200 cm, pikkus 200 cm<\/li>\n<\/ul>\n<p><strong>T\u00f5sta oma unekvaliteet uuele tasemele &#8211; vali Premium-voodilipid!<\/strong><\/p>\n<p>&nbsp;<\/p>\n","protected":false},"excerpt":{"rendered":"<p>Tugevad kase t\u00e4ispuidust voodilipid tervislikuks uneks!<\/p>\n<p>Voodiliistud on valmistatud 100% FSC-sertifitseeritud kase t\u00e4ispuidust &#8211; vastupidav, keskkonnas\u00e4\u00e4stlik ja testitud lahendus, mis tagab madratsi stabiilsuse, hea ventilatsiooni ja pika kasutusea.<\/p>\n<p>Tehnilised andmed:<\/p>\n<p>Kaal: 14,6 kg<br \/>\nPikkus: 200 cm<br \/>\nLaius: 120 cm<br \/>\nKasti m\u00f5\u00f5dud: 121,5 x 23,5 x 9,5 cm<br \/>\nMaterjalid: T\u00e4ispuidust kask<\/p>\n","protected":false},"featured_media":145979,"comment_status":"open","ping_status":"closed","template":"","meta":{"_acf_changed":false},"factory":[],"free-shipment":[],"product_brand":[5028,4569],"product_cat":[714,3104],"product_tag":[],"class_list":{"0":"post-152102","1":"product","2":"type-product","3":"status-publish","4":"has-post-thumbnail","6":"product_brand-estadesign","7":"product_brand-estaparket","8":"product_cat-moobel","9":"product_cat-voodid","11":"first","12":"instock","13":"sale","14":"taxable","15":"shipping-taxable","16":"purchasable","17":"product-type-simple"},"acf":[],"_links":{"self":[{"href":"https:\/\/factory.sale\/et\/wp-json\/wp\/v2\/product\/152102","targetHints":{"allow":["GET"]}}],"collection":[{"href":"https:\/\/factory.sale\/et\/wp-json\/wp\/v2\/product"}],"about":[{"href":"https:\/\/factory.sale\/et\/wp-json\/wp\/v2\/types\/product"}],"replies":[{"embeddable":true,"href":"https:\/\/factory.sale\/et\/wp-json\/wp\/v2\/comments?post=152102"}],"wp:featuredmedia":[{"embeddable":true,"href":"https:\/\/factory.sale\/et\/wp-json\/wp\/v2\/media\/145979"}],"wp:attachment":[{"href":"https:\/\/factory.sale\/et\/wp-json\/wp\/v2\/media?parent=152102"}],"wp:term":[{"taxonomy":"factory","embeddable":true,"href":"https:\/\/factory.sale\/et\/wp-json\/wp\/v2\/factory?post=152102"},{"taxonomy":"free-shipment","embeddable":true,"href":"https:\/\/factory.sale\/et\/wp-json\/wp\/v2\/free-shipment?post=152102"},{"taxonomy":"product_brand","embeddable":true,"href":"https:\/\/factory.sale\/et\/wp-json\/wp\/v2\/product_brand?post=152102"},{"taxonomy":"product_cat","embeddable":true,"href":"https:\/\/factory.sale\/et\/wp-json\/wp\/v2\/product_cat?post=152102"},{"taxonomy":"product_tag","embeddable":true,"href":"https:\/\/factory.sale\/et\/wp-json\/wp\/v2\/product_tag?post=152102"}],"curies":[{"name":"wp","href":"https:\/\/api.w.org\/{rel}","templated":true}]}}