{"id":151990,"date":"2026-04-12T21:29:27","date_gmt":"2026-04-12T18:42:33","guid":{"rendered":"https:\/\/factory.sale\/?post_type=product&#038;p=151990"},"modified":"2026-04-12T21:49:07","modified_gmt":"2026-04-12T18:49:07","slug":"lukas-ex-classic-kumblustunn-7-9-inimesele","status":"publish","type":"product","link":"https:\/\/factory.sale\/et\/toode\/lukas-ex-classic-kumblustunn-7-9-inimesele\/","title":{"rendered":"Lukas Ex Classic K\u00fcmblust\u00fcnn 7\u20139 inimesele"},"content":{"rendered":"<p>See kandiline k\u00fcmblust\u00fcnn \u00fchendab kaasaegse disaini ja praktilise funktsionaalsuse. V\u00e4lise kerise paigutus tagab avarama sisemuse, v\u00f5imaldades mugavalt rohkematel inimestel t\u00fcnni nautida. Selle puhtad jooned ja tugev konstruktsioon muudavad selle stiilseks ning vastupidavaks l\u00f5\u00f5gastuspaigaks sinu aias, pakkudes nii visuaalset ilu kui ka praktilisi eeliseid.<\/p>\n<p>&nbsp;<\/p>\n<ul>\n<li>Naturaalsest puidust v\u00f5i WPC v\u00e4lisviimistlus ilmastikukindla pinnat\u00f6\u00f6tlusega<\/li>\n<li>Mahutavus: 7\u20139 inimest<\/li>\n<li>Sisu: akr\u00fc\u00fcl<\/li>\n<li>M\u00f5\u00f5dud: 2,2 \u00d7 2,2 m<\/li>\n<li>K\u00f5rgus: 0,85 m<\/li>\n<li>Komplekti kuuluv keris: AISI 304 (v\u00e4line)<\/li>\n<li>Sobib: aedadesse, terrassidele<\/li>\n<li>Saadaval reguleeritavad RGB LED-valgustid<\/li>\n<li>Soojustatud<\/li>\n<li>Celsium trepp<\/li>\n<\/ul>\n<p>&nbsp;<\/p>\n<p>* Iga toode on valmistatud naturaalsest puidust, mist\u00f5ttu v\u00f5ivad l\u00f5plik toon ja puidumuster n\u00e4idispiltidest veidi erineda.<\/p>\n<p>&nbsp;<\/p>\n<p><strong>Baaskomplekt sisaldab:<\/strong><\/p>\n<ul>\n<li>Akr\u00fc\u00fclist sisu<\/li>\n<li>Keris (304) koos korstnaga<\/li>\n<li>Standardtrepp<\/li>\n<li>V\u00e4rvitud viimistlus<\/li>\n<\/ul>\n<p>V\u00e4lisv\u00e4rvid: bee\u017e, hall, eeben, tiigipuu, p\u00e4hkel<\/p>\n<p><img loading=\"lazy\" decoding=\"async\" class=\"alignnone wp-image-140959\" src=\"https:\/\/factory.sale\/wp-content\/uploads\/2026\/03\/Spruce-colours-300x53.png\" alt=\"\" width=\"379\" height=\"67\" srcset=\"https:\/\/factory.sale\/wp-content\/uploads\/2026\/03\/Spruce-colours-300x53.png 300w, https:\/\/factory.sale\/wp-content\/uploads\/2026\/03\/Spruce-colours-150x26.png 150w, https:\/\/factory.sale\/wp-content\/uploads\/2026\/03\/Spruce-colours.png 342w\" sizes=\"auto, (max-width: 379px) 100vw, 379px\" \/><\/p>\n<p>&nbsp;<\/p>\n<p>&nbsp;<\/p>\n<p>&nbsp;<\/p>\n<p><strong>LISAVARUSTUS:<\/strong><\/p>\n<ul>\n<li>Akr\u00fc\u00fclsisu v\u00e4rv:<br \/>\nValge<br \/>\nHall<br \/>\nValge marmor + 80.50\u20ac<br \/>\nMust marmor + 80.50\u20ac<br \/>\nKohvimarmor + 80.50\u20ac<br \/>\nPruun marmor + 80.50\u20ac<\/li>\n<\/ul>\n<p><img loading=\"lazy\" decoding=\"async\" class=\"alignnone wp-image-146864\" src=\"https:\/\/factory.sale\/wp-content\/uploads\/2026\/04\/Acrylic-insert-hot-tub-factory-sale-300x37.png\" alt=\"\" width=\"469\" height=\"58\" srcset=\"https:\/\/factory.sale\/wp-content\/uploads\/2026\/04\/Acrylic-insert-hot-tub-factory-sale-300x37.png 300w, https:\/\/factory.sale\/wp-content\/uploads\/2026\/04\/Acrylic-insert-hot-tub-factory-sale-1024x127.png 1024w, https:\/\/factory.sale\/wp-content\/uploads\/2026\/04\/Acrylic-insert-hot-tub-factory-sale-150x19.png 150w, https:\/\/factory.sale\/wp-content\/uploads\/2026\/04\/Acrylic-insert-hot-tub-factory-sale-768x95.png 768w, https:\/\/factory.sale\/wp-content\/uploads\/2026\/04\/Acrylic-insert-hot-tub-factory-sale-600x74.png 600w, https:\/\/factory.sale\/wp-content\/uploads\/2026\/04\/Acrylic-insert-hot-tub-factory-sale.png 1262w\" sizes=\"auto, (max-width: 469px) 100vw, 469px\" \/><\/p>\n<ul>\n<li>V\u00e4lisviimistlus:<br \/>\nKuusepuit<br \/>\nP\u00f5letatud kuusk + 241.50\u20ac<br \/>\nTermopuit + 257.60\u20ac<br \/>\nPuitkomposiit (WPC) + 402.50\u20ac<\/li>\n<\/ul>\n<p><img loading=\"lazy\" decoding=\"async\" class=\"alignnone wp-image-146808\" src=\"https:\/\/factory.sale\/wp-content\/uploads\/2026\/04\/Exterior-finish-factory-sale-300x64.png\" alt=\"\" width=\"431\" height=\"92\" srcset=\"https:\/\/factory.sale\/wp-content\/uploads\/2026\/04\/Exterior-finish-factory-sale-300x64.png 300w, https:\/\/factory.sale\/wp-content\/uploads\/2026\/04\/Exterior-finish-factory-sale-150x32.png 150w, https:\/\/factory.sale\/wp-content\/uploads\/2026\/04\/Exterior-finish-factory-sale-768x164.png 768w, https:\/\/factory.sale\/wp-content\/uploads\/2026\/04\/Exterior-finish-factory-sale-600x128.png 600w, https:\/\/factory.sale\/wp-content\/uploads\/2026\/04\/Exterior-finish-factory-sale.png 860w\" sizes=\"auto, (max-width: 431px) 100vw, 431px\" \/><\/p>\n<p><img loading=\"lazy\" decoding=\"async\" class=\"alignnone size-medium wp-image-146873\" src=\"https:\/\/factory.sale\/wp-content\/uploads\/2026\/04\/Celsium-cladding-options-factory-sale-300x117.png\" alt=\"\" width=\"300\" height=\"117\" srcset=\"https:\/\/factory.sale\/wp-content\/uploads\/2026\/04\/Celsium-cladding-options-factory-sale-300x117.png 300w, https:\/\/factory.sale\/wp-content\/uploads\/2026\/04\/Celsium-cladding-options-factory-sale-150x59.png 150w, https:\/\/factory.sale\/wp-content\/uploads\/2026\/04\/Celsium-cladding-options-factory-sale-600x234.png 600w, https:\/\/factory.sale\/wp-content\/uploads\/2026\/04\/Celsium-cladding-options-factory-sale.png 620w\" sizes=\"auto, (max-width: 300px) 100vw, 300px\" \/><\/p>\n<ul>\n<li>Trepid (kuusk):<br \/>\nStandard<br \/>\nT\u00fc\u00fcp A<br \/>\nT\u00fc\u00fcp B<br \/>\nCelsium + 209.30\u20ac<\/li>\n<li>Trepid (p\u00f5letatud kuusk \/ termom\u00e4nd \/ WPC):<br \/>\nStandard<br \/>\nT\u00fc\u00fcp A<br \/>\nT\u00fc\u00fcp B<br \/>\nCelsium + 241.50\u20ac<\/li>\n<\/ul>\n<p><img loading=\"lazy\" decoding=\"async\" class=\"alignnone wp-image-146870\" src=\"https:\/\/factory.sale\/wp-content\/uploads\/2026\/04\/Celsium-stairs-factory-sale-300x202.png\" alt=\"\" width=\"380\" height=\"256\" srcset=\"https:\/\/factory.sale\/wp-content\/uploads\/2026\/04\/Celsium-stairs-factory-sale-300x202.png 300w, https:\/\/factory.sale\/wp-content\/uploads\/2026\/04\/Celsium-stairs-factory-sale-150x101.png 150w, https:\/\/factory.sale\/wp-content\/uploads\/2026\/04\/Celsium-stairs-factory-sale-600x404.png 600w, https:\/\/factory.sale\/wp-content\/uploads\/2026\/04\/Celsium-stairs-factory-sale.png 740w\" sizes=\"auto, (max-width: 380px) 100vw, 380px\" \/><\/p>\n<ul>\n<li>Termokaas:<br \/>\nMust kaas + 305.90\u20ac<br \/>\nHall kaas + 305.90\u20ac<br \/>\nPruun kaas + 305.90\u20ac<\/li>\n<\/ul>\n<p><img loading=\"lazy\" decoding=\"async\" class=\"alignnone wp-image-146876\" src=\"https:\/\/factory.sale\/wp-content\/uploads\/2026\/04\/Celsium-hot-tub-cover-factory-sale-300x76.png\" alt=\"\" width=\"414\" height=\"105\" srcset=\"https:\/\/factory.sale\/wp-content\/uploads\/2026\/04\/Celsium-hot-tub-cover-factory-sale-300x76.png 300w, https:\/\/factory.sale\/wp-content\/uploads\/2026\/04\/Celsium-hot-tub-cover-factory-sale-150x38.png 150w, https:\/\/factory.sale\/wp-content\/uploads\/2026\/04\/Celsium-hot-tub-cover-factory-sale-600x151.png 600w, https:\/\/factory.sale\/wp-content\/uploads\/2026\/04\/Celsium-hot-tub-cover-factory-sale.png 626w\" sizes=\"auto, (max-width: 414px) 100vw, 414px\" \/><\/p>\n<ul>\n<li>D\u00fc\u00fcsis\u00fcsteemid (v\u00f5imalik kombineerida h\u00fcdromassaa\u017ei- ja \u00f5humullis\u00fcsteemi):<br \/>\n\u00d5humullis\u00fcsteem 0,7 kW, 12 d\u00fc\u00fcsi + 135.70\u20ac<br \/>\nH\u00fcdromassaa\u017eis\u00fcsteem 16 d\u00fc\u00fcsiga, 2,2 kW + 296.70\u20ac<br \/>\nH\u00fcdromassaa\u017eis\u00fcsteem 20 d\u00fc\u00fcsiga, 2,2 kW + 345.00\u20ac<\/li>\n<li>Veealune valgustus (v\u00f5imalik kombineerida 65 mm ja mini LED-valgustust):<br \/>\nVeealune 65 mm RGB LED-valgusti (1 tk) + 42.55\u20ac<br \/>\nVeealune 65 mm RGB LED-valgusti (2 tk) + 51.75\u20ac<br \/>\nVeealune 65 mm RGB LED-valgusti (3 tk) + 60.95\u20ac<br \/>\nVeealune mini RGB LED-valgustus (10 tk) + 57.50\u20ac<\/li>\n<li>V\u00e4lisvalgustus (v\u00f5imalik kombineerida mini LED-valgustust, LED-riba t\u00fcnni all ja LED-riba sisu all):<br \/>\nV\u00e4limine mini RGB LED-valgustus (12 tk) + 57.50\u20ac<br \/>\nLED-riba sisu all + 93.15\u20ac<br \/>\nTermovahtisolatsioon + 161.00\u20ac<\/li>\n<li>Elektriline veesoojendi:<br \/>\nElektriline veesoojendi 3 kW + 209.30\u20ac<br \/>\nElektriline veesoojendi 6 kW + 595.70\u20ac<br \/>\nElektriline veesoojendi 9 kW + 614.10\u20ac<\/li>\n<li>Filtris\u00fcsteem ja UV-lamp:<br \/>\nLiivafilter + 289.80\u20ac<br \/>\nUV-lamp + 515.20\u20ac<\/li>\n<li>Panipaigakast filtrile:<br \/>\nKuusk + 103.50\u20ac<br \/>\nTermopuit + 120.75\u20ac<br \/>\nP\u00f5letatud kuusk + 120.75\u20ac<br \/>\nWPC + 151.80\u20ac<\/li>\n<li>Kerise materjal:<br \/>\nAISI 304 roostevaba teras + 0.00\u20ac<br \/>\nAISI 316 roostevaba teras + 241.50\u20ac<\/li>\n<li>Lisatarvikud:<br \/>\nPeatoed (kuni 6 tk) + 16.10\u20ac<br \/>\nJoogihoidjad (kuni 4 tk), kuusk \/ termopuit \/ WPC + 32.20\u20ac<br \/>\nIntegreeritud elektrooniline puuteekraaniga juhtpaneel + 161.00\u20ac<br \/>\nIntegreeritud elektrooniline termomeeter + 24.15\u20ac<br \/>\n90-kraadine kerise \u00fchendus (v\u00e4lise kerise jaoks) + 16.10\u20ac<\/li>\n<\/ul>\n","protected":false},"excerpt":{"rendered":"<p>See kandiline k\u00fcmblust\u00fcnn \u00fchendab kaasaegse disaini ja praktilise funktsionaalsuse. V\u00e4lise kerise paigutus tagab avarama sisemuse, v\u00f5imaldades mugavalt rohkematel inimestel t\u00fcnni nautida. Selle puhtad jooned ja tugev konstruktsioon muudavad selle stiilseks ning vastupidavaks l\u00f5\u00f5gastuspaigaks sinu aias, pakkudes nii visuaalset ilu kui ka praktilisi eeliseid.<\/p>\n","protected":false},"featured_media":151938,"comment_status":"open","ping_status":"closed","template":"","meta":{"_acf_changed":false},"factory":[5046],"free-shipment":[],"product_brand":[],"product_cat":[2209],"product_tag":[2842],"class_list":{"0":"post-151990","1":"product","2":"type-product","3":"status-publish","4":"has-post-thumbnail","6":"factory-celsium","7":"product_cat-kumblustunnid","8":"product_tag-hot-tub-et","10":"first","11":"instock","12":"sale","13":"taxable","14":"shipping-taxable","15":"purchasable","16":"product-type-simple"},"acf":[],"_links":{"self":[{"href":"https:\/\/factory.sale\/et\/wp-json\/wp\/v2\/product\/151990","targetHints":{"allow":["GET"]}}],"collection":[{"href":"https:\/\/factory.sale\/et\/wp-json\/wp\/v2\/product"}],"about":[{"href":"https:\/\/factory.sale\/et\/wp-json\/wp\/v2\/types\/product"}],"replies":[{"embeddable":true,"href":"https:\/\/factory.sale\/et\/wp-json\/wp\/v2\/comments?post=151990"}],"wp:featuredmedia":[{"embeddable":true,"href":"https:\/\/factory.sale\/et\/wp-json\/wp\/v2\/media\/151938"}],"wp:attachment":[{"href":"https:\/\/factory.sale\/et\/wp-json\/wp\/v2\/media?parent=151990"}],"wp:term":[{"taxonomy":"factory","embeddable":true,"href":"https:\/\/factory.sale\/et\/wp-json\/wp\/v2\/factory?post=151990"},{"taxonomy":"free-shipment","embeddable":true,"href":"https:\/\/factory.sale\/et\/wp-json\/wp\/v2\/free-shipment?post=151990"},{"taxonomy":"product_brand","embeddable":true,"href":"https:\/\/factory.sale\/et\/wp-json\/wp\/v2\/product_brand?post=151990"},{"taxonomy":"product_cat","embeddable":true,"href":"https:\/\/factory.sale\/et\/wp-json\/wp\/v2\/product_cat?post=151990"},{"taxonomy":"product_tag","embeddable":true,"href":"https:\/\/factory.sale\/et\/wp-json\/wp\/v2\/product_tag?post=151990"}],"curies":[{"name":"wp","href":"https:\/\/api.w.org\/{rel}","templated":true}]}}