{"id":14827,"date":"2022-10-17T07:11:10","date_gmt":"2022-10-28T14:54:28","guid":{"rendered":"https:\/\/factory.sale\/?post_type=product&#038;p=14827"},"modified":"2024-06-26T10:30:52","modified_gmt":"2024-06-26T10:30:52","slug":"risen-545w-paikesepaneel-rsm110-8-530m-555m-hobedane-raam","status":"publish","type":"product","link":"https:\/\/factory.sale\/et\/toode\/risen-545w-paikesepaneel-rsm110-8-530m-555m-hobedane-raam\/","title":{"rendered":"RISEN 545W P\u00c4IKESEPANEEL \u2013 RSM110-8-530M-555M, H\u00d5BEDANE RAAM"},"content":{"rendered":"<p>RISEN 540W ja 110 elemendiga p\u00e4ikesepaneele saab kombineerida mis tahes turul oleva p\u00e4ikeseinverteriga, samuti uusima p\u00f5lvkonna liitiumakudega, aga ka traditsiooniliste pliiakudega ja geel\/AGM akudega koos vastava laadimisregulaatoriga. Suministros del Solis pakume nii maailmakuulsaid p\u00e4ikesepaneele kui ka k\u00f5iki selle komponente, nii nende p\u00e4ikeseinverterites, p\u00e4ikesepaneelides, laadimiskontrollerites kui ka p\u00e4ikesepatareides.<\/p>\n<p>RISEN Energy Co., Ltd on Meilinis asuv rahvusvaheline ettev\u00f5te, millel on laialdased kogemused fotogalvaanilise sektori alal. RISENil on kvaliteediosakond, mis on v\u00f5imaldanud hankida k\u00f5ige rangemad garantii- ja toimivussertifikaadid. Lisaks on ettev\u00f5ttel suur uurimis- ja arendusmeeskond, mis on v\u00f5imaldanud tal arendada suuri edusamme ja toota mooduleid, mis sisaldavad turu uusimat tehnoloogiat.<\/p>\n<p>&nbsp;<\/p>\n<p>&nbsp;<\/p>\n<p><img loading=\"lazy\" decoding=\"async\" class=\"alignnone wp-image-14308\" src=\"https:\/\/factory.sale\/wp-content\/uploads\/2022\/10\/Risen-540W-Solar-Panel-RSM110-8-535M-555M-DATA-242x300.jpg\" alt=\"\" width=\"773\" height=\"958\" srcset=\"https:\/\/factory.sale\/wp-content\/uploads\/2022\/10\/Risen-540W-Solar-Panel-RSM110-8-535M-555M-DATA-242x300.jpg 242w, https:\/\/factory.sale\/wp-content\/uploads\/2022\/10\/Risen-540W-Solar-Panel-RSM110-8-535M-555M-DATA-121x150.jpg 121w, https:\/\/factory.sale\/wp-content\/uploads\/2022\/10\/Risen-540W-Solar-Panel-RSM110-8-535M-555M-DATA-826x1024.jpg 826w, https:\/\/factory.sale\/wp-content\/uploads\/2022\/10\/Risen-540W-Solar-Panel-RSM110-8-535M-555M-DATA-600x744.jpg 600w\" sizes=\"auto, (max-width: 773px) 100vw, 773px\" \/><\/p>\n<p><strong>Minimaalne tellimus on 4 t\u00fckki.\u00a0<\/strong><\/p>\n<p><a href=\"https:\/\/factory.sale\/wp-content\/uploads\/2022\/10\/RSM110-8-535-555M-35mm-1.pdf\" target=\"_blank\" rel=\"noopener noreferrer\">Lae alla andmeleht &#8211; \u00a0RSM110-8-535-555M 35mm<\/a><\/p>\n<p>&nbsp;<\/p>\n<p>&nbsp;<\/p>\n<p>&nbsp;<\/p>\n","protected":false},"excerpt":{"rendered":"<p>Risen 540W p\u00e4ikesepaneel \u2013 RSM110-8-535M-555M on 110 elemendiga 540W monokristallmoodul. RISEN on \u00fcks juhtivaid elementide tootjaid fotogalvaanilise elektrienergia turul, mille k\u00f5ik moodulid vastavad k\u00f5rgeimatele kvaliteedistandarditele. RISEN p\u00e4ikesepaneelidel on 12-aastane tootegarantii ja 25-aastane lineaarv\u00f5imsuse garantii.<\/p>\n<p>Paneeli m\u00f5\u00f5dud: 2384*1096*35mm | Kaal: 29 kg.<\/p>\n<p>Ideaalne nii v\u00f5rguv\u00e4liste kui ka v\u00f5rku \u00fchendatud p\u00e4ikesepatareide jaoks. Need paneelid paistavad silma oma uskumatu kvaliteedi ja hinna suhte poolest.<\/p>\n","protected":false},"featured_media":14312,"comment_status":"open","ping_status":"closed","template":"","meta":{"_acf_changed":false},"factory":[],"free-shipment":[],"product_brand":[],"product_cat":[1413,965],"product_tag":[3002],"class_list":{"0":"post-14827","1":"product","2":"type-product","3":"status-publish","4":"has-post-thumbnail","6":"product_cat-risen-energy","7":"product_cat-taastuv-energia","8":"product_tag-renewable-energy-et","10":"first","11":"instock","12":"sale","13":"taxable","14":"shipping-taxable","15":"purchasable","16":"product-type-simple"},"acf":[],"_links":{"self":[{"href":"https:\/\/factory.sale\/et\/wp-json\/wp\/v2\/product\/14827","targetHints":{"allow":["GET"]}}],"collection":[{"href":"https:\/\/factory.sale\/et\/wp-json\/wp\/v2\/product"}],"about":[{"href":"https:\/\/factory.sale\/et\/wp-json\/wp\/v2\/types\/product"}],"replies":[{"embeddable":true,"href":"https:\/\/factory.sale\/et\/wp-json\/wp\/v2\/comments?post=14827"}],"wp:featuredmedia":[{"embeddable":true,"href":"https:\/\/factory.sale\/et\/wp-json\/wp\/v2\/media\/14312"}],"wp:attachment":[{"href":"https:\/\/factory.sale\/et\/wp-json\/wp\/v2\/media?parent=14827"}],"wp:term":[{"taxonomy":"factory","embeddable":true,"href":"https:\/\/factory.sale\/et\/wp-json\/wp\/v2\/factory?post=14827"},{"taxonomy":"free-shipment","embeddable":true,"href":"https:\/\/factory.sale\/et\/wp-json\/wp\/v2\/free-shipment?post=14827"},{"taxonomy":"product_brand","embeddable":true,"href":"https:\/\/factory.sale\/et\/wp-json\/wp\/v2\/product_brand?post=14827"},{"taxonomy":"product_cat","embeddable":true,"href":"https:\/\/factory.sale\/et\/wp-json\/wp\/v2\/product_cat?post=14827"},{"taxonomy":"product_tag","embeddable":true,"href":"https:\/\/factory.sale\/et\/wp-json\/wp\/v2\/product_tag?post=14827"}],"curies":[{"name":"wp","href":"https:\/\/api.w.org\/{rel}","templated":true}]}}