{"id":14820,"date":"2022-10-17T09:56:04","date_gmt":"2022-10-28T07:42:23","guid":{"rendered":"https:\/\/factory.sale\/?post_type=product&#038;p=14820"},"modified":"2024-06-26T15:22:40","modified_gmt":"2024-06-26T15:22:40","slug":"14820","status":"publish","type":"product","link":"https:\/\/factory.sale\/et\/toode\/14820\/","title":{"rendered":"Risen 450 W p\u00e4ikesepaneel, RSM144-7-450BMDG (bifacial) h\u00f5bedane raam"},"content":{"rendered":"<p><img loading=\"lazy\" decoding=\"async\" class=\"alignnone wp-image-14327\" src=\"https:\/\/factory.sale\/wp-content\/uploads\/2022\/10\/RSM144-7-450BMDG-254x300.jpg\" alt=\"\" width=\"825\" height=\"974\" srcset=\"https:\/\/factory.sale\/wp-content\/uploads\/2022\/10\/RSM144-7-450BMDG-254x300.jpg 254w, https:\/\/factory.sale\/wp-content\/uploads\/2022\/10\/RSM144-7-450BMDG-127x150.jpg 127w, https:\/\/factory.sale\/wp-content\/uploads\/2022\/10\/RSM144-7-450BMDG-868x1024.jpg 868w, https:\/\/factory.sale\/wp-content\/uploads\/2022\/10\/RSM144-7-450BMDG-600x708.jpg 600w\" sizes=\"auto, (max-width: 825px) 100vw, 825px\" \/><\/p>\n<p>&nbsp;<\/p>\n<p><a href=\"https:\/\/factory.sale\/wp-content\/uploads\/2022\/10\/Risen_mono_perc445_144cell.pdf\" target=\"_blank\" rel=\"noopener noreferrer\">Lae tooteleht alla &#8211; RSM144-7-450BMDG<\/a><\/p>\n","protected":false},"excerpt":{"rendered":"<p><strong>Kaubam\u00e4rk:<\/strong> SOLAR RISEN<br \/>\n<strong>Mudel:<\/strong> RSM144-7-450BMDG<br \/>\n<strong>Kaubanduslik kood:<\/strong> RSM144-7-450BMDG<br \/>\n<strong>Keskmine elektritootmine<\/strong> (kWh\/kuus) : 56,25<br \/>\n<strong>L\u00fchisvool<\/strong> (A): \u00a011,50<br \/>\n<strong>Mooduli nimiv\u00f5imsus<\/strong> (Wp): 450<br \/>\n<strong>Lahtise vooluahela pinge<\/strong> (V): 49,70<br \/>\n<strong>Maksimaalne toitepinge<\/strong> (V) :41,30<br \/>\n<strong>Maksimaalne v\u00f5imsusvool<\/strong> (A) : 10,90<br \/>\n<strong>Aasta keskmine energiatootmine<\/strong> (kWh\/aastas): 675<br \/>\n<strong>Energiat\u00f5husus<\/strong> (%) :20,20%<br \/>\n<strong>Energiat\u00f5hususe klass:<\/strong> THE<br \/>\n<strong>Fotogalvaanilise elemendi t\u00fc\u00fcpi monokristalliline r\u00e4ni:<\/strong> (PERC)<br \/>\n<strong>Fotogalvaanilise mooduli pindala<\/strong> (m\u00b2): \u00a02.23<br \/>\n<strong>Laius<\/strong> (cm): 104,80<br \/>\n<strong>S\u00fcgavus<\/strong> (mm): 40<br \/>\n<strong>Pikkus<\/strong> (cm) : 210,8<br \/>\n<strong>Kaal<\/strong> (kg) : 29.00<\/p>\n","protected":false},"featured_media":14331,"comment_status":"open","ping_status":"closed","template":"","meta":{"_acf_changed":false},"factory":[],"free-shipment":[],"product_brand":[],"product_cat":[1413,965],"product_tag":[3002],"class_list":{"0":"post-14820","1":"product","2":"type-product","3":"status-publish","4":"has-post-thumbnail","6":"product_cat-risen-energy","7":"product_cat-taastuv-energia","8":"product_tag-renewable-energy-et","10":"first","11":"instock","12":"sale","13":"taxable","14":"shipping-taxable","15":"purchasable","16":"product-type-simple"},"acf":[],"_links":{"self":[{"href":"https:\/\/factory.sale\/et\/wp-json\/wp\/v2\/product\/14820","targetHints":{"allow":["GET"]}}],"collection":[{"href":"https:\/\/factory.sale\/et\/wp-json\/wp\/v2\/product"}],"about":[{"href":"https:\/\/factory.sale\/et\/wp-json\/wp\/v2\/types\/product"}],"replies":[{"embeddable":true,"href":"https:\/\/factory.sale\/et\/wp-json\/wp\/v2\/comments?post=14820"}],"wp:featuredmedia":[{"embeddable":true,"href":"https:\/\/factory.sale\/et\/wp-json\/wp\/v2\/media\/14331"}],"wp:attachment":[{"href":"https:\/\/factory.sale\/et\/wp-json\/wp\/v2\/media?parent=14820"}],"wp:term":[{"taxonomy":"factory","embeddable":true,"href":"https:\/\/factory.sale\/et\/wp-json\/wp\/v2\/factory?post=14820"},{"taxonomy":"free-shipment","embeddable":true,"href":"https:\/\/factory.sale\/et\/wp-json\/wp\/v2\/free-shipment?post=14820"},{"taxonomy":"product_brand","embeddable":true,"href":"https:\/\/factory.sale\/et\/wp-json\/wp\/v2\/product_brand?post=14820"},{"taxonomy":"product_cat","embeddable":true,"href":"https:\/\/factory.sale\/et\/wp-json\/wp\/v2\/product_cat?post=14820"},{"taxonomy":"product_tag","embeddable":true,"href":"https:\/\/factory.sale\/et\/wp-json\/wp\/v2\/product_tag?post=14820"}],"curies":[{"name":"wp","href":"https:\/\/api.w.org\/{rel}","templated":true}]}}