{"id":14815,"date":"2022-10-17T15:23:16","date_gmt":"2022-10-28T07:38:24","guid":{"rendered":"https:\/\/factory.sale\/?post_type=product&#038;p=14815"},"modified":"2024-06-27T16:07:22","modified_gmt":"2024-06-27T16:07:22","slug":"risen-jager-plus-410w","status":"publish","type":"product","link":"https:\/\/factory.sale\/et\/toode\/risen-jager-plus-410w\/","title":{"rendered":"Risen J\u00e4ger Plus 410W"},"content":{"rendered":"<p><strong>Risen J\u00e4ger Plus 410W Mono PERC 144 Half-Cell \u2013 RSM144-6-410M p\u00e4ikesemoodul<\/strong><\/p>\n<p>Risen J\u00e4ger Plus 410W p\u00e4ikesepaneel on monokristalliline PERC moodul, mis sobib ideaalselt omatarbimiseks ja t\u00f6\u00f6stuslikeks p\u00e4ikesepatareiseadmeteks, mis soovivad saada maksimaalset v\u00f5imsust ruutmeetri kohta. Kvaliteetsed ja vastupidavad moodulid, valmistatud monokristallilisest r\u00e4nist anodeeritud alumiiniumraamiga.<\/p>\n<p>RISENi uutel \u00fclit\u00f5husatel paneelidel on 144 jagatud elemendis 9 siinitehnoloogiat, mis v\u00e4ldib voolukadusid ja tagab maksimaalse j\u00f5udluse isegi siis, kui moodulit m\u00f5jutavad osalised varjud.<\/p>\n<p>RISEN 410W ja 144 elemendiga p\u00e4ikesepaneele saab kombineerida mis tahes turul oleva p\u00e4ikeseinverteriga, samuti uusima p\u00f5lvkonna liitiumakudega, aga ka traditsiooniliste plii-happe- ja GEL\/AGM akudega koos vastava laadimisregulaatoriga. Suministros del Solis pakume nii \u00fclemaailmselt tunnustatud p\u00e4ikesepaneele kui ka k\u00f5iki selle komponente, nii p\u00e4ikeseenergia inverterites, p\u00e4ikesepaneelides, laadimiskontrollerites ja p\u00e4ikesepatareides.<\/p>\n<p>RISEN Energy Co., Ltd on Meilinis asuv rahvusvaheline ettev\u00f5te, millel on laialdased kogemused fotogalvaanilise sektori alal. RISENil on kvaliteediosakond, mis on v\u00f5imaldanud hankida k\u00f5ige rangemad garantii- ja toimivussertifikaadid. Lisaks on ettev\u00f5ttel suur uurimis- ja arendusmeeskond, mis on v\u00f5imaldanud tal arendada suuri edusamme ja toota mooduleid, mis sisaldavad turu uusimat tehnoloogiat.<\/p>\n<p>RISEN J\u00e4ger Plus 410W mono PERC 144 poolelemendipaneeli funktsioonid<\/p>\n<p><strong>Half Cell Technology &#8211; 9 siini<\/strong><\/p>\n<p>410 W monokristallilisel p\u00e4ikesepaneelil RISEN on 9 siinitehnoloogiat koos l\u00fchemate poolelementidega, mis on sisemiselt \u00fchendatud kahe seeriana. See v\u00e4hendab voolukadusid ja suurendab j\u00f5udlust isegi siis, kui moodulit m\u00f5jutab osaline varjutus.<\/p>\n<p><strong>V\u00f5imsus ja j\u00f5udlus isegi v\u00e4hese valguse tingimustes<\/strong><\/p>\n<p>RISENi monokristallilised moodulid pakuvad suurep\u00e4rast reaktsiooni isegi \u00e4\u00e4rmuslike temperatuuride v\u00f5i madala p\u00e4ikesekiirguse tingimustes, n\u00e4iteks pilvestel p\u00e4evadel, koidikul v\u00f5i h\u00e4maras.<\/p>\n<p><strong>K\u00f5rge keskkonnaga kohanemisv\u00f5ime<\/strong><\/p>\n<p>Fotogalvaaniliste elementide t\u00e4iustatud tekstureeritud klaaspind pakub \u00fcletamatut vastupidavust meresoola, ammoniaagi, tolmu v\u00f5i liiva k\u00f5rgele tasemele.<\/p>\n<p><strong>Pikem vastupidavus t\u00e4nu mehaanilisele vastupidavusele<\/strong><\/p>\n<p>RISEN p\u00e4ikesepaneelid taluvad lumes kuni 5400Pa ja tuules kuni 2400Pa koormust.<\/p>\n<p><strong>RISEN J\u00e4ger Plus 410W Mono PERC 144 Half-Cell mooduli rakendused<\/strong><\/p>\n<p>RISEN RSM144-6-410M p\u00e4ikesepaneeli ostmisel on mitu rakendust. Seda saab kasutada elektriv\u00f5rku \u00fchendamiseks kasutatavates p\u00e4ikeseenergiaseadmetes ja isoleeritud paigaldistes alati koos vastava p\u00e4ikeseregulaatori ja p\u00e4ikeseenergia inverteriga. Kasutusalad elamute p\u00e4ikeseenergiaseadmetes, t\u00f6\u00f6stussektoris ja p\u00f5llumajandussektoris p\u00e4ikeseenergia veepumbaseadmetes. Nende \u00fclit\u00f5husate RISEN p\u00e4ikesepaneelide suureks eeliseks on see, et t\u00e4nu kuni 410W v\u00e4ljundv\u00f5imsusele saab neid kasutada paigaldistes, kus ruumi on v\u00e4he ja soovime saavutada maksimaalset j\u00f5udlust ruutmeetri kohta.<\/p>\n<p><img loading=\"lazy\" decoding=\"async\" class=\"alignnone wp-image-14345\" src=\"https:\/\/factory.sale\/wp-content\/uploads\/2022\/10\/J\u00e4ger-plus-254x300.jpg\" alt=\"\" width=\"957\" height=\"1131\" srcset=\"https:\/\/factory.sale\/wp-content\/uploads\/2022\/10\/J\u00e4ger-plus-254x300.jpg 254w, https:\/\/factory.sale\/wp-content\/uploads\/2022\/10\/J\u00e4ger-plus-127x150.jpg 127w, https:\/\/factory.sale\/wp-content\/uploads\/2022\/10\/J\u00e4ger-plus-600x708.jpg 600w\" sizes=\"auto, (max-width: 957px) 100vw, 957px\" \/><\/p>\n<p>&nbsp;<\/p>\n<p><a href=\"https:\/\/factory.sale\/wp-content\/uploads\/2022\/10\/RISEN_410.pdf\" target=\"_blank\" rel=\"noopener noreferrer\">Lae alla tooteleht &#8211;\u00a0<strong>Risen J\u00e4ger Plus RSM144-6-410M<\/strong>\u00a0<\/a><\/p>\n","protected":false},"excerpt":{"rendered":"<p><strong>Risen J\u00e4ger Plus RSM144-6-410M<\/strong> p\u00e4ikesepaneel on 410 W monokristallmoodul, millel on 144 Half-Cell tehnoloogiat. RISEN on \u00fcks juhtivaid elementide tootjaid fotogalvaanilise elektrienergia turul ja k\u00f5ik selle moodulid vastavad k\u00f5rgeimatele kvaliteedistandarditele. RISENi p\u00e4ikesepaneelidel on 12-aastane tootegarantii ja 25-aastane lineaarne elektrigarantii.<\/p>\n<p>Paneeli m\u00f5\u00f5dud: 2015*996*40mm | Kaal: 23 kg.<\/p>\n<p>Ideaalne nii v\u00f5rguv\u00e4liste kui ka v\u00f5rku \u00fchendatud fotogalvaaniliste p\u00e4ikeseenergiaseadmete jaoks. Need paneelid paistavad silma oma uskumatu kvaliteedi ja hinna suhte poolest.<\/p>\n","protected":false},"featured_media":14349,"comment_status":"open","ping_status":"closed","template":"","meta":{"_acf_changed":false},"factory":[],"free-shipment":[],"product_brand":[],"product_cat":[1413,965],"product_tag":[3002],"class_list":{"0":"post-14815","1":"product","2":"type-product","3":"status-publish","4":"has-post-thumbnail","6":"product_cat-risen-energy","7":"product_cat-taastuv-energia","8":"product_tag-renewable-energy-et","10":"first","11":"instock","12":"sale","13":"taxable","14":"shipping-taxable","15":"purchasable","16":"product-type-simple"},"acf":[],"_links":{"self":[{"href":"https:\/\/factory.sale\/et\/wp-json\/wp\/v2\/product\/14815","targetHints":{"allow":["GET"]}}],"collection":[{"href":"https:\/\/factory.sale\/et\/wp-json\/wp\/v2\/product"}],"about":[{"href":"https:\/\/factory.sale\/et\/wp-json\/wp\/v2\/types\/product"}],"replies":[{"embeddable":true,"href":"https:\/\/factory.sale\/et\/wp-json\/wp\/v2\/comments?post=14815"}],"wp:featuredmedia":[{"embeddable":true,"href":"https:\/\/factory.sale\/et\/wp-json\/wp\/v2\/media\/14349"}],"wp:attachment":[{"href":"https:\/\/factory.sale\/et\/wp-json\/wp\/v2\/media?parent=14815"}],"wp:term":[{"taxonomy":"factory","embeddable":true,"href":"https:\/\/factory.sale\/et\/wp-json\/wp\/v2\/factory?post=14815"},{"taxonomy":"free-shipment","embeddable":true,"href":"https:\/\/factory.sale\/et\/wp-json\/wp\/v2\/free-shipment?post=14815"},{"taxonomy":"product_brand","embeddable":true,"href":"https:\/\/factory.sale\/et\/wp-json\/wp\/v2\/product_brand?post=14815"},{"taxonomy":"product_cat","embeddable":true,"href":"https:\/\/factory.sale\/et\/wp-json\/wp\/v2\/product_cat?post=14815"},{"taxonomy":"product_tag","embeddable":true,"href":"https:\/\/factory.sale\/et\/wp-json\/wp\/v2\/product_tag?post=14815"}],"curies":[{"name":"wp","href":"https:\/\/api.w.org\/{rel}","templated":true}]}}