{"id":14805,"date":"2022-10-27T09:43:14","date_gmt":"2022-10-27T09:44:00","guid":{"rendered":"https:\/\/factory.sale\/?post_type=product&#038;p=14805"},"modified":"2024-07-06T16:54:59","modified_gmt":"2024-07-06T16:54:59","slug":"infire-insignio","status":"publish","type":"product","link":"https:\/\/factory.sale\/et\/toode\/infire-insignio\/","title":{"rendered":"InFire Insignio"},"content":{"rendered":"<p>INSIGNIO mudel on kaasaegne iseseisev kamin. Selle ainulaadne vorm sobib ideaalselt maja interj\u00f6\u00f6ri, nii klassikalise kui ka modernse iseloomuga. Kamin on kahepoolne, nii et see v\u00f5ib paikneda ruumis igas kohas, mis v\u00f5imaldab tuld nautida kahest erinevast k\u00fcljest.<\/p>\n<p>&nbsp;<\/p>\n<p><strong>Lisainformatsioon:<\/strong><\/p>\n<ul>\n<li>M\u00f5\u00f5dud: 1100 x 750 x 300 mm<\/li>\n<li>Kolle: 500 mm = 1 l<\/li>\n<li>P\u00f5lemine: 2-4 tundi<\/li>\n<li>Klaas: karastatud klaas 4 mm, toonitud<\/li>\n<li>Garantii: 24 kuud<\/li>\n<li>V\u00e4rv: valge, must<\/li>\n<li>Montaa\u017e: eraldiseisev<\/li>\n<\/ul>\n","protected":false},"excerpt":{"rendered":"<p>INSIGNIO mudel on kaasaegne iseseisev kamin. Selle ainulaadne vorm sobib ideaalselt maja interj\u00f6\u00f6ri, nii klassikalise kui ka modernse iseloomuga. Kamin on kahepoolne, nii et see v\u00f5ib paikneda ruumis igas kohas, mis v\u00f5imaldab tuld nautida kahest erinevast k\u00fcljest.<\/p>\n","protected":false},"featured_media":14794,"comment_status":"open","ping_status":"closed","template":"","meta":{"_acf_changed":false},"factory":[],"free-shipment":[],"product_brand":[],"product_cat":[1253,2630],"product_tag":[],"class_list":{"0":"post-14805","1":"product","2":"type-product","3":"status-publish","4":"has-post-thumbnail","6":"product_cat-bio-kaminad","7":"product_cat-infire-et","9":"first","10":"instock","11":"sale","12":"taxable","13":"shipping-taxable","14":"purchasable","15":"product-type-simple"},"acf":[],"_links":{"self":[{"href":"https:\/\/factory.sale\/et\/wp-json\/wp\/v2\/product\/14805","targetHints":{"allow":["GET"]}}],"collection":[{"href":"https:\/\/factory.sale\/et\/wp-json\/wp\/v2\/product"}],"about":[{"href":"https:\/\/factory.sale\/et\/wp-json\/wp\/v2\/types\/product"}],"replies":[{"embeddable":true,"href":"https:\/\/factory.sale\/et\/wp-json\/wp\/v2\/comments?post=14805"}],"wp:featuredmedia":[{"embeddable":true,"href":"https:\/\/factory.sale\/et\/wp-json\/wp\/v2\/media\/14794"}],"wp:attachment":[{"href":"https:\/\/factory.sale\/et\/wp-json\/wp\/v2\/media?parent=14805"}],"wp:term":[{"taxonomy":"factory","embeddable":true,"href":"https:\/\/factory.sale\/et\/wp-json\/wp\/v2\/factory?post=14805"},{"taxonomy":"free-shipment","embeddable":true,"href":"https:\/\/factory.sale\/et\/wp-json\/wp\/v2\/free-shipment?post=14805"},{"taxonomy":"product_brand","embeddable":true,"href":"https:\/\/factory.sale\/et\/wp-json\/wp\/v2\/product_brand?post=14805"},{"taxonomy":"product_cat","embeddable":true,"href":"https:\/\/factory.sale\/et\/wp-json\/wp\/v2\/product_cat?post=14805"},{"taxonomy":"product_tag","embeddable":true,"href":"https:\/\/factory.sale\/et\/wp-json\/wp\/v2\/product_tag?post=14805"}],"curies":[{"name":"wp","href":"https:\/\/api.w.org\/{rel}","templated":true}]}}