{"id":14785,"date":"2022-10-27T09:20:43","date_gmt":"2022-10-27T09:21:47","guid":{"rendered":"https:\/\/factory.sale\/?post_type=product&#038;p=14785"},"modified":"2024-07-12T15:23:07","modified_gmt":"2024-07-12T12:23:07","slug":"infire-spectrum","status":"publish","type":"product","link":"https:\/\/factory.sale\/et\/toode\/infire-spectrum\/","title":{"rendered":"InFire Spectrum"},"content":{"rendered":"<p>Spectrum mudel on iseseisev kamin, mida iseloomustab kaasaegne disain. Selle ainulaadne vorm sobib nii klassikalise kui ka kaasaegse interj\u00f6\u00f6riga. Seda saab erinevate v\u00e4rvilahenduste t\u00f5ttu interj\u00f6\u00f6riga kohandada. Toonitud (karastatud) klaasid muudavad tule atmosf\u00e4\u00e4riliseks, tagades samal ajal kasutamise ohutuse. Spectrum kamin oli disainitud nii, et selle alumist osa saaks kasutada riiulina.<\/p>\n<p>Kamin on kahepoolne, mist\u00f5ttu v\u00f5ib see asuda igas kohas, mitte tingimata vastu seina, mis annab v\u00f5imaluse nautida tuld kahest erinevast k\u00fcljest v\u00f5i kahes erinevas ruumis.<\/p>\n<p><strong>Lisainformatsioon:<\/strong><\/p>\n<ul>\n<li>M\u00f5\u00f5dud: 1100 x 920 x 250 mm<\/li>\n<li>Kolle: 800mm = 2 l<\/li>\n<li>P\u00f5lemine: 2-4 tundi<\/li>\n<li>Klaas: 2 karastatud 4mm klaaspaneeli &#8211; toonitud<\/li>\n<li>Garantii: 24 kuud<\/li>\n<li>V\u00e4rv: valge<\/li>\n<li>Montaa\u017e: eraldiseisev<\/li>\n<\/ul>\n","protected":false},"excerpt":{"rendered":"<p>Spectrum mudel on iseseisev kamin, mida iseloomustab kaasaegne disain. Selle ainulaadne vorm sobib nii klassikalise kui ka kaasaegse interj\u00f6\u00f6riga. Seda saab erinevate v\u00e4rvilahenduste t\u00f5ttu interj\u00f6\u00f6riga kohandada. Toonitud (karastatud) klaasid muudavad tule atmosf\u00e4\u00e4riliseks, tagades samal ajal kasutamise ohutuse. Spectrum kamin oli disainitud nii, et selle alumist osa saaks kasutada riiulina.<\/p>\n","protected":false},"featured_media":14774,"comment_status":"open","ping_status":"closed","template":"","meta":{"_acf_changed":false},"factory":[],"free-shipment":[],"product_brand":[],"product_cat":[1253,2630],"product_tag":[],"class_list":{"0":"post-14785","1":"product","2":"type-product","3":"status-publish","4":"has-post-thumbnail","6":"product_cat-bio-kaminad","7":"product_cat-infire-et","9":"first","10":"instock","11":"sale","12":"taxable","13":"shipping-taxable","14":"purchasable","15":"product-type-simple"},"acf":[],"_links":{"self":[{"href":"https:\/\/factory.sale\/et\/wp-json\/wp\/v2\/product\/14785","targetHints":{"allow":["GET"]}}],"collection":[{"href":"https:\/\/factory.sale\/et\/wp-json\/wp\/v2\/product"}],"about":[{"href":"https:\/\/factory.sale\/et\/wp-json\/wp\/v2\/types\/product"}],"replies":[{"embeddable":true,"href":"https:\/\/factory.sale\/et\/wp-json\/wp\/v2\/comments?post=14785"}],"wp:featuredmedia":[{"embeddable":true,"href":"https:\/\/factory.sale\/et\/wp-json\/wp\/v2\/media\/14774"}],"wp:attachment":[{"href":"https:\/\/factory.sale\/et\/wp-json\/wp\/v2\/media?parent=14785"}],"wp:term":[{"taxonomy":"factory","embeddable":true,"href":"https:\/\/factory.sale\/et\/wp-json\/wp\/v2\/factory?post=14785"},{"taxonomy":"free-shipment","embeddable":true,"href":"https:\/\/factory.sale\/et\/wp-json\/wp\/v2\/free-shipment?post=14785"},{"taxonomy":"product_brand","embeddable":true,"href":"https:\/\/factory.sale\/et\/wp-json\/wp\/v2\/product_brand?post=14785"},{"taxonomy":"product_cat","embeddable":true,"href":"https:\/\/factory.sale\/et\/wp-json\/wp\/v2\/product_cat?post=14785"},{"taxonomy":"product_tag","embeddable":true,"href":"https:\/\/factory.sale\/et\/wp-json\/wp\/v2\/product_tag?post=14785"}],"curies":[{"name":"wp","href":"https:\/\/api.w.org\/{rel}","templated":true}]}}