{"id":14769,"date":"2022-10-27T08:52:03","date_gmt":"2022-10-27T09:02:20","guid":{"rendered":"https:\/\/factory.sale\/?post_type=product&#038;p=14769"},"modified":"2024-06-26T17:38:44","modified_gmt":"2024-06-26T17:38:44","slug":"infire-inside-u-1000-2","status":"publish","type":"product","link":"https:\/\/factory.sale\/et\/toode\/infire-inside-u-1000-2\/","title":{"rendered":"InFire Inside U 1000.2"},"content":{"rendered":"<p>INSIDE U 1000.2 on kamin, mis paigaldatakse ettevalmistatud ni\u0161\u0161i. See on saadaolevatest s\u00fcvistatavatest mudelitest k\u00f5ige keerukam. Kaminaraam on varustatud \u00f5hutuss\u00fcsteemiga, mis ei lase \u00fclevoolu korral p\u00f5leti alla survet tekitada.<\/p>\n<p>Raam on varustatud ka 3 klaasiga, mis libisevad spetsiaalsetesse siinidesse, et peita k\u00f5ik kinnitused. Kamina karkassil on ka sisseehitatud isolatsioon, mis v\u00f5imaldab seda turvaliselt paigaldada n\u00e4iteks MDF-i v\u00f5i kipsplaadisse, kamin v\u00f5ib olla kaunis ja efektne \u00fchendusl\u00fcli kahe ruumi vahel.<\/p>\n<p>&nbsp;<\/p>\n<p><strong>Lisainformatsioon:<\/strong><\/p>\n<ul>\n<li>M\u00f5\u00f5dud: 1200 x 500 x 300 mm<\/li>\n<li>Kolle: 1000mm = 3L<\/li>\n<li>P\u00f5lemine: 1-2 tundi<\/li>\n<li>Klaas: karastatud klaas 4mm<\/li>\n<li>Garantii: 24 kuud<\/li>\n<li>V\u00e4rv: must<\/li>\n<li>Montaa\u017e: s\u00fcvistatud<\/li>\n<\/ul>\n","protected":false},"excerpt":{"rendered":"<p>INSIDE U 1000.2 on kamin, mis paigaldatakse ettevalmistatud ni\u0161\u0161i. See on saadaolevatest s\u00fcvistatavatest mudelitest k\u00f5ige keerukam. Kaminaraam on varustatud \u00f5hutuss\u00fcsteemiga, mis ei lase \u00fclevoolu korral p\u00f5leti alla survet tekitada.<\/p>\n","protected":false},"featured_media":14758,"comment_status":"open","ping_status":"closed","template":"","meta":{"_acf_changed":false},"factory":[],"free-shipment":[],"product_brand":[],"product_cat":[1253,2630],"product_tag":[],"class_list":{"0":"post-14769","1":"product","2":"type-product","3":"status-publish","4":"has-post-thumbnail","6":"product_cat-bio-kaminad","7":"product_cat-infire-et","9":"first","10":"instock","11":"sale","12":"taxable","13":"shipping-taxable","14":"purchasable","15":"product-type-simple"},"acf":[],"_links":{"self":[{"href":"https:\/\/factory.sale\/et\/wp-json\/wp\/v2\/product\/14769","targetHints":{"allow":["GET"]}}],"collection":[{"href":"https:\/\/factory.sale\/et\/wp-json\/wp\/v2\/product"}],"about":[{"href":"https:\/\/factory.sale\/et\/wp-json\/wp\/v2\/types\/product"}],"replies":[{"embeddable":true,"href":"https:\/\/factory.sale\/et\/wp-json\/wp\/v2\/comments?post=14769"}],"wp:featuredmedia":[{"embeddable":true,"href":"https:\/\/factory.sale\/et\/wp-json\/wp\/v2\/media\/14758"}],"wp:attachment":[{"href":"https:\/\/factory.sale\/et\/wp-json\/wp\/v2\/media?parent=14769"}],"wp:term":[{"taxonomy":"factory","embeddable":true,"href":"https:\/\/factory.sale\/et\/wp-json\/wp\/v2\/factory?post=14769"},{"taxonomy":"free-shipment","embeddable":true,"href":"https:\/\/factory.sale\/et\/wp-json\/wp\/v2\/free-shipment?post=14769"},{"taxonomy":"product_brand","embeddable":true,"href":"https:\/\/factory.sale\/et\/wp-json\/wp\/v2\/product_brand?post=14769"},{"taxonomy":"product_cat","embeddable":true,"href":"https:\/\/factory.sale\/et\/wp-json\/wp\/v2\/product_cat?post=14769"},{"taxonomy":"product_tag","embeddable":true,"href":"https:\/\/factory.sale\/et\/wp-json\/wp\/v2\/product_tag?post=14769"}],"curies":[{"name":"wp","href":"https:\/\/api.w.org\/{rel}","templated":true}]}}