{"id":14752,"date":"2022-10-27T08:45:00","date_gmt":"2022-10-27T08:46:25","guid":{"rendered":"https:\/\/factory.sale\/?post_type=product&#038;p=14752"},"modified":"2024-06-26T12:44:14","modified_gmt":"2024-06-26T12:44:14","slug":"infire-inside-u1000-2","status":"publish","type":"product","link":"https:\/\/factory.sale\/et\/toode\/infire-inside-u1000-2\/","title":{"rendered":"InFire Inside U1000.2"},"content":{"rendered":"<p>INSIDE U 1000.1 mudel on kamin, mis on ettevalmistatud monteerimiseks ettevalmistatud s\u00fcvendisse. See on enim arenenud versioon k\u00f5igist \u00fclesehitamiseks saadaolevatest mudelitest. Kamina karkass on varustatud \u00f5hutuss\u00fcsteemiga, mis takistab k\u00fctuse \u00fclevoolu korral r\u00f5hu tekkimist p\u00f5leti all. Raami sees on ka 3 klaasi, mis on l\u00fckatud spetsiaalsetesse siinidesse, mis v\u00f5imaldab peita k\u00f5ik kinnitused.<\/p>\n<p>Kaminakarkassil on ka sisseehitatud isolatsioon, mis v\u00f5imaldab seda ohutult monteerida nt. MDF v\u00f5i kipsplaat. Kamin v\u00f5ib olla ilus ja t\u00f5hus \u00fchendaja kahe ruumi vahel.<\/p>\n<p>&nbsp;<\/p>\n<p>&nbsp;<\/p>\n<p><strong>Lisainformatsioon:<\/strong><\/p>\n<ul>\n<li>M\u00f5\u00f5tmed:\u00a01000 x 500 x 300 mm<\/li>\n<li>Kolle:\u00a0500mm = 1l<\/li>\n<li>P\u00f5lemine:\u00a03-5 tundi<\/li>\n<li>Klaas:\u00a0Karastatud klaas 4 mm<\/li>\n<li>Garantii: 24 kuud<\/li>\n<li>V\u00e4rv:\u00a0Teras, must<\/li>\n<li>Montaa\u017e:\u00a0S\u00fcvistatud<\/li>\n<\/ul>\n","protected":false},"excerpt":{"rendered":"<p>INSIDE U 1000.1 mudel on kamin, mis on ettevalmistatud monteerimiseks ettevalmistatud s\u00fcvendisse. See on enim arenenud versioon k\u00f5igist \u00fclesehitamiseks saadaolevatest mudelitest. Kamina karkass on varustatud \u00f5hutuss\u00fcsteemiga, mis takistab k\u00fctuse \u00fclevoolu korral r\u00f5hu tekkimist p\u00f5leti all. Raami sees on ka 3 klaasi, mis on l\u00fckatud spetsiaalsetesse siinidesse, mis v\u00f5imaldab peita k\u00f5ik kinnitused.<\/p>\n","protected":false},"featured_media":14741,"comment_status":"open","ping_status":"closed","template":"","meta":{"_acf_changed":false},"factory":[],"free-shipment":[],"product_brand":[],"product_cat":[1252,2624],"product_tag":[],"class_list":{"0":"post-14752","1":"product","2":"type-product","3":"status-publish","4":"has-post-thumbnail","6":"product_cat-bio-fireplaces-2","7":"product_cat-infire","9":"first","10":"instock","11":"sale","12":"taxable","13":"shipping-taxable","14":"purchasable","15":"product-type-simple"},"acf":[],"_links":{"self":[{"href":"https:\/\/factory.sale\/et\/wp-json\/wp\/v2\/product\/14752","targetHints":{"allow":["GET"]}}],"collection":[{"href":"https:\/\/factory.sale\/et\/wp-json\/wp\/v2\/product"}],"about":[{"href":"https:\/\/factory.sale\/et\/wp-json\/wp\/v2\/types\/product"}],"replies":[{"embeddable":true,"href":"https:\/\/factory.sale\/et\/wp-json\/wp\/v2\/comments?post=14752"}],"wp:featuredmedia":[{"embeddable":true,"href":"https:\/\/factory.sale\/et\/wp-json\/wp\/v2\/media\/14741"}],"wp:attachment":[{"href":"https:\/\/factory.sale\/et\/wp-json\/wp\/v2\/media?parent=14752"}],"wp:term":[{"taxonomy":"factory","embeddable":true,"href":"https:\/\/factory.sale\/et\/wp-json\/wp\/v2\/factory?post=14752"},{"taxonomy":"free-shipment","embeddable":true,"href":"https:\/\/factory.sale\/et\/wp-json\/wp\/v2\/free-shipment?post=14752"},{"taxonomy":"product_brand","embeddable":true,"href":"https:\/\/factory.sale\/et\/wp-json\/wp\/v2\/product_brand?post=14752"},{"taxonomy":"product_cat","embeddable":true,"href":"https:\/\/factory.sale\/et\/wp-json\/wp\/v2\/product_cat?post=14752"},{"taxonomy":"product_tag","embeddable":true,"href":"https:\/\/factory.sale\/et\/wp-json\/wp\/v2\/product_tag?post=14752"}],"curies":[{"name":"wp","href":"https:\/\/api.w.org\/{rel}","templated":true}]}}