{"id":14715,"date":"2022-10-27T08:06:08","date_gmt":"2022-10-27T08:11:46","guid":{"rendered":"https:\/\/factory.sale\/?post_type=product&#038;p=14715"},"modified":"2024-06-28T03:27:19","modified_gmt":"2024-06-28T03:27:19","slug":"infire-inside-u800","status":"publish","type":"product","link":"https:\/\/factory.sale\/et\/toode\/infire-inside-u800\/","title":{"rendered":"InFire Inside U800"},"content":{"rendered":"<p>U800 on kamin, mis on ettevalmistatud paigaldamiseks ettevalmistatud ni\u0161\u0161i. Selle konstruktsioon muudab seina paigaldamise lihtsaks, kuna painutatud \u00fclekatted v\u00f5imaldavad katta seina sissel\u00f5igatud avause k\u00f5ikv\u00f5imalikud puudused. See vorm loob tulele raami, mida saab vaadata kolmest k\u00fcljest.<\/p>\n<p>&nbsp;<\/p>\n<p><strong>Lisainformatsioon:<\/strong><\/p>\n<ul>\n<li>M\u00f5\u00f5dud: 800 x 500 x 300 mm<\/li>\n<li>Kolle: 500mm = 1l<\/li>\n<li>P\u00f5lemine: 3-5 tundi<\/li>\n<li>Klaas: karastatud klaas 4 mm<\/li>\n<li>Garantii: 24 kuud<\/li>\n<li>V\u00e4rv: must<\/li>\n<li>Montaa\u017e: s\u00fcvistatud<\/li>\n<\/ul>\n","protected":false},"excerpt":{"rendered":"<p>U800 on kamin, mis on ettevalmistatud paigaldamiseks ettevalmistatud ni\u0161\u0161i. Selle konstruktsioon muudab seina paigaldamise lihtsaks, kuna painutatud \u00fclekatted v\u00f5imaldavad katta seina sissel\u00f5igatud avause k\u00f5ikv\u00f5imalikud puudused. See vorm loob tulele raami, mida saab vaadata kolmest k\u00fcljest.<\/p>\n","protected":false},"featured_media":14703,"comment_status":"open","ping_status":"closed","template":"","meta":{"_acf_changed":false},"factory":[],"free-shipment":[],"product_brand":[],"product_cat":[1253,2630],"product_tag":[],"class_list":{"0":"post-14715","1":"product","2":"type-product","3":"status-publish","4":"has-post-thumbnail","6":"product_cat-bio-kaminad","7":"product_cat-infire-et","9":"first","10":"instock","11":"sale","12":"taxable","13":"shipping-taxable","14":"purchasable","15":"product-type-simple"},"acf":[],"_links":{"self":[{"href":"https:\/\/factory.sale\/et\/wp-json\/wp\/v2\/product\/14715","targetHints":{"allow":["GET"]}}],"collection":[{"href":"https:\/\/factory.sale\/et\/wp-json\/wp\/v2\/product"}],"about":[{"href":"https:\/\/factory.sale\/et\/wp-json\/wp\/v2\/types\/product"}],"replies":[{"embeddable":true,"href":"https:\/\/factory.sale\/et\/wp-json\/wp\/v2\/comments?post=14715"}],"wp:featuredmedia":[{"embeddable":true,"href":"https:\/\/factory.sale\/et\/wp-json\/wp\/v2\/media\/14703"}],"wp:attachment":[{"href":"https:\/\/factory.sale\/et\/wp-json\/wp\/v2\/media?parent=14715"}],"wp:term":[{"taxonomy":"factory","embeddable":true,"href":"https:\/\/factory.sale\/et\/wp-json\/wp\/v2\/factory?post=14715"},{"taxonomy":"free-shipment","embeddable":true,"href":"https:\/\/factory.sale\/et\/wp-json\/wp\/v2\/free-shipment?post=14715"},{"taxonomy":"product_brand","embeddable":true,"href":"https:\/\/factory.sale\/et\/wp-json\/wp\/v2\/product_brand?post=14715"},{"taxonomy":"product_cat","embeddable":true,"href":"https:\/\/factory.sale\/et\/wp-json\/wp\/v2\/product_cat?post=14715"},{"taxonomy":"product_tag","embeddable":true,"href":"https:\/\/factory.sale\/et\/wp-json\/wp\/v2\/product_tag?post=14715"}],"curies":[{"name":"wp","href":"https:\/\/api.w.org\/{rel}","templated":true}]}}