{"id":14698,"date":"2022-10-27T07:51:41","date_gmt":"2022-10-27T07:54:21","guid":{"rendered":"https:\/\/factory.sale\/?post_type=product&#038;p=14698"},"modified":"2024-06-28T23:44:37","modified_gmt":"2024-06-28T23:44:37","slug":"infire-inside-c1200v3","status":"publish","type":"product","link":"https:\/\/factory.sale\/et\/toode\/infire-inside-c1200v3\/","title":{"rendered":"InFire Inside C1200V3"},"content":{"rendered":"<p>C1200v3 on kamin, mis on ettevalmistatud paigaldamiseks ettevalmistatud ni\u0161\u0161i. Selle konstruktsioon muudab seina paigaldamise lihtsaks, kuna painutatud \u00fclekatted v\u00f5imaldavad katta seina sissel\u00f5igatud avause k\u00f5ikv\u00f5imalikud puudused. See vorm loob tulele raami, mida saab vaadata kolmest k\u00fcljest.<\/p>\n<p>&nbsp;<\/p>\n<p><strong>Lisainformatsioon:<\/strong><\/p>\n<ul>\n<li>M\u00f5\u00f5tmed:\u00a01200 x 500 x 200 mm<\/li>\n<li>Kolde:\u00a01000mm = 3L<\/li>\n<li>P\u00f5lemine:\u00a01-2 tundi<\/li>\n<li>Klaas:\u00a0Karastatud klaas 4 mm<\/li>\n<li>Garantii:\u00a024 kuud<\/li>\n<li>V\u00e4rv:\u00a0Must<\/li>\n<li>Montaa\u017e:\u00a0S\u00fcvistatud<\/li>\n<\/ul>\n","protected":false},"excerpt":{"rendered":"<p>C1200v3 on kamin, mis on ettevalmistatud paigaldamiseks ettevalmistatud ni\u0161\u0161i. Selle konstruktsioon muudab seina paigaldamise lihtsaks, kuna painutatud \u00fclekatted v\u00f5imaldavad katta seina sissel\u00f5igatud avause k\u00f5ikv\u00f5imalikud puudused. See vorm loob tulele raami, mida saab vaadata kolmest k\u00fcljest.<\/p>\n","protected":false},"featured_media":14687,"comment_status":"open","ping_status":"closed","template":"","meta":{"_acf_changed":false},"factory":[],"free-shipment":[],"product_brand":[],"product_cat":[1253,2630],"product_tag":[],"class_list":{"0":"post-14698","1":"product","2":"type-product","3":"status-publish","4":"has-post-thumbnail","6":"product_cat-bio-kaminad","7":"product_cat-infire-et","9":"first","10":"instock","11":"sale","12":"taxable","13":"shipping-taxable","14":"purchasable","15":"product-type-simple"},"acf":[],"_links":{"self":[{"href":"https:\/\/factory.sale\/et\/wp-json\/wp\/v2\/product\/14698","targetHints":{"allow":["GET"]}}],"collection":[{"href":"https:\/\/factory.sale\/et\/wp-json\/wp\/v2\/product"}],"about":[{"href":"https:\/\/factory.sale\/et\/wp-json\/wp\/v2\/types\/product"}],"replies":[{"embeddable":true,"href":"https:\/\/factory.sale\/et\/wp-json\/wp\/v2\/comments?post=14698"}],"wp:featuredmedia":[{"embeddable":true,"href":"https:\/\/factory.sale\/et\/wp-json\/wp\/v2\/media\/14687"}],"wp:attachment":[{"href":"https:\/\/factory.sale\/et\/wp-json\/wp\/v2\/media?parent=14698"}],"wp:term":[{"taxonomy":"factory","embeddable":true,"href":"https:\/\/factory.sale\/et\/wp-json\/wp\/v2\/factory?post=14698"},{"taxonomy":"free-shipment","embeddable":true,"href":"https:\/\/factory.sale\/et\/wp-json\/wp\/v2\/free-shipment?post=14698"},{"taxonomy":"product_brand","embeddable":true,"href":"https:\/\/factory.sale\/et\/wp-json\/wp\/v2\/product_brand?post=14698"},{"taxonomy":"product_cat","embeddable":true,"href":"https:\/\/factory.sale\/et\/wp-json\/wp\/v2\/product_cat?post=14698"},{"taxonomy":"product_tag","embeddable":true,"href":"https:\/\/factory.sale\/et\/wp-json\/wp\/v2\/product_tag?post=14698"}],"curies":[{"name":"wp","href":"https:\/\/api.w.org\/{rel}","templated":true}]}}